{"id":18066,"date":"2025-03-03T15:10:55","date_gmt":"2025-03-03T13:10:55","guid":{"rendered":"http:\/\/flameguard.ee.dedi7782.your-server.de\/?post_type=product&#038;p=18066"},"modified":"2026-04-08T15:51:38","modified_gmt":"2026-04-08T12:51:38","slug":"18066","status":"publish","type":"product","link":"https:\/\/flameguard.ee\/da\/product\/18066\/","title":{"rendered":"Gipsbaseret brandh\u00e6mmende m\u00f8rtel"},"content":{"rendered":"<p>Produktet opfylder de tekniske krav og giver effektiv beskyttelse under en r\u00e6kke forskellige forhold og situationer.<\/p>\n<p><a style=\"color: #fe312e;\" href=\"\/wp-content\/uploads\/2025\/03\/ETA-24_1229-of-16_12_2024-MORTAR_EN.pdf\" target=\"_blank\" rel=\"noopener\"><img decoding=\"async\" src=\"\/wp-content\/uploads\/2025\/02\/pdf-icon.webp\" \/> Produktkort<\/a><\/p>\n<p><a style=\"color: #fe312e;\" href=\"\/wp-content\/uploads\/2025\/03\/INTU_FR_MORTAR_TDS_EN_KO_2.0.pdf\" target=\"_blank\" rel=\"noopener\"><img decoding=\"async\" src=\"\/wp-content\/uploads\/2025\/02\/pdf-icon.webp\" \/> Produktkort<\/a><\/p>","protected":false},"excerpt":{"rendered":"<p>INTU FR MORTAR er en gipsbaseret brandh\u00e6mmende m\u00f8rtel (20 kg). Form\u00e5let med at bruge en brandsikringsmasse er at genoprette brandmodstanden af stive v\u00e6gge og gulvkonstruktioner, hvor de er blevet gennemtr\u00e6ngt af forskellige typer kommunikation \u2013 forskellige typer kabler og metalr\u00f8r.<br \/>\nINTU FR MORTAR leveres som t\u00f8rt materiale og blandes med vand i henhold til det kr\u00e6vede forhold f\u00f8r installation. N\u00e5r den blandes, er den selvb\u00e6rende i v\u00e6gretningen, men i tilf\u00e6lde af gulvinstallation har den brug for st\u00f8tte \u2013 en mineraluldsplade.<br \/>\nM\u00f8rtel fylder effektivt \u00e5bninger i service\u00e5bninger og sikrer, at skillev\u00e6ggen bevarer sin integritet og isolering ned til EI240.<\/p>","protected":false},"featured_media":18067,"template":"","meta":[],"product_brand":[],"product_cat":[88],"product_tag":[],"class_list":{"0":"post-18066","1":"product","2":"type-product","3":"status-publish","4":"has-post-thumbnail","6":"product_cat-tuletokketooted","8":"first","9":"instock","10":"taxable","11":"shipping-taxable","12":"purchasable","13":"product-type-simple"},"_links":{"self":[{"href":"https:\/\/flameguard.ee\/da\/wp-json\/wp\/v2\/product\/18066","targetHints":{"allow":["GET"]}}],"collection":[{"href":"https:\/\/flameguard.ee\/da\/wp-json\/wp\/v2\/product"}],"about":[{"href":"https:\/\/flameguard.ee\/da\/wp-json\/wp\/v2\/types\/product"}],"version-history":[{"count":5,"href":"https:\/\/flameguard.ee\/da\/wp-json\/wp\/v2\/product\/18066\/revisions"}],"predecessor-version":[{"id":18204,"href":"https:\/\/flameguard.ee\/da\/wp-json\/wp\/v2\/product\/18066\/revisions\/18204"}],"wp:featuredmedia":[{"embeddable":true,"href":"https:\/\/flameguard.ee\/da\/wp-json\/wp\/v2\/media\/18067"}],"wp:attachment":[{"href":"https:\/\/flameguard.ee\/da\/wp-json\/wp\/v2\/media?parent=18066"}],"wp:term":[{"taxonomy":"product_brand","embeddable":true,"href":"https:\/\/flameguard.ee\/da\/wp-json\/wp\/v2\/product_brand?post=18066"},{"taxonomy":"product_cat","embeddable":true,"href":"https:\/\/flameguard.ee\/da\/wp-json\/wp\/v2\/product_cat?post=18066"},{"taxonomy":"product_tag","embeddable":true,"href":"https:\/\/flameguard.ee\/da\/wp-json\/wp\/v2\/product_tag?post=18066"}],"curies":[{"name":"wp","href":"https:\/\/api.w.org\/{rel}","templated":true}]}}