{"id":18079,"date":"2025-03-03T15:42:18","date_gmt":"2025-03-03T13:42:18","guid":{"rendered":"http:\/\/flameguard.ee.dedi7782.your-server.de\/?post_type=product&#038;p=18079"},"modified":"2025-03-11T09:55:08","modified_gmt":"2025-03-11T07:55:08","slug":"alfa-fireguard-3-matt","status":"publish","type":"product","link":"https:\/\/flameguard.ee\/da\/product\/alpha-fireguard-3-mat\/","title":{"rendered":"ALFA FIREGUARD 3 mat"},"content":{"rendered":"<p>Produktet opfylder de tekniske krav og giver effektiv beskyttelse under en r\u00e6kke forskellige forhold og situationer.<\/p>\n<p><a style=\"color: #fe312e;\" href=\"\/wp-content\/uploads\/2025\/03\/ALFA_FIREGUARD_3_TDS_EN_KO_2.0.pdf\" target=\"_blank\" rel=\"noopener\"><img decoding=\"async\" src=\"\/wp-content\/uploads\/2025\/02\/pdf-icon.webp\" \/> Produktkort<\/a><\/p>\n<p><a style=\"color: #fe312e;\" href=\"\/wp-content\/uploads\/2025\/03\/ETA-25-0029-of-16.01.2025-ALFA-FIREGUARD-3_EN.pdf\" target=\"_blank\" rel=\"noopener\"><img decoding=\"async\" src=\"\/wp-content\/uploads\/2025\/02\/pdf-icon.webp\" \/> Produktkort<\/a><\/p>","protected":false},"excerpt":{"rendered":"<p>ALFA FIREGUARD 3 er en fleksibel m\u00e5tte designet til brandbeskyttelse af ventilationskanaler af metal (i henhold til EN 1366-1) i tilf\u00e6lde af ekstern brand.<br \/>\nProduktet best\u00e5r af en stenuldspude fastgjort til et metalnet. Ydersiden er d\u00e6kket af tr\u00e5dforst\u00e6rket aluminiumsfolie, mens indersiden er d\u00e6kket af glasuldsstof behandlet med et ablativt middel.<br \/>\nMed en tykkelse p\u00e5 kun 30 mm er denne pude nem at installere selv p\u00e5 buede profiler og belaster ikke st\u00f8ttest\u00e6nger, der er certificeret uden yderligere beskyttelse.<\/p>","protected":false},"featured_media":18080,"template":"","meta":[],"product_brand":[],"product_cat":[88],"product_tag":[],"class_list":{"0":"post-18079","1":"product","2":"type-product","3":"status-publish","4":"has-post-thumbnail","6":"product_cat-tuletokketooted","8":"first","9":"instock","10":"taxable","11":"shipping-taxable","12":"purchasable","13":"product-type-simple"},"_links":{"self":[{"href":"https:\/\/flameguard.ee\/da\/wp-json\/wp\/v2\/product\/18079","targetHints":{"allow":["GET"]}}],"collection":[{"href":"https:\/\/flameguard.ee\/da\/wp-json\/wp\/v2\/product"}],"about":[{"href":"https:\/\/flameguard.ee\/da\/wp-json\/wp\/v2\/types\/product"}],"version-history":[{"count":2,"href":"https:\/\/flameguard.ee\/da\/wp-json\/wp\/v2\/product\/18079\/revisions"}],"predecessor-version":[{"id":18095,"href":"https:\/\/flameguard.ee\/da\/wp-json\/wp\/v2\/product\/18079\/revisions\/18095"}],"wp:featuredmedia":[{"embeddable":true,"href":"https:\/\/flameguard.ee\/da\/wp-json\/wp\/v2\/media\/18080"}],"wp:attachment":[{"href":"https:\/\/flameguard.ee\/da\/wp-json\/wp\/v2\/media?parent=18079"}],"wp:term":[{"taxonomy":"product_brand","embeddable":true,"href":"https:\/\/flameguard.ee\/da\/wp-json\/wp\/v2\/product_brand?post=18079"},{"taxonomy":"product_cat","embeddable":true,"href":"https:\/\/flameguard.ee\/da\/wp-json\/wp\/v2\/product_cat?post=18079"},{"taxonomy":"product_tag","embeddable":true,"href":"https:\/\/flameguard.ee\/da\/wp-json\/wp\/v2\/product_tag?post=18079"}],"curies":[{"name":"wp","href":"https:\/\/api.w.org\/{rel}","templated":true}]}}