{"id":18134,"date":"2025-03-05T20:04:07","date_gmt":"2025-03-05T18:04:07","guid":{"rendered":"http:\/\/flameguard.ee.dedi7782.your-server.de\/?post_type=product&#038;p=18134"},"modified":"2025-03-07T18:33:17","modified_gmt":"2025-03-07T16:33:17","slug":"tulekahju-korral-tegutsemise-plaani-koostamine","status":"publish","type":"product","link":"https:\/\/flameguard.ee\/da\/product\/udarbejdelse-af-en-handlingsplan-i-tilfaelde-af-brand\/","title":{"rendered":"Udarbejdelse af en handlingsplan i tilf\u00e6lde af brand"},"content":{"rendered":"<p><b><span data-contrast=\"auto\">Hvorfor bestille en brandhandlingsplan fra en brandsikkerhedsspecialist eller ekspert?<\/span><\/b><span data-ccp-props=\"{}\">\u00a0<\/span><\/p>\n<p><span data-contrast=\"auto\">Flameguard-specialister har indg\u00e5ende viden og erfaring inden for brandsikkerhed. Lovgivning og god praksis \u00e6ndrer sig hele tiden, og uden erfaring er planteksten intet v\u00e6rd, hvis den ikke gennemf\u00f8res korrekt, eller risici ikke vurderes ordentligt. Vi tager h\u00f8jde for den enkelte virksomheds og milj\u00f8ets s\u00e6rlige forhold, hvilket kan p\u00e5virke, hvad vi skal g\u00f8re i tilf\u00e6lde af brand.<\/span><span data-ccp-props=\"{}\">\u00a0<\/span><\/p>\n<p><span data-contrast=\"auto\">Vi har ogs\u00e5 erfaring med at udarbejde handlingsplaner i tilf\u00e6lde af brand i bygninger i udlandet og med at f\u00f8re tilsyn med medarbejdere. Vi hj\u00e6lper med at finde l\u00f8sninger og forebygge problematiske situationer i filmbranchen, koncerter, vandreture, turistture, skibe\/yachter.\u00a0<\/span><span data-ccp-props=\"{}\">\u00a0<\/span><\/p>","protected":false},"excerpt":{"rendered":"<p><span data-contrast=\"auto\">Handlingsplan i tilf\u00e6lde af brand<\/span><span data-contrast=\"auto\">Den sikrer menneskers sikkerhed og forhindrer skade p\u00e5 ejendom og beskriver, hvordan man udf\u00f8rer en sikker evakuering. En ekstra f\u00f8lelse af sikkerhed gives ved at vide, hvor brandsikkerhedsinstallationer er placeret, og hvordan de fungerer.<\/span><span data-ccp-props=\"{}\">\u00a0<\/span><\/p>\n<p><span data-contrast=\"auto\">Form\u00e5let med brandhandlingsplanen er at sikre menneskers sikkerhed og forebygge materielle skader i tilf\u00e6lde af brand, og den beskriver, hvordan de ansvarlige personer kan gennemf\u00f8re en sikker evakuering. Planen skal udarbejdes af en virksomhed eller institution, der har pligt til at indsende en egensynsrapport og foretage et brandsikkerhedseftersyn. Besidderen af bygningen er ansvarlig for udarbejdelsen af planen.<\/span><span data-ccp-props=\"{}\">\u00a0<\/span><\/p>\n<p><span data-contrast=\"auto\">Planen best\u00e5r af en handlingsplan og planer for evakuering og indsats i tilf\u00e6lde af brand og danner grundlag for den teoretiske del af brand\u00f8velsen.<\/span><span data-ccp-props=\"{}\">\u00a0<\/span><\/p>\n<p><span data-contrast=\"auto\">Hvis du har sp\u00f8rgsm\u00e5l eller problemer, vil vores brandsikkerhedsspecialister og eksperter r\u00e5dgive dig.<\/span><span data-ccp-props=\"{}\">\u00a0<\/span><\/p>\n<p><span data-contrast=\"auto\">Prisen for servicen inkluderer 1 times konsultation, og yderligere aktiviteter kortl\u00e6gges og priss\u00e6ttes i henhold til den faktiske arbejdsm\u00e6ngde.<\/span><span data-ccp-props=\"{}\">\u00a0<\/span><\/p>\n<p>&nbsp;<\/p>","protected":false},"featured_media":18455,"template":"","meta":[],"product_brand":[],"product_cat":[118],"product_tag":[],"class_list":{"0":"post-18134","1":"product","2":"type-product","3":"status-publish","4":"has-post-thumbnail","6":"product_cat-tuleohutus","8":"first","9":"instock","10":"taxable","11":"shipping-taxable","12":"purchasable","13":"product-type-simple"},"_links":{"self":[{"href":"https:\/\/flameguard.ee\/da\/wp-json\/wp\/v2\/product\/18134","targetHints":{"allow":["GET"]}}],"collection":[{"href":"https:\/\/flameguard.ee\/da\/wp-json\/wp\/v2\/product"}],"about":[{"href":"https:\/\/flameguard.ee\/da\/wp-json\/wp\/v2\/types\/product"}],"version-history":[{"count":1,"href":"https:\/\/flameguard.ee\/da\/wp-json\/wp\/v2\/product\/18134\/revisions"}],"predecessor-version":[{"id":18139,"href":"https:\/\/flameguard.ee\/da\/wp-json\/wp\/v2\/product\/18134\/revisions\/18139"}],"wp:featuredmedia":[{"embeddable":true,"href":"https:\/\/flameguard.ee\/da\/wp-json\/wp\/v2\/media\/18455"}],"wp:attachment":[{"href":"https:\/\/flameguard.ee\/da\/wp-json\/wp\/v2\/media?parent=18134"}],"wp:term":[{"taxonomy":"product_brand","embeddable":true,"href":"https:\/\/flameguard.ee\/da\/wp-json\/wp\/v2\/product_brand?post=18134"},{"taxonomy":"product_cat","embeddable":true,"href":"https:\/\/flameguard.ee\/da\/wp-json\/wp\/v2\/product_cat?post=18134"},{"taxonomy":"product_tag","embeddable":true,"href":"https:\/\/flameguard.ee\/da\/wp-json\/wp\/v2\/product_tag?post=18134"}],"curies":[{"name":"wp","href":"https:\/\/api.w.org\/{rel}","templated":true}]}}