{"id":18140,"date":"2025-03-05T20:14:43","date_gmt":"2025-03-05T18:14:43","guid":{"rendered":"http:\/\/flameguard.ee.dedi7782.your-server.de\/?post_type=product&#038;p=18140"},"modified":"2025-03-07T18:34:12","modified_gmt":"2025-03-07T16:34:12","slug":"hadaolukorra-lahendamise-plaani-kooskolastamine","status":"publish","type":"product","link":"https:\/\/flameguard.ee\/da\/product\/koordinering-af-en-nodlosningsplan\/","title":{"rendered":"Godkendelse af beredskabsplanen"},"content":{"rendered":"<p><span data-contrast=\"auto\">Instruktioner til oprettelse af en n\u00f8dplan:<\/span><span data-ccp-props=\"{}\">\u00a0<\/span><\/p>\n<ul>\n<li data-leveltext=\"\uf0b7\" data-font=\"Symbol\" data-listid=\"1\" data-list-defn-props=\"{&quot;335552541&quot;:1,&quot;335559685&quot;:720,&quot;335559991&quot;:360,&quot;469769226&quot;:&quot;Symbol&quot;,&quot;469769242&quot;:[8226],&quot;469777803&quot;:&quot;left&quot;,&quot;469777804&quot;:&quot;\uf0b7&quot;,&quot;469777815&quot;:&quot;multilevel&quot;}\" aria-setsize=\"-1\" data-aria-posinset=\"1\" data-aria-level=\"1\"><a href=\"https:\/\/www.rescue.ee\/files\/Materjalid\/24-12-27-holp-vorm-selgitustega.docx?b608a954d0\" target=\"_blank\" rel=\"noopener\"><span data-contrast=\"none\">Guide<\/span><\/a><span data-contrast=\"auto\">- Anbefalet form for virksomhedens beredskabsplan med forklaringer.<\/span><span data-ccp-props=\"{}\">\u00a0<\/span><\/li>\n<\/ul>\n<ul>\n<li data-leveltext=\"\uf0b7\" data-font=\"Symbol\" data-listid=\"1\" data-list-defn-props=\"{&quot;335552541&quot;:1,&quot;335559685&quot;:720,&quot;335559991&quot;:360,&quot;469769226&quot;:&quot;Symbol&quot;,&quot;469769242&quot;:[8226],&quot;469777803&quot;:&quot;left&quot;,&quot;469777804&quot;:&quot;\uf0b7&quot;,&quot;469777815&quot;:&quot;multilevel&quot;}\" aria-setsize=\"-1\" data-aria-posinset=\"2\" data-aria-level=\"1\"><a href=\"https:\/\/www.rescue.ee\/files\/Juhendid\/varajase-hoiatuse-suesteemi-teavitusjuhised-ohtlikele-ja-suuronnetuse-ohuga-ettevotetele-dets-2023.pdf?6866faa5f1\" target=\"_blank\" rel=\"noopener\"><span data-contrast=\"none\">Guide<\/span><\/a><span data-contrast=\"auto\">- Instruktioner til varslingssystem for farlige virksomheder og virksomheder, der risikerer st\u00f8rre ulykker.<\/span><span data-ccp-props=\"{}\">\u00a0<\/span><\/li>\n<\/ul>\n<ul>\n<li data-leveltext=\"\uf0b7\" data-font=\"Symbol\" data-listid=\"1\" data-list-defn-props=\"{&quot;335552541&quot;:1,&quot;335559685&quot;:720,&quot;335559991&quot;:360,&quot;469769226&quot;:&quot;Symbol&quot;,&quot;469769242&quot;:[8226],&quot;469777803&quot;:&quot;left&quot;,&quot;469777804&quot;:&quot;\uf0b7&quot;,&quot;469777815&quot;:&quot;multilevel&quot;}\" aria-setsize=\"-1\" data-aria-posinset=\"3\" data-aria-level=\"1\"><a href=\"https:\/\/www.rescue.ee\/files\/Materjalid\/2024-01-10jvis-haedaolukorra-lahendamise-plaani-lisamine.pdf?b94a49d4c4\" target=\"_blank\" rel=\"noopener\"><span data-contrast=\"none\">Guide<\/span><\/a><span data-contrast=\"auto\">- Indsendelse af dokumenter via JVIS.<\/span><span data-ccp-props=\"{}\">\u00a0<\/span><\/li>\n<\/ul>","protected":false},"excerpt":{"rendered":"<p><span data-contrast=\"auto\">If\u00f8lge kemikalieloven er en beredskabsplan et obligatorisk dokument for en farlig virksomhed med risiko for en st\u00f8rre ulykke.<\/span><span data-ccp-props=\"{}\">\u00a0<\/span><\/p>\n<p><span data-contrast=\"auto\">Kravene til virksomhedens beredskabsplan er fastsat i<\/span><a href=\"https:\/\/www.riigiteataja.ee\/akt\/119022019018#para5\"><span data-contrast=\"none\">01.03<\/span><\/a><a href=\"https:\/\/www.riigiteataja.ee\/akt\/119022019018#para5\"><span data-contrast=\"none\">Forordning nr. 18 af 2016 'Krav til obligatoriske dokumenter fra en virksomhed med risiko for en farlig ulykke og til udarbejdelse heraf samt til de oplysninger, der skal meddeles offentligheden og anmeldelse af ulykker;<\/span><span data-contrast=\"none\">1<\/span><span data-contrast=\"none\">\" \u00a7 5.<\/span><\/a><span data-ccp-props=\"{}\">\u00a0<\/span><\/p>\n<p><span data-contrast=\"auto\">Virksomhedens beredskabsplan koordineres af redningsbestyrelsen.<\/span><span data-ccp-props=\"{}\">\u00a0<\/span><\/p>\n<p><span data-contrast=\"auto\">Hvis du har sp\u00f8rgsm\u00e5l eller problemer, vil vores brandsikkerhedsspecialister og eksperter r\u00e5dgive dig.<\/span><span data-ccp-props=\"{}\">\u00a0<\/span><\/p>\n<p><span data-contrast=\"auto\">Prisen for servicen inkluderer 1 times konsultation, og yderligere aktiviteter kortl\u00e6gges og priss\u00e6ttes i henhold til den faktiske arbejdsm\u00e6ngde.<\/span><span data-ccp-props=\"{}\">\u00a0<\/span><\/p>\n<p>&nbsp;<\/p>","protected":false},"featured_media":18457,"template":"","meta":[],"product_brand":[],"product_cat":[118],"product_tag":[],"class_list":{"0":"post-18140","1":"product","2":"type-product","3":"status-publish","4":"has-post-thumbnail","6":"product_cat-tuleohutus","8":"first","9":"instock","10":"taxable","11":"shipping-taxable","12":"purchasable","13":"product-type-simple"},"_links":{"self":[{"href":"https:\/\/flameguard.ee\/da\/wp-json\/wp\/v2\/product\/18140","targetHints":{"allow":["GET"]}}],"collection":[{"href":"https:\/\/flameguard.ee\/da\/wp-json\/wp\/v2\/product"}],"about":[{"href":"https:\/\/flameguard.ee\/da\/wp-json\/wp\/v2\/types\/product"}],"version-history":[{"count":1,"href":"https:\/\/flameguard.ee\/da\/wp-json\/wp\/v2\/product\/18140\/revisions"}],"predecessor-version":[{"id":18143,"href":"https:\/\/flameguard.ee\/da\/wp-json\/wp\/v2\/product\/18140\/revisions\/18143"}],"wp:featuredmedia":[{"embeddable":true,"href":"https:\/\/flameguard.ee\/da\/wp-json\/wp\/v2\/media\/18457"}],"wp:attachment":[{"href":"https:\/\/flameguard.ee\/da\/wp-json\/wp\/v2\/media?parent=18140"}],"wp:term":[{"taxonomy":"product_brand","embeddable":true,"href":"https:\/\/flameguard.ee\/da\/wp-json\/wp\/v2\/product_brand?post=18140"},{"taxonomy":"product_cat","embeddable":true,"href":"https:\/\/flameguard.ee\/da\/wp-json\/wp\/v2\/product_cat?post=18140"},{"taxonomy":"product_tag","embeddable":true,"href":"https:\/\/flameguard.ee\/da\/wp-json\/wp\/v2\/product_tag?post=18140"}],"curies":[{"name":"wp","href":"https:\/\/api.w.org\/{rel}","templated":true}]}}