{"id":18148,"date":"2025-03-05T20:21:28","date_gmt":"2025-03-05T18:21:28","guid":{"rendered":"http:\/\/flameguard.ee.dedi7782.your-server.de\/?post_type=product&#038;p=18148"},"modified":"2025-03-07T18:43:40","modified_gmt":"2025-03-07T16:43:40","slug":"tulekahju-ja-evakuatsioonioppus-2","status":"publish","type":"product","link":"https:\/\/flameguard.ee\/da\/product\/brand-og-evakueringsovelse-2\/","title":{"rendered":"Brand- og evakuerings\u00f8velse"},"content":{"rendered":"<p><span data-contrast=\"auto\">Organiseringen af brand\u00f8velsen er groft opdelt i fire dele:<\/span><span data-ccp-props=\"{}\">\u00a0<\/span><\/p>\n<p><b><span data-contrast=\"auto\">1. Krav til brand\u00f8velser<\/span><\/b><span data-ccp-props=\"{}\">\u00a0<\/span><\/p>\n<p><span data-contrast=\"auto\">Form\u00e5let med brand\u00f8velsen er at sikre viden og f\u00e6rdigheder til at handle i tilf\u00e6lde af evakuering og brand, samt at vurdere planens egnethed og medarbejdernes kompetencer til at opf\u00f8re sig hensigtsm\u00e6ssigt. \u00d8velsen skal gennemf\u00f8res mindst en gang om \u00e5ret, og det er lederens ansvar at organisere den. Hvis bygningen bruges af flere institutioner eller virksomheder, gennemf\u00f8res en f\u00e6lles \u00f8velse, men den teoretiske uddannelse kan variere, hvis bygningsdelenes anvendelser eller risici er forskellige.<\/span><span data-ccp-props=\"{}\">\u00a0<\/span><\/p>\n<p><b><span data-contrast=\"auto\">2. Legenden om brand\u00f8velsen og deltagelse<\/span><\/b><span data-ccp-props=\"{}\">\u00a0<\/span><\/p>\n<p><span data-contrast=\"auto\">En forklaring med et brandscenarie vil blive udarbejdet til \u00f8velsen. Placeringen, omfanget og den del af planen, der skal praktiseres, vil blive fastlagt. Alle medarbejdere deltager, men hvis ingen kan deltage, gennemf\u00f8res en gentagen tr\u00e6ning eller personlig instruktion. Hvis redningscentret eller beredskabscentret er involveret, skal \u00f8velsen koordineres med dem p\u00e5 forh\u00e5nd.<\/span><span data-ccp-props=\"{}\">\u00a0<\/span><\/p>\n<p><b><span data-contrast=\"auto\">3. Tilrettel\u00e6ggelse af brand\u00f8velsen<\/span><\/b><span data-ccp-props=\"{}\">\u00a0<\/span><\/p>\n<p><span data-contrast=\"auto\">\u00d8velsen best\u00e5r af en teoretisk og en praktisk del. Den teoretiske del omfatter brandsikkerhedsinstruktion i henhold til risikoomr\u00e5derne og handlingsplanen i tilf\u00e6lde af brand. I den praktiske del simuleres brandsituationen og praktisk evakuering eller eventuelle redningsaktiviteter og brug af brandsikkerhedsinstallationer \u00f8ves.\u00a0<\/span><span data-ccp-props=\"{}\">\u00a0<\/span><\/p>\n<p><b><span data-contrast=\"auto\">4. Skriftligt resum\u00e9 af brand\u00f8velsen<\/span><\/b><span data-ccp-props=\"{}\">\u00a0<\/span><\/p>\n<p><span data-contrast=\"auto\">Der vil blive udarbejdet et skriftligt resum\u00e9 af arbejdet inden for en m\u00e5ned, hvor de faktuelle data, de etablerede omst\u00e6ndigheder, opfyldelsen af m\u00e5lene og forslagene vil blive dr\u00f8ftet. Resum\u00e9et afspejler manglerne i planen og foranstaltningerne til at fjerne dem. Dokumentet skal opbevares i fem \u00e5r og skal meddeles arbejdstagerne inden for en m\u00e5ned.<\/span><span data-ccp-props=\"{}\">\u00a0<\/span><\/p>\n<p>&nbsp;<\/p>","protected":false},"excerpt":{"rendered":"<p><span data-contrast=\"auto\">Brandberedskab og evakuerings\u00f8velser giver deltagerne praktiske f\u00e6rdigheder, der kan anvendes med det samme og har f\u00e5et en masse positiv feedback fra kunderne. Tr\u00e6ninger, der er baseret p\u00e5 en brandhandlingsplan, og hvor den beskrevne viden kan bruges i praksis, er v\u00e6rdsat og n\u00f8dvendig for at sikre sikkerheden.<\/span><span data-ccp-props=\"{}\">\u00a0<\/span><\/p>\n<p><a href=\"https:\/\/www.riigiteataja.ee\/akt\/13314859\"><b><span data-contrast=\"none\">Lov om brandsikkerhed<\/span><\/b><\/a><span data-contrast=\"auto\">I henhold til \u00a7 6, stk. 3, er ejeren, der har pligt til at indgive en brandsikkerhedsrapport og tilrettel\u00e6gge et brandtilsyn, forpligtet til at tilrettel\u00e6gge en evakuerings- og brand\u00f8velse en gang \u00e5rligt. Inden for rammerne af evakuerings- og brandberedskabs\u00f8velsen:<\/span><span data-ccp-props=\"{}\">\u00a0<\/span><\/p>\n<ul>\n<li data-leveltext=\"\uf0b7\" data-font=\"Symbol\" data-listid=\"3\" data-list-defn-props=\"{&quot;335552541&quot;:1,&quot;335559685&quot;:720,&quot;335559991&quot;:360,&quot;469769226&quot;:&quot;Symbol&quot;,&quot;469769242&quot;:[8226],&quot;469777803&quot;:&quot;left&quot;,&quot;469777804&quot;:&quot;\uf0b7&quot;,&quot;469777815&quot;:&quot;hybridMultilevel&quot;}\" aria-setsize=\"-1\" data-aria-posinset=\"1\" data-aria-level=\"1\"><span data-contrast=\"auto\">En rigtig brand simuleres;<\/span><span data-ccp-props=\"{}\">\u00a0<\/span><\/li>\n<\/ul>\n<ul>\n<li data-leveltext=\"\uf0b7\" data-font=\"Symbol\" data-listid=\"3\" data-list-defn-props=\"{&quot;335552541&quot;:1,&quot;335559685&quot;:720,&quot;335559991&quot;:360,&quot;469769226&quot;:&quot;Symbol&quot;,&quot;469769242&quot;:[8226],&quot;469777803&quot;:&quot;left&quot;,&quot;469777804&quot;:&quot;\uf0b7&quot;,&quot;469777815&quot;:&quot;hybridMultilevel&quot;}\" aria-setsize=\"-1\" data-aria-posinset=\"2\" data-aria-level=\"1\"><span data-contrast=\"auto\">Aktiviteter, der hj\u00e6lper med at klare sig i en farlig situation, praktiseres.<\/span><span data-ccp-props=\"{}\">\u00a0<\/span><\/li>\n<\/ul>\n<p><strong>Hvis du har sp\u00f8rgsm\u00e5l eller problemer, vil vores brandsikkerhedsspecialister og eksperter r\u00e5dgive dig.\u00a0<\/strong><\/p>\n<p><strong>Prisen for servicen inkluderer 1 times konsultation, og yderligere aktiviteter kortl\u00e6gges og priss\u00e6ttes i henhold til den faktiske arbejdsm\u00e6ngde.\u00a0<\/strong><\/p>\n<p>&nbsp;<\/p>","protected":false},"featured_media":18137,"template":"","meta":[],"product_brand":[],"product_cat":[124,118],"product_tag":[],"class_list":{"0":"post-18148","1":"product","2":"type-product","3":"status-publish","4":"has-post-thumbnail","6":"product_cat-koolitamine","7":"product_cat-tuleohutus","9":"first","10":"instock","11":"taxable","12":"shipping-taxable","13":"purchasable","14":"product-type-simple"},"_links":{"self":[{"href":"https:\/\/flameguard.ee\/da\/wp-json\/wp\/v2\/product\/18148","targetHints":{"allow":["GET"]}}],"collection":[{"href":"https:\/\/flameguard.ee\/da\/wp-json\/wp\/v2\/product"}],"about":[{"href":"https:\/\/flameguard.ee\/da\/wp-json\/wp\/v2\/types\/product"}],"version-history":[{"count":2,"href":"https:\/\/flameguard.ee\/da\/wp-json\/wp\/v2\/product\/18148\/revisions"}],"predecessor-version":[{"id":18469,"href":"https:\/\/flameguard.ee\/da\/wp-json\/wp\/v2\/product\/18148\/revisions\/18469"}],"wp:featuredmedia":[{"embeddable":true,"href":"https:\/\/flameguard.ee\/da\/wp-json\/wp\/v2\/media\/18137"}],"wp:attachment":[{"href":"https:\/\/flameguard.ee\/da\/wp-json\/wp\/v2\/media?parent=18148"}],"wp:term":[{"taxonomy":"product_brand","embeddable":true,"href":"https:\/\/flameguard.ee\/da\/wp-json\/wp\/v2\/product_brand?post=18148"},{"taxonomy":"product_cat","embeddable":true,"href":"https:\/\/flameguard.ee\/da\/wp-json\/wp\/v2\/product_cat?post=18148"},{"taxonomy":"product_tag","embeddable":true,"href":"https:\/\/flameguard.ee\/da\/wp-json\/wp\/v2\/product_tag?post=18148"}],"curies":[{"name":"wp","href":"https:\/\/api.w.org\/{rel}","templated":true}]}}