{"id":18152,"date":"2025-03-05T20:25:13","date_gmt":"2025-03-05T18:25:13","guid":{"rendered":"http:\/\/flameguard.ee.dedi7782.your-server.de\/?post_type=product&#038;p=18152"},"modified":"2025-03-07T18:42:44","modified_gmt":"2025-03-07T16:42:44","slug":"operatiivkaart","status":"publish","type":"product","link":"https:\/\/flameguard.ee\/da\/product\/operationelt-kort\/","title":{"rendered":"Operationelt kort"},"content":{"rendered":"<p><span data-contrast=\"auto\">Operationskortet kan indleveres til Redningsn\u00e6vnet.<\/span><b><span data-contrast=\"auto\">\u202f<\/span><\/b><a href=\"https:\/\/ohutusportaal.paasteamet.ee\/\" target=\"_blank\" rel=\"noopener\"><b><span data-contrast=\"none\">i selvbetjeningsmilj\u00f8et<\/span><\/b><\/a><b><span data-contrast=\"auto\">.<\/span><\/b><span data-ccp-props=\"{}\">\u00a0<\/span><\/p>\n<p><span data-contrast=\"auto\">Der skal indsendes et driftskort for bygningen:<\/span><span data-ccp-props=\"{}\">\u00a0<\/span><\/p>\n<ul>\n<li data-leveltext=\"\uf0b7\" data-font=\"Symbol\" data-listid=\"1\" data-list-defn-props=\"{&quot;335552541&quot;:1,&quot;335559685&quot;:720,&quot;335559991&quot;:360,&quot;469769226&quot;:&quot;Symbol&quot;,&quot;469769242&quot;:[8226],&quot;469777803&quot;:&quot;left&quot;,&quot;469777804&quot;:&quot;\uf0b7&quot;,&quot;469777815&quot;:&quot;multilevel&quot;}\" aria-setsize=\"-1\" data-aria-posinset=\"1\" data-aria-level=\"1\"><span data-contrast=\"auto\">i en virksomhed, der har pligt til at indsende en brandsikkerhedsrapport om egeninspektion<\/span><span data-ccp-props=\"{}\">\u00a0<\/span><\/li>\n<\/ul>\n<ul>\n<li data-leveltext=\"\uf0b7\" data-font=\"Symbol\" data-listid=\"1\" data-list-defn-props=\"{&quot;335552541&quot;:1,&quot;335559685&quot;:720,&quot;335559991&quot;:360,&quot;469769226&quot;:&quot;Symbol&quot;,&quot;469769242&quot;:[8226],&quot;469777803&quot;:&quot;left&quot;,&quot;469777804&quot;:&quot;\uf0b7&quot;,&quot;469777815&quot;:&quot;multilevel&quot;}\" aria-setsize=\"-1\" data-aria-posinset=\"2\" data-aria-level=\"1\"><span data-contrast=\"auto\">til en bygning p\u00e5 ti etager eller mere;<\/span><span data-ccp-props=\"{}\">\u00a0<\/span><\/li>\n<\/ul>\n<ul>\n<li data-leveltext=\"\uf0b7\" data-font=\"Symbol\" data-listid=\"1\" data-list-defn-props=\"{&quot;335552541&quot;:1,&quot;335559685&quot;:720,&quot;335559991&quot;:360,&quot;469769226&quot;:&quot;Symbol&quot;,&quot;469769242&quot;:[8226],&quot;469777803&quot;:&quot;left&quot;,&quot;469777804&quot;:&quot;\uf0b7&quot;,&quot;469777815&quot;:&quot;multilevel&quot;}\" aria-setsize=\"-1\" data-aria-posinset=\"3\" data-aria-level=\"1\"><span data-contrast=\"auto\">en bygning af kulturel v\u00e6rdi<\/span><span data-ccp-props=\"{}\">\u00a0<\/span><\/li>\n<\/ul>\n<ul>\n<li data-leveltext=\"\uf0b7\" data-font=\"Symbol\" data-listid=\"1\" data-list-defn-props=\"{&quot;335552541&quot;:1,&quot;335559685&quot;:720,&quot;335559991&quot;:360,&quot;469769226&quot;:&quot;Symbol&quot;,&quot;469769242&quot;:[8226],&quot;469777803&quot;:&quot;left&quot;,&quot;469777804&quot;:&quot;\uf0b7&quot;,&quot;469777815&quot;:&quot;multilevel&quot;}\" aria-setsize=\"-1\" data-aria-posinset=\"4\" data-aria-level=\"1\"><span data-contrast=\"auto\">bygning, hvor monumenter opbevares.<\/span><span data-ccp-props=\"{}\">\u00a0<\/span><\/li>\n<\/ul>\n<p><span data-contrast=\"auto\">Kriterierne for driftskortet er fastsat i \u00f8konomi- og infrastrukturministerens bekendtg\u00f8relse, som let kan findes i Statstidende, \"Krav til dokumentation af byggeri, opbevaring og levering af byggedokumenter og krav til vedligeholdelsesinstruktioner, opbevaring og indsendelse heraf\".<\/span><span data-ccp-props=\"{}\">\u00a0<\/span><\/p>\n<p><span data-contrast=\"auto\">Mere detaljerede kriterier er fastsat i indenrigsministerens bekendtg\u00f8relse \"Brandsikkerhedskrav til bygninger og krav til brandv\u00e6senets vandforsyning\". Bilag 9 til samme forordning indeholder driftskortets udformning.<\/span><span data-ccp-props=\"{}\">\u00a0<\/span><\/p>\n<p><span data-contrast=\"auto\">Instruktioner og eksempler til indsendelse af et operationelt kort:<\/span><span data-ccp-props=\"{}\">\u00a0<\/span><\/p>\n<ul>\n<li data-leveltext=\"\uf0b7\" data-font=\"Symbol\" data-listid=\"2\" data-list-defn-props=\"{&quot;335552541&quot;:1,&quot;335559685&quot;:720,&quot;335559991&quot;:360,&quot;469769226&quot;:&quot;Symbol&quot;,&quot;469769242&quot;:[8226],&quot;469777803&quot;:&quot;left&quot;,&quot;469777804&quot;:&quot;\uf0b7&quot;,&quot;469777815&quot;:&quot;multilevel&quot;}\" aria-setsize=\"-1\" data-aria-posinset=\"1\" data-aria-level=\"1\"><a href=\"https:\/\/www.rescue.ee\/files\/2019-03\/operatiivkaardi-koostamise-juhend-2019.pdf?f355372656\" target=\"_blank\" rel=\"noopener\"><b><span data-contrast=\"none\">Vejledning i udarbejdelse af et operationelt kort<\/span><\/b><\/a><span data-ccp-props=\"{}\">\u00a0<\/span><\/li>\n<\/ul>\n<ul>\n<li data-leveltext=\"\uf0b7\" data-font=\"Symbol\" data-listid=\"2\" data-list-defn-props=\"{&quot;335552541&quot;:1,&quot;335559685&quot;:720,&quot;335559991&quot;:360,&quot;469769226&quot;:&quot;Symbol&quot;,&quot;469769242&quot;:[8226],&quot;469777803&quot;:&quot;left&quot;,&quot;469777804&quot;:&quot;\uf0b7&quot;,&quot;469777815&quot;:&quot;multilevel&quot;}\" aria-setsize=\"-1\" data-aria-posinset=\"2\" data-aria-level=\"1\"><a href=\"https:\/\/www.rescue.ee\/files\/2018-09\/hoone-operatiivkaardi-vorm.docx?9f52034469\" target=\"_blank\" rel=\"noopener\"><b><span data-contrast=\"none\">Formular til driftskort<\/span><\/b><\/a><span data-ccp-props=\"{}\">\u00a0<\/span><\/li>\n<\/ul>\n<p>&nbsp;<\/p>","protected":false},"excerpt":{"rendered":"<p><span data-contrast=\"auto\">Et operationelt kort betyder en persons forpligtelse til at udarbejde et operationelt kort over den bygning, som han eller hun er i besiddelse af. Driftskortet er en kompakt visning af bygningens tekniske data, brandsikkerhedsinstallationerne i bygningen og andre vigtige oplysninger, der er nyttige for redningsholdet i forbindelse med opklaringen af h\u00e6ndelsen. Forpligtelsen til at freml\u00e6gge et driftskort p\u00e5hviler ejeren af bygningen. Hvis der er flere ejere, skal ejeren af bygningen udpege en person, der er ansvarlig for udarbejdelse og aflevering af driftskortet, som udarbejder og indsender et driftskort over bygningen til det regionale redningscenter. Den regionale redningscentral gennemg\u00e5r det fremsendte operationskort og kontakter om n\u00f8dvendigt den person, der har indsendt operationskortet. Hvis operationskortet er i orden, vil det regionale redningscenter godkende operationskortet.<\/span><span data-ccp-props=\"{}\">\u00a0<\/span><\/p>\n<p><strong>Hvis du har sp\u00f8rgsm\u00e5l eller problemer, vil vores brandsikkerhedsspecialister og eksperter r\u00e5dgive dig.\u00a0<\/strong><\/p>\n<p><strong>Prisen for servicen inkluderer 1 times konsultation, og yderligere aktiviteter kortl\u00e6gges og priss\u00e6ttes i henhold til den faktiske arbejdsm\u00e6ngde.\u00a0<\/strong><\/p>\n<p>&nbsp;<\/p>","protected":false},"featured_media":18453,"template":"","meta":[],"product_brand":[],"product_cat":[118],"product_tag":[],"class_list":{"0":"post-18152","1":"product","2":"type-product","3":"status-publish","4":"has-post-thumbnail","6":"product_cat-tuleohutus","8":"first","9":"instock","10":"taxable","11":"shipping-taxable","12":"purchasable","13":"product-type-simple"},"_links":{"self":[{"href":"https:\/\/flameguard.ee\/da\/wp-json\/wp\/v2\/product\/18152","targetHints":{"allow":["GET"]}}],"collection":[{"href":"https:\/\/flameguard.ee\/da\/wp-json\/wp\/v2\/product"}],"about":[{"href":"https:\/\/flameguard.ee\/da\/wp-json\/wp\/v2\/types\/product"}],"version-history":[{"count":2,"href":"https:\/\/flameguard.ee\/da\/wp-json\/wp\/v2\/product\/18152\/revisions"}],"predecessor-version":[{"id":18468,"href":"https:\/\/flameguard.ee\/da\/wp-json\/wp\/v2\/product\/18152\/revisions\/18468"}],"wp:featuredmedia":[{"embeddable":true,"href":"https:\/\/flameguard.ee\/da\/wp-json\/wp\/v2\/media\/18453"}],"wp:attachment":[{"href":"https:\/\/flameguard.ee\/da\/wp-json\/wp\/v2\/media?parent=18152"}],"wp:term":[{"taxonomy":"product_brand","embeddable":true,"href":"https:\/\/flameguard.ee\/da\/wp-json\/wp\/v2\/product_brand?post=18152"},{"taxonomy":"product_cat","embeddable":true,"href":"https:\/\/flameguard.ee\/da\/wp-json\/wp\/v2\/product_cat?post=18152"},{"taxonomy":"product_tag","embeddable":true,"href":"https:\/\/flameguard.ee\/da\/wp-json\/wp\/v2\/product_tag?post=18152"}],"curies":[{"name":"wp","href":"https:\/\/api.w.org\/{rel}","templated":true}]}}