{"id":18154,"date":"2025-03-05T20:26:25","date_gmt":"2025-03-05T18:26:25","guid":{"rendered":"http:\/\/flameguard.ee.dedi7782.your-server.de\/?post_type=product&#038;p=18154"},"modified":"2025-03-07T18:41:52","modified_gmt":"2025-03-07T16:41:52","slug":"ohutusaruande-kooskolastamine","status":"publish","type":"product","link":"https:\/\/flameguard.ee\/da\/product\/koordinering-af-sikkerhedsrapporter\/","title":{"rendered":"Godkendelse af sikkerhedsrapporten"},"content":{"rendered":"<p><span data-contrast=\"auto\">Instruktioner til udarbejdelse af en sikkerhedsrapport:<\/span><span data-ccp-props=\"{}\">\u00a0<\/span><\/p>\n<ul>\n<li data-leveltext=\"\uf0b7\" data-font=\"Symbol\" data-listid=\"1\" data-list-defn-props=\"{&quot;335552541&quot;:1,&quot;335559685&quot;:720,&quot;335559991&quot;:360,&quot;469769226&quot;:&quot;Symbol&quot;,&quot;469769242&quot;:[8226],&quot;469777803&quot;:&quot;left&quot;,&quot;469777804&quot;:&quot;\uf0b7&quot;,&quot;469777815&quot;:&quot;multilevel&quot;}\" aria-setsize=\"-1\" data-aria-posinset=\"1\" data-aria-level=\"1\"><span data-contrast=\"auto\">Redningsr\u00e5det og Forbrugerbeskyttelses- og Teknisk Tilsynsmyndighed<\/span><a href=\"https:\/\/www.rescue.ee\/files\/Materjalid\/2024.12-27digi-juhis-kemikaaliseadusest-tuleneva-riskianalueuesi-kohta.pdf?0a0ad6dc67\" target=\"_blank\" rel=\"noopener\"><span data-contrast=\"none\">Guide<\/span><\/a><span data-contrast=\"auto\">risikovurdering i henhold til kemikalieloven.<\/span><span data-ccp-props=\"{}\">\u00a0<\/span><\/li>\n<\/ul>\n<ul>\n<li data-leveltext=\"\uf0b7\" data-font=\"Symbol\" data-listid=\"1\" data-list-defn-props=\"{&quot;335552541&quot;:1,&quot;335559685&quot;:720,&quot;335559991&quot;:360,&quot;469769226&quot;:&quot;Symbol&quot;,&quot;469769242&quot;:[8226],&quot;469777803&quot;:&quot;left&quot;,&quot;469777804&quot;:&quot;\uf0b7&quot;,&quot;469777815&quot;:&quot;multilevel&quot;}\" aria-setsize=\"-1\" data-aria-posinset=\"2\" data-aria-level=\"1\"><a href=\"https:\/\/www.rescue.ee\/files\/Materjalid\/2024.12-27digi-juhis-kemikaaliseadusest-tuleneva-riskianalueuesi-kohta.pdf?0a0ad6dc67\" target=\"_blank\" rel=\"noopener\"><span data-contrast=\"none\">Hj\u00e6lpemateriale<\/span><\/a><span data-contrast=\"auto\">om de obligatoriske dele af risikovurderingen i henhold til kemikalieloven.<\/span><span data-ccp-props=\"{}\">\u00a0<\/span><\/li>\n<\/ul>\n<ul>\n<li data-leveltext=\"\uf0b7\" data-font=\"Symbol\" data-listid=\"1\" data-list-defn-props=\"{&quot;335552541&quot;:1,&quot;335559685&quot;:720,&quot;335559991&quot;:360,&quot;469769226&quot;:&quot;Symbol&quot;,&quot;469769242&quot;:[8226],&quot;469777803&quot;:&quot;left&quot;,&quot;469777804&quot;:&quot;\uf0b7&quot;,&quot;469777815&quot;:&quot;multilevel&quot;}\" aria-setsize=\"-1\" data-aria-posinset=\"3\" data-aria-level=\"1\"><span data-contrast=\"auto\">Kemiske koncentrationsv\u00e6rdier bestemmes for hvert enkelt kemikalie p\u00e5 baggrund af litteratur og databasedata. De mest almindelige v\u00e6rdier af de tilsvarende koncentrationer af kemikalier fremg\u00e5r af Redningsn\u00e6vnets<\/span><a href=\"https:\/\/www.rescue.ee\/files\/2018-11\/16-12-05-kemikaalide-kontsentratsioonid.pdf?e31d8bb25d\" target=\"_blank\" rel=\"noopener\"><span data-contrast=\"none\">I vejledningsmaterialet<\/span><\/a><span data-contrast=\"auto\">.<\/span><span data-ccp-props=\"{}\">\u00a0<\/span><\/li>\n<\/ul>\n<ul>\n<li data-leveltext=\"\uf0b7\" data-font=\"Symbol\" data-listid=\"1\" data-list-defn-props=\"{&quot;335552541&quot;:1,&quot;335559685&quot;:720,&quot;335559991&quot;:360,&quot;469769226&quot;:&quot;Symbol&quot;,&quot;469769242&quot;:[8226],&quot;469777803&quot;:&quot;left&quot;,&quot;469777804&quot;:&quot;\uf0b7&quot;,&quot;469777815&quot;:&quot;multilevel&quot;}\" aria-setsize=\"-1\" data-aria-posinset=\"4\" data-aria-level=\"1\"><span data-contrast=\"auto\">Domino effekter<\/span><a href=\"https:\/\/www.rescue.ee\/files\/2018-10\/18-10-01-doominoefektide-hindamise-juhend.pdf?ea414503a0\" target=\"_blank\" rel=\"noopener\"><span data-contrast=\"none\">Vejledning til vurdering<\/span><\/a><span data-contrast=\"auto\">Virksomheder.<\/span><span data-ccp-props=\"{}\">\u00a0<\/span><\/li>\n<\/ul>\n<p><span data-contrast=\"auto\">Se ogs\u00e5 Forbrugerbeskyttelses- og Tekniske Tilsynsmyndigheders<\/span><a href=\"https:\/\/www.ttja.ee\/ariklient\/ohutus\/ainete-kaitlemine\/kemikaalide-kaitlemine-0%22%20\/l%20%22juhendid-ettevtjale\" target=\"_blank\" rel=\"noopener\"><span data-contrast=\"none\">Instruktioner<\/span><\/a><span data-contrast=\"auto\">og indsendelse af dokumenter gennem JVIS<\/span><a href=\"https:\/\/www.rescue.ee\/et\/jvis-kaudu-dokumentide-esitamine\" target=\"_blank\" rel=\"noopener\"><span data-contrast=\"none\">Instruktioner<\/span><\/a><span data-contrast=\"auto\">.<\/span><span data-ccp-props=\"{}\">\u00a0<\/span><\/p>\n<p>&nbsp;<\/p>","protected":false},"excerpt":{"rendered":"<p><span data-contrast=\"auto\">If\u00f8lge kemikalieloven er sikkerhedsrapporten et obligatorisk dokument for virksomheder med risiko for st\u00f8rre uheld i kategori A. Rapporten indeholder en risikoanalyse.<\/span><span data-ccp-props=\"{}\">\u00a0<\/span><\/p>\n<p><span data-contrast=\"auto\">Kravene til virksomhedens sikkerhedsrapport er fastsat i<\/span><a href=\"https:\/\/www.riigiteataja.ee\/akt\/119022019018#para4\"><span data-contrast=\"none\">Forordning nr. 18 af 2016 'Krav til obligatoriske dokumenter fra en virksomhed med risiko for en farlig ulykke og til udarbejdelse heraf samt til de oplysninger, der skal meddeles offentligheden og anmeldelse af ulykker;<\/span><span data-contrast=\"none\">1<\/span><span data-contrast=\"none\">\u00a7 4<\/span><\/a><span data-contrast=\"auto\">.<\/span><span data-ccp-props=\"{}\">\u00a0<\/span><\/p>\n<p><span data-contrast=\"auto\">En virksomhed skal indsende en sikkerhedsrapport til godkendelse til Forbrugerbeskyttelses- og Teknisk Tilsynsmyndighed, som forel\u00e6gger den for Redningsn\u00e6vnet. Sikkerhedsrapporten godkendes af Forbrugerbeskyttelses- og Teknisk Tilsynsmyndighed i samarbejde med Redningsn\u00e6vnet. Analysen koordineres med inspekt\u00f8rerne fra redningsn\u00e6vnets sikkerhedstilsynskontor.<\/span><span data-ccp-props=\"{}\">\u00a0<\/span><\/p>\n<p><strong>Hvis du har sp\u00f8rgsm\u00e5l eller problemer, vil vores brandsikkerhedsspecialister og eksperter r\u00e5dgive dig.\u00a0<\/strong><\/p>\n<p><strong>Prisen for servicen inkluderer 1 times konsultation, og yderligere aktiviteter kortl\u00e6gges og priss\u00e6ttes i henhold til den faktiske arbejdsm\u00e6ngde.\u00a0<\/strong><\/p>\n<p>&nbsp;<\/p>","protected":false},"featured_media":18141,"template":"","meta":[],"product_brand":[],"product_cat":[118],"product_tag":[],"class_list":{"0":"post-18154","1":"product","2":"type-product","3":"status-publish","4":"has-post-thumbnail","6":"product_cat-tuleohutus","8":"first","9":"instock","10":"taxable","11":"shipping-taxable","12":"purchasable","13":"product-type-simple"},"_links":{"self":[{"href":"https:\/\/flameguard.ee\/da\/wp-json\/wp\/v2\/product\/18154","targetHints":{"allow":["GET"]}}],"collection":[{"href":"https:\/\/flameguard.ee\/da\/wp-json\/wp\/v2\/product"}],"about":[{"href":"https:\/\/flameguard.ee\/da\/wp-json\/wp\/v2\/types\/product"}],"version-history":[{"count":2,"href":"https:\/\/flameguard.ee\/da\/wp-json\/wp\/v2\/product\/18154\/revisions"}],"predecessor-version":[{"id":18467,"href":"https:\/\/flameguard.ee\/da\/wp-json\/wp\/v2\/product\/18154\/revisions\/18467"}],"wp:featuredmedia":[{"embeddable":true,"href":"https:\/\/flameguard.ee\/da\/wp-json\/wp\/v2\/media\/18141"}],"wp:attachment":[{"href":"https:\/\/flameguard.ee\/da\/wp-json\/wp\/v2\/media?parent=18154"}],"wp:term":[{"taxonomy":"product_brand","embeddable":true,"href":"https:\/\/flameguard.ee\/da\/wp-json\/wp\/v2\/product_brand?post=18154"},{"taxonomy":"product_cat","embeddable":true,"href":"https:\/\/flameguard.ee\/da\/wp-json\/wp\/v2\/product_cat?post=18154"},{"taxonomy":"product_tag","embeddable":true,"href":"https:\/\/flameguard.ee\/da\/wp-json\/wp\/v2\/product_tag?post=18154"}],"curies":[{"name":"wp","href":"https:\/\/api.w.org\/{rel}","templated":true}]}}