{"id":18182,"date":"2025-03-06T09:14:55","date_gmt":"2025-03-06T07:14:55","guid":{"rendered":"http:\/\/flameguard.ee.dedi7782.your-server.de\/?post_type=product&#038;p=18182"},"modified":"2025-03-06T22:12:02","modified_gmt":"2025-03-06T20:12:02","slug":"tuletokkekardinad","status":"publish","type":"product","link":"https:\/\/flameguard.ee\/da\/product\/brandgardiner\/","title":{"rendered":"Brandgardiner"},"content":{"rendered":"<p><strong>Brandgardiner kan klassificeres baseret p\u00e5 brandmodstandsegenskaber:<\/strong><\/p>\n<p><img decoding=\"async\" class=\"alignnone size-full wp-image-18276\" src=\"https:\/\/flameguard.ee\/wp-content\/uploads\/2025\/03\/hgttrr.jpg\" alt=\"\" width=\"329\" height=\"120\" srcset=\"https:\/\/flameguard.ee\/wp-content\/uploads\/2025\/03\/hgttrr.jpg 329w, https:\/\/flameguard.ee\/wp-content\/uploads\/2025\/03\/hgttrr-150x55.jpg 150w\" sizes=\"(max-width: 329px) 100vw, 329px\" \/><\/p>\n<ul>\n<li>Klasse E brandgardin, der forhindrer spredning af flammer og varme gasser, men ikke begr\u00e6nser varmestr\u00e5lingen.<\/li>\n<li>Brandgardin i EW-klassen, der forhindrer spredning af flammer og varme gasser og reducerer varmestr\u00e5ling<br \/>\nintensitet til det angivne niveau.<\/li>\n<li>EI-klasse brandgardin, der giver komplet brand- og varmeisolering og dermed forhindrer flamme, varm<br \/>\nsamt spredning af termisk str\u00e5ling.<\/li>\n<\/ul>\n<p><strong>Certificering og krav<\/strong><br \/>\nFra den 1. januar 2019 anses standard EN 16034 for at v\u00e6re harmoniseret, hvilket betyder, at alle salgbare<br \/>\nbrandgardiner skal v\u00e6re CE-m\u00e6rkede. CE-m\u00e6rkningen bekr\u00e6fter, at produktet har en<br \/>\net certifikat, der attesterer, at det er i overensstemmelse med standarden og brandsikkerhedskravene.<\/p>\n<p>I henhold til indenrigsministerens bekendtg\u00f8relse nr. 17 kr\u00e6ves der ikke en r\u00f8gmodstandsklasse (Sa eller S200) for brandgardiner, medmindre<br \/>\nDet specifikke brugssted kr\u00e6ver det ikke.<\/p>\n<p><strong>Fuldst\u00e6ndighed<\/strong><br \/>\nFlameguard Systems brandgardins\u00e6t best\u00e5r af otte dele:<br \/>\n1. Ledelsescentrering;<br \/>\n2. R\u00f8rformet motor;<br \/>\n3. Beskyttelseskorps;<br \/>\n4. R\u00f8raksel;<br \/>\n5. Styreskinner;<br \/>\n6. Brandsikkert stof;<br \/>\n7. Lavere v\u00e6gt af gardinet;<br \/>\n8. Evakueringsknap.<\/p>\n<p><strong>Automatisering<\/strong><br \/>\nI standbytilstand rulles gardinet op i beskyttelseshuset. N\u00e5r alarmsignalet modtages, falder gardinet ned<br \/>\nposition, dvs. op til gulvoverfladen. Systemets styreenhed er udstyret med en ekstra str\u00f8mforsyning.<br \/>\nI tilf\u00e6lde af en falsk alarm er det muligt at gendanne systemet b\u00e5de manuelt og automatisk:<\/p>\n<ul>\n<li>manuel restaurering \u2013 gardinet forbliver i arbejdsstilling, indtil brugeren trykker p\u00e5 en speciel knap,<br \/>\n, som giver ordren til restaureringen.<\/li>\n<li>Automatisk gendannelse \u2013 efter at alarmsystemet er genoprettet, g\u00e5r selve gardinet automatisk i standbytilstand<br \/>\nbagl\u00e6ns.<\/li>\n<\/ul>\n<p><strong>Metoder til installation<\/strong><br \/>\nGardinbeskyttelseskabinettet kan installeres:<\/p>\n<ul>\n<li>\u00e5ben p\u00e5 forh\u00e5nd;<\/li>\n<li>\u00e5bning i;<\/li>\n<li>H\u00e6ng et passende sted ved hj\u00e6lp af konsoller.<\/li>\n<\/ul>\n<p>Sideskinner kan installeres:<\/p>\n<ul>\n<li>\u00a0\u00e5ben p\u00e5 forh\u00e5nd;<\/li>\n<li>\u00e5bning i;<\/li>\n<li>ved at uddybe.<\/li>\n<\/ul>\n<p>Efter kundens eller arkitektens \u00f8nsker kan alle metaldele bel\u00e6gges med pulverlakering fra RAL-kataloget.<\/p>\n<p><strong>Garanti og vedligeholdelse<\/strong><br \/>\nFlameguard-produkter er certificeret af KIWA og er d\u00e6kket af producentens garanti efter installation.<br \/>\nFor at sikre kontinuitet m\u00e5 Flameguard brandgardiner kun serviceres af producenten i garantiperioden<br \/>\nautoriserede og uddannede servicespecialister.<\/p>","protected":false},"excerpt":{"rendered":"<p>Et brandgardin eller et betjenbart stofgardin er en d\u00f8r i henhold til EN 16034-standarden. Det er en d\u00f8r, hvis d\u00f8rblad er lavet af v\u00e6vet materiale eller kombineret med andre materialer for at danne en eller flere brandceller. Gardinets struktur omfatter en ramme og\/eller f\u00f8ringer, som i det v\u00e6sentlige fungerer p\u00e5 samme m\u00e5de som en rulleskodded\u00f8r.<br \/>\nAnvendelsesomr\u00e5det for brandgardiner er meget bredt, men de bruges mest i forskellige bygninger, s\u00e5som:<\/p>\n<ul>\n<li>\u00a0indk\u00f8bscentre og kontorbygninger;<\/li>\n<li>produktionsbygninger og lagre;<\/li>\n<li>parkeringshuse og tekniske rum;<\/li>\n<li>offentlige bygninger og sundhedsfaciliteter.<\/li>\n<\/ul>\n<p>Brandgardiner er en pladsbesparende og effektiv l\u00f8sning til at begr\u00e6nse spredningen af brand, hvilket er med til at sikre en sikker<br \/>\nevakuering og ejendomsbeskyttelse.<\/p>\n<p><strong>Vi kan finde en passende teknisk l\u00f8sning efter en teknisk konsultation og opm\u00e5ling af installationsstedet.\u00a0 <\/strong><strong>P\u00e5 <\/strong><strong>Brandgardiner skal som enhver anden brandsikkerhedsinstallation installeres regelm\u00e6ssigt<\/strong><br \/>\n<strong>vedligeholdelse og kontrol.<\/strong><br \/>\n<strong>Teknisk support og salg: +372 58212121 eller info@flameguard.ee<\/strong><\/p>","protected":false},"featured_media":18183,"template":"","meta":[],"product_brand":[],"product_cat":[81],"product_tag":[],"class_list":{"0":"post-18182","1":"product","2":"type-product","3":"status-publish","4":"has-post-thumbnail","6":"product_cat-tuletokkekardinad","8":"first","9":"instock","10":"virtual","11":"taxable","12":"product-type-simple"},"_links":{"self":[{"href":"https:\/\/flameguard.ee\/da\/wp-json\/wp\/v2\/product\/18182","targetHints":{"allow":["GET"]}}],"collection":[{"href":"https:\/\/flameguard.ee\/da\/wp-json\/wp\/v2\/product"}],"about":[{"href":"https:\/\/flameguard.ee\/da\/wp-json\/wp\/v2\/types\/product"}],"version-history":[{"count":12,"href":"https:\/\/flameguard.ee\/da\/wp-json\/wp\/v2\/product\/18182\/revisions"}],"predecessor-version":[{"id":18278,"href":"https:\/\/flameguard.ee\/da\/wp-json\/wp\/v2\/product\/18182\/revisions\/18278"}],"wp:featuredmedia":[{"embeddable":true,"href":"https:\/\/flameguard.ee\/da\/wp-json\/wp\/v2\/media\/18183"}],"wp:attachment":[{"href":"https:\/\/flameguard.ee\/da\/wp-json\/wp\/v2\/media?parent=18182"}],"wp:term":[{"taxonomy":"product_brand","embeddable":true,"href":"https:\/\/flameguard.ee\/da\/wp-json\/wp\/v2\/product_brand?post=18182"},{"taxonomy":"product_cat","embeddable":true,"href":"https:\/\/flameguard.ee\/da\/wp-json\/wp\/v2\/product_cat?post=18182"},{"taxonomy":"product_tag","embeddable":true,"href":"https:\/\/flameguard.ee\/da\/wp-json\/wp\/v2\/product_tag?post=18182"}],"curies":[{"name":"wp","href":"https:\/\/api.w.org\/{rel}","templated":true}]}}