{"id":18242,"date":"2025-03-06T13:08:23","date_gmt":"2025-03-06T11:08:23","guid":{"rendered":"http:\/\/flameguard.ee.dedi7782.your-server.de\/?post_type=product&#038;p=18242"},"modified":"2025-03-06T14:41:49","modified_gmt":"2025-03-06T12:41:49","slug":"liitiumakude-tule-ja-plahvatusekindel-laadimiskapp-cemo-8-5-jalgadeta-1-faasiline-3","status":"publish","type":"product","link":"https:\/\/flameguard.ee\/da\/product\/lithium-batteri-brand-og-eksplosionssikker-ladeskab-cemo-8-5-benlos-1-fase-3\/","title":{"rendered":"Lithium batteri brand- og eksplosionssikkert ladeskab CEMO 8\/5 ben, 1 fase"},"content":{"rendered":"<p>Produktet opfylder de tekniske krav og giver effektiv beskyttelse under en r\u00e6kke forskellige forhold og situationer.<\/p>\n<p><a style=\"color: #fe312e;\" href=\"\/wp-content\/uploads\/2025\/03\/CEMO_safety_concept__Made_in_Germany_-1.pdf\" target=\"_blank\" rel=\"noopener\"><img decoding=\"async\" src=\"\/wp-content\/uploads\/2025\/02\/pdf-icon.webp\" \/> Produktkort<\/a><\/p>","protected":false},"excerpt":{"rendered":"<p>Batteriladeskab 8\/5, med LockEx-l\u00e5sesystem. Med st\u00f8tteben, 1-faset tilslutning 3500W, 16A (2 x 6 stik) og ventilation. Skabet er udstyret med en r\u00f8gdetektor og et sluk-system.<\/p>\n<p><strong>Specifikationer:<\/strong><br \/>\nBredde: 80 cm<br \/>\nH\u00f8jde: 111 cm<br \/>\nDybde: 66 cm<br \/>\nV\u00e6gt: 135 kg<br \/>\nCertifikater fra T\u00dcV NORD Group ved hj\u00e6lp af det nyeste M02\/22-testprogram, som omfatter \u00e6gte batteribrandtest og genererede gaseksplosioner.<br \/>\nMPA-testet brandmodstand i mere end 60 minutter indefra og ude i henhold til EN 1363-1-standarden.<br \/>\nFremstillet af ikke-br\u00e6ndbare og brandsikre komponenter.<\/p>","protected":false},"featured_media":18251,"template":"","meta":[],"product_brand":[],"product_cat":[136],"product_tag":[],"class_list":{"0":"post-18242","1":"product","2":"type-product","3":"status-publish","4":"has-post-thumbnail","6":"product_cat-turvakapid","8":"first","9":"instock","10":"taxable","11":"shipping-taxable","12":"purchasable","13":"product-type-simple"},"_links":{"self":[{"href":"https:\/\/flameguard.ee\/da\/wp-json\/wp\/v2\/product\/18242","targetHints":{"allow":["GET"]}}],"collection":[{"href":"https:\/\/flameguard.ee\/da\/wp-json\/wp\/v2\/product"}],"about":[{"href":"https:\/\/flameguard.ee\/da\/wp-json\/wp\/v2\/types\/product"}],"version-history":[{"count":3,"href":"https:\/\/flameguard.ee\/da\/wp-json\/wp\/v2\/product\/18242\/revisions"}],"predecessor-version":[{"id":18268,"href":"https:\/\/flameguard.ee\/da\/wp-json\/wp\/v2\/product\/18242\/revisions\/18268"}],"wp:featuredmedia":[{"embeddable":true,"href":"https:\/\/flameguard.ee\/da\/wp-json\/wp\/v2\/media\/18251"}],"wp:attachment":[{"href":"https:\/\/flameguard.ee\/da\/wp-json\/wp\/v2\/media?parent=18242"}],"wp:term":[{"taxonomy":"product_brand","embeddable":true,"href":"https:\/\/flameguard.ee\/da\/wp-json\/wp\/v2\/product_brand?post=18242"},{"taxonomy":"product_cat","embeddable":true,"href":"https:\/\/flameguard.ee\/da\/wp-json\/wp\/v2\/product_cat?post=18242"},{"taxonomy":"product_tag","embeddable":true,"href":"https:\/\/flameguard.ee\/da\/wp-json\/wp\/v2\/product_tag?post=18242"}],"curies":[{"name":"wp","href":"https:\/\/api.w.org\/{rel}","templated":true}]}}