{"id":18256,"date":"2025-03-06T13:22:00","date_gmt":"2025-03-06T11:22:00","guid":{"rendered":"http:\/\/flameguard.ee.dedi7782.your-server.de\/?post_type=product&#038;p=18256"},"modified":"2025-03-06T14:42:37","modified_gmt":"2025-03-06T12:42:37","slug":"liitiumakude-tule-ja-plahvatusekindel-laadimiskapp-cemo-8-10-jalgadega-1-faasiline","status":"publish","type":"product","link":"https:\/\/flameguard.ee\/da\/product\/lithium-batterier-brand-og-eksplosionssikker-ladeskab-cemo-8-10-fod-1-fase\/","title":{"rendered":"Lithium batteri brand- og eksplosionssikkert ladeskab CEMO 8\/10 fod, 1 fase"},"content":{"rendered":"<p>Produktet opfylder de tekniske krav og giver effektiv beskyttelse under en r\u00e6kke forskellige forhold og situationer.<\/p>\n<p><a style=\"color: #fe312e;\" href=\"\/wp-content\/uploads\/2025\/03\/CEMO_safety_concept__Made_in_Germany_-1.pdf\" target=\"_blank\" rel=\"noopener\"><img decoding=\"async\" src=\"\/wp-content\/uploads\/2025\/02\/pdf-icon.webp\" \/> Produktkort<\/a><\/p>","protected":false},"excerpt":{"rendered":"<p>Batteriladeskab 8\/10, med LockEx-l\u00e5sesystem. Med st\u00f8tteben, 1-faset tilslutning 3500W, 16A (2 x 6 stik) og ventilation. Skabet er udstyret med en r\u00f8gdetektor og et sluk-system.<\/p>\n<p><strong>Tekniske data: <\/strong><br \/>\nBredde: 80 cm<br \/>\nH\u00f8jde: 111 cm<br \/>\nDybde: 66 cm<br \/>\nV\u00e6gt: 135 kg<br \/>\nCertifikater fra T\u00dcV NORD Group ved hj\u00e6lp af det nyeste M02\/22-testprogram, som omfatter \u00e6gte batteribrandtest og genererede gaseksplosioner.<br \/>\nMPA-testet brandmodstand i mere end 60 minutter indefra og ude i henhold til EN 1363-1-standarden.<br \/>\nFremstillet af ikke-br\u00e6ndbare og brandsikre komponenter.<\/p>","protected":false},"featured_media":18257,"template":"","meta":[],"product_brand":[],"product_cat":[136],"product_tag":[],"class_list":{"0":"post-18256","1":"product","2":"type-product","3":"status-publish","4":"has-post-thumbnail","6":"product_cat-turvakapid","8":"first","9":"instock","10":"taxable","11":"shipping-taxable","12":"purchasable","13":"product-type-simple"},"_links":{"self":[{"href":"https:\/\/flameguard.ee\/da\/wp-json\/wp\/v2\/product\/18256","targetHints":{"allow":["GET"]}}],"collection":[{"href":"https:\/\/flameguard.ee\/da\/wp-json\/wp\/v2\/product"}],"about":[{"href":"https:\/\/flameguard.ee\/da\/wp-json\/wp\/v2\/types\/product"}],"version-history":[{"count":2,"href":"https:\/\/flameguard.ee\/da\/wp-json\/wp\/v2\/product\/18256\/revisions"}],"predecessor-version":[{"id":18269,"href":"https:\/\/flameguard.ee\/da\/wp-json\/wp\/v2\/product\/18256\/revisions\/18269"}],"wp:featuredmedia":[{"embeddable":true,"href":"https:\/\/flameguard.ee\/da\/wp-json\/wp\/v2\/media\/18257"}],"wp:attachment":[{"href":"https:\/\/flameguard.ee\/da\/wp-json\/wp\/v2\/media?parent=18256"}],"wp:term":[{"taxonomy":"product_brand","embeddable":true,"href":"https:\/\/flameguard.ee\/da\/wp-json\/wp\/v2\/product_brand?post=18256"},{"taxonomy":"product_cat","embeddable":true,"href":"https:\/\/flameguard.ee\/da\/wp-json\/wp\/v2\/product_cat?post=18256"},{"taxonomy":"product_tag","embeddable":true,"href":"https:\/\/flameguard.ee\/da\/wp-json\/wp\/v2\/product_tag?post=18256"}],"curies":[{"name":"wp","href":"https:\/\/api.w.org\/{rel}","templated":true}]}}