{"id":18328,"date":"2025-03-07T11:44:09","date_gmt":"2025-03-07T09:44:09","guid":{"rendered":"http:\/\/flameguard.ee.dedi7782.your-server.de\/?post_type=product&#038;p=18328"},"modified":"2025-03-10T13:29:22","modified_gmt":"2025-03-10T11:29:22","slug":"tuletokkekardinate-hooldus-ja-paigaldus","status":"publish","type":"product","link":"https:\/\/flameguard.ee\/da\/product\/vedligeholdelse-og-installation-af-brandsikre-gardiner\/","title":{"rendered":"Brandsikring"},"content":{"rendered":"<p>Brandsikringsarbejde er afg\u00f8rende for at sikre brandsikkerheden, herunder brandh\u00e6mmende t\u00e6tning af \u00e5bninger, kommunikationsgennemf\u00f8ringer, ventilations\u00e5bninger og andre \u00e5bninger for at forhindre spredning af brand inden for en bestemt tidsperiode. Vores specialister udf\u00f8rer normalt t\u00e6tning af mindre \u00e5bninger (f.eks. kabelfastg\u00f8relser osv.) og p\u00e5f\u00f8ring af brandh\u00e6mmende maling. Ved st\u00f8rre projekter sikrer vi fuld overensstemmelse med byggeprojektet.<\/p>\n<p>Manglende udf\u00f8relse af arbejde kan f\u00f8re til alvorlige farer. Hvis \u00e5bninger og gennemf\u00f8ringer ikke forsegles p\u00e5 en brandsikker m\u00e5de, kan ilden sprede sig til andre dele af bygningen, hvilket \u00f8ger omfanget af skaderne og faren for menneskers liv. Derudover kan r\u00f8g og giftige gasser sprede sig hurtigere mellem rum i bygningen, hvilket g\u00f8r vital evakuering vanskeligere og bringer redningsarbejdernes sikkerhed i fare. Derfor er brandbeskyttelse afg\u00f8rende for at holde bygninger sikre og beskytte liv.<\/p>\n<p><strong>N\u00e5r arbejdet er afsluttet, udsender vi en dokumenteret rapport om arbejdet.<\/strong><\/p>\n<p><span data-ccp-props=\"{&quot;201341983&quot;:0,&quot;335559739&quot;:0,&quot;335559740&quot;:240}\">\u00a0<\/span><\/p>","protected":false},"excerpt":{"rendered":"<p>Form\u00e5let med brandsikrings- og beskyttelsesarbejde er at sikre brandkonstruktioners modstandsdygtighed over for varme og isoleringsevne over for forbr\u00e6ndingsgasser og r\u00f8g. Vi udf\u00f8rer brandsikringsarbejder over hele Estland og tilbyder brandsikre og certificerede l\u00f8sninger selv til komplekse strukturer, herunder brandsikringsarbejder til kulturarvsbygninger. I l\u00f8bet af arbejdet vil vi vurdere bygningens b\u00e6rende strukturer og inspicere brandsikringssektionerne for at sikre deres enhed og integritet. Derudover udf\u00f8rer vi byggearbejde, hvis der under brandtilsynet opdages mangler, der forhindrer opn\u00e5else af tilladelse til brug af bygningen.<\/p>\n<p><b><span data-contrast=\"auto\">Hvis du har sp\u00f8rgsm\u00e5l eller problemer, vil vores specialister og eksperter r\u00e5dgive dig.<\/span><\/b><span data-ccp-props=\"{&quot;201341983&quot;:0,&quot;335559739&quot;:0,&quot;335559740&quot;:240}\">\u00a0<\/span><\/p>\n<p><b><span data-contrast=\"auto\">Prisen for servicen inkluderer 1 times projektkonsultation, og yderligere aktiviteter kortl\u00e6gges og priss\u00e6ttes efter den faktiske m\u00e6ngde materialer og arbejde.<\/span><\/b><\/p>","protected":false},"featured_media":18625,"template":"","meta":[],"product_brand":[],"product_cat":[117,123,116,118],"product_tag":[],"class_list":{"0":"post-18328","1":"product","2":"type-product","3":"status-publish","4":"has-post-thumbnail","6":"product_cat-hooldus-ja-paigaldus","7":"product_cat-projekteerimine","8":"product_cat-teenused","9":"product_cat-tuleohutus","11":"first","12":"instock","13":"taxable","14":"shipping-taxable","15":"purchasable","16":"product-type-simple"},"_links":{"self":[{"href":"https:\/\/flameguard.ee\/da\/wp-json\/wp\/v2\/product\/18328","targetHints":{"allow":["GET"]}}],"collection":[{"href":"https:\/\/flameguard.ee\/da\/wp-json\/wp\/v2\/product"}],"about":[{"href":"https:\/\/flameguard.ee\/da\/wp-json\/wp\/v2\/types\/product"}],"version-history":[{"count":5,"href":"https:\/\/flameguard.ee\/da\/wp-json\/wp\/v2\/product\/18328\/revisions"}],"predecessor-version":[{"id":18628,"href":"https:\/\/flameguard.ee\/da\/wp-json\/wp\/v2\/product\/18328\/revisions\/18628"}],"wp:featuredmedia":[{"embeddable":true,"href":"https:\/\/flameguard.ee\/da\/wp-json\/wp\/v2\/media\/18625"}],"wp:attachment":[{"href":"https:\/\/flameguard.ee\/da\/wp-json\/wp\/v2\/media?parent=18328"}],"wp:term":[{"taxonomy":"product_brand","embeddable":true,"href":"https:\/\/flameguard.ee\/da\/wp-json\/wp\/v2\/product_brand?post=18328"},{"taxonomy":"product_cat","embeddable":true,"href":"https:\/\/flameguard.ee\/da\/wp-json\/wp\/v2\/product_cat?post=18328"},{"taxonomy":"product_tag","embeddable":true,"href":"https:\/\/flameguard.ee\/da\/wp-json\/wp\/v2\/product_tag?post=18328"}],"curies":[{"name":"wp","href":"https:\/\/api.w.org\/{rel}","templated":true}]}}