{"id":18333,"date":"2025-03-07T11:48:46","date_gmt":"2025-03-07T09:48:46","guid":{"rendered":"http:\/\/flameguard.ee.dedi7782.your-server.de\/?post_type=product&#038;p=18333"},"modified":"2025-03-15T13:55:42","modified_gmt":"2025-03-15T11:55:42","slug":"tulekustutite-kontroll-ja-hooldus","status":"publish","type":"product","link":"https:\/\/flameguard.ee\/da\/product\/eftersyn-og-vedligeholdelse-af-ildslukkere\/","title":{"rendered":"Eftersyn og vedligeholdelse af ildslukkere"},"content":{"rendered":"<p><span data-contrast=\"auto\">Hvis ildslukkeren best\u00e5r inspektionen, er der fastgjort et tilsvarende inspektionsm\u00e6rkat til det, hvor datoen for den n\u00e6ste inspektion er angivet. Hvis det konstateres, at det ikke er muligt at forl\u00e6nge gyldighedsperioden for en ildslukker, der er bragt ind til regelm\u00e6ssig inspektion med et klisterm\u00e6rke, vil kunden blive underrettet om dette, og i dette tilf\u00e6lde skal der tilk\u00f8bes en ny ildslukker.<\/span><span data-ccp-props=\"{&quot;201341983&quot;:0,&quot;335559739&quot;:0,&quot;335559740&quot;:240}\">\u00a0<\/span><span data-ccp-props=\"{&quot;201341983&quot;:0,&quot;335559739&quot;:0,&quot;335559740&quot;:240}\">\u00a0<\/span><\/p>\n<p><span data-contrast=\"auto\">Hvis producenten ikke har foreskrevet hyppigheden af inspektionen af ildslukkeren, inspiceres ildslukkeren:<\/span><span data-ccp-props=\"{&quot;201341983&quot;:0,&quot;335559739&quot;:0,&quot;335559740&quot;:240}\">\u00a0<\/span><\/p>\n<ul>\n<li data-leveltext=\"\uf0b7\" data-font=\"Symbol\" data-listid=\"6\" data-list-defn-props=\"{&quot;335552541&quot;:1,&quot;335559685&quot;:720,&quot;335559991&quot;:360,&quot;469769226&quot;:&quot;Symbol&quot;,&quot;469769242&quot;:[8226],&quot;469777803&quot;:&quot;left&quot;,&quot;469777804&quot;:&quot;\uf0b7&quot;,&quot;469777815&quot;:&quot;multilevel&quot;}\" aria-setsize=\"-1\" data-aria-posinset=\"1\" data-aria-level=\"1\"><span data-contrast=\"auto\">Ildslukkere, der opbevares i bil, vandscooter eller udend\u00f8rs, skal kontrolleres hvert 1. \u00e5r.<\/span><span data-ccp-props=\"{&quot;201341983&quot;:0,&quot;335559739&quot;:0,&quot;335559740&quot;:240}\">\u00a0<\/span><\/li>\n<\/ul>\n<ul>\n<li data-leveltext=\"\uf0b7\" data-font=\"Symbol\" data-listid=\"6\" data-list-defn-props=\"{&quot;335552541&quot;:1,&quot;335559685&quot;:720,&quot;335559991&quot;:360,&quot;469769226&quot;:&quot;Symbol&quot;,&quot;469769242&quot;:[8226],&quot;469777803&quot;:&quot;left&quot;,&quot;469777804&quot;:&quot;\uf0b7&quot;,&quot;469777815&quot;:&quot;multilevel&quot;}\" aria-setsize=\"-1\" data-aria-posinset=\"2\" data-aria-level=\"1\"><span data-contrast=\"auto\">Hvert 2. \u00e5r skal alle ildslukkere (undtagen dem, der er placeret i k\u00f8ret\u00f8jet eller udend\u00f8rs) kontrolleres.<\/span><span data-ccp-props=\"{&quot;201341983&quot;:0,&quot;335559739&quot;:0,&quot;335559740&quot;:240}\"><br \/>\n<\/span><\/li>\n<\/ul>\n<p><span data-contrast=\"auto\">NB! Brandsikkerhedsloven, der tr\u00e5dte i kraft den 1. marts 2021, sk\u00e6rpede kravene til eftersyn og vedligeholdelse af ildslukkere.<\/span><br \/>\n<span data-contrast=\"auto\">En virksomhed, der inspicerer og vedligeholder en ildslukker, skal indsende en meddelelse om \u00f8konomiske aktiviteter til Erhvervsregisteret (MTR) sammen med udpegelse af en ansvarlig person. Den ansvarlige specialist skal have professionel uddannelse i inspektion og vedligeholdelse af en ildslukker og mindst tre \u00e5rs erhvervserfaring inden for omr\u00e5det. Den ansvarlige skal st\u00e5 i et kontraktforhold med virksomheden for at sikre overholdelse af kravene i brandsikkerhedsloven og den lovgivning, der er fastsat p\u00e5 baggrund heraf.<\/span><span data-ccp-props=\"{&quot;201341983&quot;:0,&quot;335559739&quot;:0,&quot;335559740&quot;:240}\">\u00a0<\/span><\/p>\n<p><span data-contrast=\"auto\">Kun ildslukkere, der er inspiceret og vedligeholdt af en kompetent person, fungerer som livreddende anordninger i tilf\u00e6lde af brand. Dette er kun muligt gennem professionel vedligeholdelse af ildslukker af h\u00f8j kvalitet.<\/span><span data-ccp-props=\"{&quot;201341983&quot;:0,&quot;335559739&quot;:0,&quot;335559740&quot;:240}\">\u00a0<\/span><\/p>","protected":false},"excerpt":{"rendered":"<p><span data-contrast=\"auto\">Inspektion af en ildslukker er en del af vedligeholdelsen af brandsikkerhedsinstallationer og kan kun sikres, hvis den person, der udf\u00f8rer arbejdet, har f\u00e5et den relevante uddannelse og har det n\u00f8dvendige udstyr, maskiner, v\u00e6rkt\u00f8j og instruktioner til det. Den person, der udf\u00f8rer inspektion og vedligeholdelse af ildslukkere, skal tage udgangspunkt i producentens vedligeholdelsesinstruktioner, Republikken Estlands standard EVS 933:2017 og den relevante bekendtg\u00f8relse fra indenrigsministeren.<\/span><span data-ccp-props=\"{&quot;201341983&quot;:0,&quot;335559739&quot;:0,&quot;335559740&quot;:240}\">\u00a0<\/span><\/p>\n<p><b><span data-contrast=\"auto\">Hvis du har sp\u00f8rgsm\u00e5l eller problemer, vil vores specialister og eksperter r\u00e5dgive dig.<\/span><\/b><span data-ccp-props=\"{&quot;201341983&quot;:0,&quot;335559739&quot;:0,&quot;335559740&quot;:240}\">\u00a0<\/span><\/p>\n<p><b><span data-contrast=\"auto\">Prisen p\u00e5 ydelsen inkluderer 1 produktinspektion og behovet for inspektion af flere produkter kortl\u00e6gges og priss\u00e6ttes efter den faktiske arbejdsm\u00e6ngde.<\/span><\/b><span data-ccp-props=\"{&quot;201341983&quot;:0,&quot;335559739&quot;:0,&quot;335559740&quot;:240}\">\u00a0<\/span><\/p>\n<p>&nbsp;<\/p>","protected":false},"featured_media":18334,"template":"","meta":[],"product_brand":[],"product_cat":[117,116],"product_tag":[],"class_list":{"0":"post-18333","1":"product","2":"type-product","3":"status-publish","4":"has-post-thumbnail","6":"product_cat-hooldus-ja-paigaldus","7":"product_cat-teenused","9":"first","10":"instock","11":"sale","12":"taxable","13":"shipping-taxable","14":"purchasable","15":"product-type-simple"},"_links":{"self":[{"href":"https:\/\/flameguard.ee\/da\/wp-json\/wp\/v2\/product\/18333","targetHints":{"allow":["GET"]}}],"collection":[{"href":"https:\/\/flameguard.ee\/da\/wp-json\/wp\/v2\/product"}],"about":[{"href":"https:\/\/flameguard.ee\/da\/wp-json\/wp\/v2\/types\/product"}],"version-history":[{"count":3,"href":"https:\/\/flameguard.ee\/da\/wp-json\/wp\/v2\/product\/18333\/revisions"}],"predecessor-version":[{"id":18461,"href":"https:\/\/flameguard.ee\/da\/wp-json\/wp\/v2\/product\/18333\/revisions\/18461"}],"wp:featuredmedia":[{"embeddable":true,"href":"https:\/\/flameguard.ee\/da\/wp-json\/wp\/v2\/media\/18334"}],"wp:attachment":[{"href":"https:\/\/flameguard.ee\/da\/wp-json\/wp\/v2\/media?parent=18333"}],"wp:term":[{"taxonomy":"product_brand","embeddable":true,"href":"https:\/\/flameguard.ee\/da\/wp-json\/wp\/v2\/product_brand?post=18333"},{"taxonomy":"product_cat","embeddable":true,"href":"https:\/\/flameguard.ee\/da\/wp-json\/wp\/v2\/product_cat?post=18333"},{"taxonomy":"product_tag","embeddable":true,"href":"https:\/\/flameguard.ee\/da\/wp-json\/wp\/v2\/product_tag?post=18333"}],"curies":[{"name":"wp","href":"https:\/\/api.w.org\/{rel}","templated":true}]}}