{"id":18337,"date":"2025-03-07T11:52:12","date_gmt":"2025-03-07T09:52:12","guid":{"rendered":"http:\/\/flameguard.ee.dedi7782.your-server.de\/?post_type=product&#038;p=18337"},"modified":"2025-03-07T18:36:31","modified_gmt":"2025-03-07T16:36:31","slug":"tuletorje-voolikususteemi-kontroll-ja-hooldus","status":"publish","type":"product","link":"https:\/\/flameguard.ee\/da\/product\/brandslange-system-inspektion-og-vedligeholdelse\/","title":{"rendered":"Inspektion og vedligeholdelse af brandslangesystemet"},"content":{"rendered":"<p><span data-contrast=\"auto\">Vedligeholdelsen af brandslangesystemet udf\u00f8res en gang hvert 5. \u00e5r og udf\u00f8res i overensstemmelse med kravene i EVS-EN 671, som angiver, at slangerne i hele systemet skal s\u00e6ttes under tryk hvert 5. \u00e5r med et minimum arbejdstryk p\u00e5 1,43 gange.<\/span><span data-ccp-props=\"{&quot;201341983&quot;:0,&quot;335559739&quot;:0,&quot;335559740&quot;:240}\">\u00a0<\/span><\/p>\n<p><span data-contrast=\"auto\">NB! Kun et slangesystem, der er blevet kontrolleret og vedligeholdt af en kompetent person, vil fungere som et livreddende v\u00e6rkt\u00f8j i tilf\u00e6lde af brand.\u00a0<\/span><span data-ccp-props=\"{&quot;201341983&quot;:0,&quot;335559739&quot;:0,&quot;335559740&quot;:240}\">\u00a0<\/span><\/p>","protected":false},"excerpt":{"rendered":"<p><span data-contrast=\"auto\">Et fungerende brandslangesystem er et effektivt slukningsv\u00e6rkt\u00f8j, der giver mulighed for hurtig lindring i tilf\u00e6lde af brand. Indehaveren af genstanden skal s\u00f8rge for observation, inspektion og vedligeholdelse af systemet og f\u00f8re til dokumentation af operationerne. Brandslangesystemets driftsberedskab og m\u00e5ling af vandforsyningseffektiviteten skal udf\u00f8res en gang om \u00e5ret.<\/span><span data-ccp-props=\"{&quot;201341983&quot;:0,&quot;335559739&quot;:0,&quot;335559740&quot;:240}\">\u00a0<\/span><\/p>\n<p><span data-contrast=\"auto\">Flameguards produktsortiment omfatter alle de dele, der er n\u00f8dvendige for at fuldende systemet eller som reservedele: slangeskabe, tromleslangeskabe, slanger, fittings, ventiler, genlukkelige jetr\u00f8r, markeringer, instruktioner osv.<\/span><span data-ccp-props=\"{&quot;201341983&quot;:0,&quot;335559739&quot;:0,&quot;335559740&quot;:240}\">\u00a0<\/span><\/p>\n<p><span data-ccp-props=\"{&quot;201341983&quot;:0,&quot;335559739&quot;:0,&quot;335559740&quot;:240}\">\u00a0<\/span><b><span data-contrast=\"auto\">Hvis du har sp\u00f8rgsm\u00e5l eller problemer, vil vores specialister og eksperter r\u00e5dgive dig.<\/span><\/b><span data-ccp-props=\"{&quot;201341983&quot;:0,&quot;335559739&quot;:0,&quot;335559740&quot;:240}\">\u00a0<\/span><\/p>\n<p><b><span data-contrast=\"auto\">Prisen p\u00e5 ydelsen inkluderer 1 produktinspektion og behovet for inspektion af flere produkter kortl\u00e6gges og priss\u00e6ttes efter den faktiske arbejdsm\u00e6ngde.<\/span><\/b><span data-ccp-props=\"{&quot;201341983&quot;:0,&quot;335559739&quot;:0,&quot;335559740&quot;:240}\">\u00a0<\/span><\/p>\n<p>&nbsp;<\/p>","protected":false},"featured_media":18338,"template":"","meta":[],"product_brand":[],"product_cat":[117,116],"product_tag":[],"class_list":{"0":"post-18337","1":"product","2":"type-product","3":"status-publish","4":"has-post-thumbnail","6":"product_cat-hooldus-ja-paigaldus","7":"product_cat-teenused","9":"first","10":"instock","11":"taxable","12":"shipping-taxable","13":"purchasable","14":"product-type-simple"},"_links":{"self":[{"href":"https:\/\/flameguard.ee\/da\/wp-json\/wp\/v2\/product\/18337","targetHints":{"allow":["GET"]}}],"collection":[{"href":"https:\/\/flameguard.ee\/da\/wp-json\/wp\/v2\/product"}],"about":[{"href":"https:\/\/flameguard.ee\/da\/wp-json\/wp\/v2\/types\/product"}],"version-history":[{"count":2,"href":"https:\/\/flameguard.ee\/da\/wp-json\/wp\/v2\/product\/18337\/revisions"}],"predecessor-version":[{"id":18460,"href":"https:\/\/flameguard.ee\/da\/wp-json\/wp\/v2\/product\/18337\/revisions\/18460"}],"wp:featuredmedia":[{"embeddable":true,"href":"https:\/\/flameguard.ee\/da\/wp-json\/wp\/v2\/media\/18338"}],"wp:attachment":[{"href":"https:\/\/flameguard.ee\/da\/wp-json\/wp\/v2\/media?parent=18337"}],"wp:term":[{"taxonomy":"product_brand","embeddable":true,"href":"https:\/\/flameguard.ee\/da\/wp-json\/wp\/v2\/product_brand?post=18337"},{"taxonomy":"product_cat","embeddable":true,"href":"https:\/\/flameguard.ee\/da\/wp-json\/wp\/v2\/product_cat?post=18337"},{"taxonomy":"product_tag","embeddable":true,"href":"https:\/\/flameguard.ee\/da\/wp-json\/wp\/v2\/product_tag?post=18337"}],"curies":[{"name":"wp","href":"https:\/\/api.w.org\/{rel}","templated":true}]}}