{"id":18501,"date":"2025-03-08T15:06:55","date_gmt":"2025-03-08T13:06:55","guid":{"rendered":"http:\/\/flameguard.ee.dedi7782.your-server.de\/?post_type=product&#038;p=18501"},"modified":"2025-03-08T15:37:31","modified_gmt":"2025-03-08T13:37:31","slug":"korstnapuhkija-teenus","status":"publish","type":"product","link":"https:\/\/flameguard.ee\/da\/product\/skorstensfejer-service\/","title":{"rendered":"Skorstensfejer service"},"content":{"rendered":"<p><b><span data-contrast=\"auto\">Vedligeholdelse af varmesystemer er obligatorisk<\/span><\/b><span data-ccp-props=\"{&quot;201341983&quot;:0,&quot;335559739&quot;:0,&quot;335559740&quot;:240}\">\u00a0<\/span><\/p>\n<p>Efter servicen er leveret, indtastes dataene i Varmeanl\u00e6gsportalen, hvor der udarbejdes en digital skorstensfejerrapport.<\/p>\n<p><strong>Vigtig information inden skorstensfejerens ankomst:<\/strong><\/p>\n<ul>\n<li title=\"S\u00f8rg for, at skorstensfejeren har adgang til enden af skorstenen\">s\u00f8rg for, at der er adgang til skorstenen p\u00e5 taget (gangbro eller stige osv.);<\/li>\n<li title=\"S\u00f8rg for, at skorstensfejeren har adgang til dele af varmesystemet p\u00e5 alle etager\">sikre adgang til alle dele af varmesystemet (skorsten, varmeapparater, reng\u00f8ringsluge osv.);<\/li>\n<li title=\"Opvarm ikke samme dag, f\u00f8r skorstensfejeren ankommer\">varmesystemet skal afk\u00f8les;<\/li>\n<li title=\"Inden skorstenen fejes, skal du lukke alle spj\u00e6ld, luger, ventilationsgitre og luftindtag\">luk alle spj\u00e6ld, luger, luftindtag osv.;<\/li>\n<li title=\"Inden skorstenen fejes, skal du lukke alle spj\u00e6ld, luger, ventilationsgitre og luftindtag\">I tilf\u00e6lde af \u00e5ben pejs skal ildsteds\u00e5bningen v\u00e6re tild\u00e6kket.<\/li>\n<\/ul>","protected":false},"excerpt":{"rendered":"<p>Regelm\u00e6ssig skorstensfejning hj\u00e6lper med at forhindre flere farlige situationer. Sod og beg ophobes i skorstenen under opvarmning, og det kan for\u00e5rsage skorstensbrande over tid. En urenset skorsten er en stor brandfare, der kan bringe sikkerheden for hele bygningen og dens beboere i fare. Vedligeholdelse af varmesystemer sikrer, at de fungerer effektivt. Hvis skorstenen og varmelegemerne er rene, kan varmesystemet tr\u00e6kke ordentligt og producere varme rettidigt.<\/p>\n<p>Skorstensfejertjenesten omfatter brandsikkerhedsinspektion og reng\u00f8ring af et varmesystem med en enkelt varmeenhed i Tallinn-regionen. Andre steder i omr\u00e5det eller i tilf\u00e6lde af flere varmesystemer, bed om et personligt tilbud.<\/p>\n<p><strong>Skorstensfejning skal udf\u00f8res af en kvalificeret specialist, der har det relevante fagcertifikat. En skorstensfejer skal mindst have en faglig kvalifikation p\u00e5 niveau 4 eller 5.<\/strong><\/p>","protected":false},"featured_media":18502,"template":"","meta":[],"product_brand":[],"product_cat":[117,116,118],"product_tag":[],"class_list":{"0":"post-18501","1":"product","2":"type-product","3":"status-publish","4":"has-post-thumbnail","6":"product_cat-hooldus-ja-paigaldus","7":"product_cat-teenused","8":"product_cat-tuleohutus","10":"first","11":"instock","12":"taxable","13":"shipping-taxable","14":"purchasable","15":"product-type-simple"},"_links":{"self":[{"href":"https:\/\/flameguard.ee\/da\/wp-json\/wp\/v2\/product\/18501","targetHints":{"allow":["GET"]}}],"collection":[{"href":"https:\/\/flameguard.ee\/da\/wp-json\/wp\/v2\/product"}],"about":[{"href":"https:\/\/flameguard.ee\/da\/wp-json\/wp\/v2\/types\/product"}],"version-history":[{"count":2,"href":"https:\/\/flameguard.ee\/da\/wp-json\/wp\/v2\/product\/18501\/revisions"}],"predecessor-version":[{"id":18504,"href":"https:\/\/flameguard.ee\/da\/wp-json\/wp\/v2\/product\/18501\/revisions\/18504"}],"wp:featuredmedia":[{"embeddable":true,"href":"https:\/\/flameguard.ee\/da\/wp-json\/wp\/v2\/media\/18502"}],"wp:attachment":[{"href":"https:\/\/flameguard.ee\/da\/wp-json\/wp\/v2\/media?parent=18501"}],"wp:term":[{"taxonomy":"product_brand","embeddable":true,"href":"https:\/\/flameguard.ee\/da\/wp-json\/wp\/v2\/product_brand?post=18501"},{"taxonomy":"product_cat","embeddable":true,"href":"https:\/\/flameguard.ee\/da\/wp-json\/wp\/v2\/product_cat?post=18501"},{"taxonomy":"product_tag","embeddable":true,"href":"https:\/\/flameguard.ee\/da\/wp-json\/wp\/v2\/product_tag?post=18501"}],"curies":[{"name":"wp","href":"https:\/\/api.w.org\/{rel}","templated":true}]}}