{"id":18505,"date":"2025-03-08T15:47:01","date_gmt":"2025-03-08T13:47:01","guid":{"rendered":"http:\/\/flameguard.ee.dedi7782.your-server.de\/?post_type=product&#038;p=18505"},"modified":"2025-03-08T16:10:50","modified_gmt":"2025-03-08T14:10:50","slug":"ventilatsioonipuhastus","status":"publish","type":"product","link":"https:\/\/flameguard.ee\/da\/product\/rengoring-af-ventilation\/","title":{"rendered":"Vedligeholdelse af ventilation"},"content":{"rendered":"<p><b><span data-contrast=\"auto\">Vedligeholdelse af ventilationssystemer er obligatorisk<\/span><\/b><span data-ccp-props=\"{&quot;201341983&quot;:0,&quot;335559739&quot;:0,&quot;335559740&quot;:240}\">\u00a0<\/span><\/p>\n<p><b>Forpligtelse til at indsende en brandsikkerhedsrapport<\/b> virksomheder og institutioner, hvis bygning har en h\u00f8j risiko for brand eller mulige alvorlige konsekvenser p\u00e5 grund af deres bygnings s\u00e6rlige forhold, deres aktiviteter eller de vanskelige forhold for udf\u00f8relse af sluknings- og redningsarbejde.<\/p>\n<p>Der skal l\u00e6gges stor v\u00e6gt p\u00e5 pleje:<\/p>\n<ul>\n<li>Lejlighedskomplekser<\/li>\n<li>Private huse<\/li>\n<li>Shopping<\/li>\n<li>Restauranter<\/li>\n<li>Hoteller<\/li>\n<li>Skoler<\/li>\n<li>B\u00f8rnehaver<\/li>\n<li>Kontorbygninger<\/li>\n<\/ul>\n<p>Et rent og regelm\u00e6ssigt vedligeholdt ventilationssystem reducerer reparationsomkostningerne. Som f\u00f8lge af et uvedligeholdt system cirkulerer ren luft ikke l\u00e6ngere frit i ventilationen, hvilket \u00f8ger energiforbruget, reducerer udstyrets levetid og \u00f8ger risikoen for brand.<\/p>","protected":false},"excerpt":{"rendered":"<p>Reng\u00f8ring af ventilationssystemer er obligatorisk, og i henhold til EVS 812-2:2014 \"Bygningsbrandsikkerhed\" skal reng\u00f8ringshyppigheden v\u00e6re <b>mindst en gang om \u00e5ret <\/b>Og der m\u00e5 ikke g\u00e5 mere end 365 dage mellem behandlingerne.<\/p>\n<p>Ventilationskanaler i professionelt anvendte k\u00f8kkener skal reng\u00f8res i henhold til brugsintensiteten:<\/p>\n<ul>\n<li>mindst en gang i kvartalet, hvis udstyret bruges 12 timer\/dag \u201316 timer\/dag;<\/li>\n<li>mindst en gang hver sjette m\u00e5ned, hvis udstyret bruges 6 timer\/dag \u2013 12 timer\/dag;<\/li>\n<li>mindst en gang om \u00e5ret, hvis udstyret bruges 2 timer\/dag \u20136 timer\/dag.<\/li>\n<\/ul>\n<p>Servicen omfatter en brandsikkerhedsinspektion af et system og 1 times reng\u00f8ring i Harju County-regionen. Andre steder i omr\u00e5det eller i tilf\u00e6lde af flere ventilationssystemer, bed om et personligt tilbud.<\/p>","protected":false},"featured_media":18506,"template":"","meta":[],"product_brand":[],"product_cat":[117,116,119,118],"product_tag":[],"class_list":{"0":"post-18505","1":"product","2":"type-product","3":"status-publish","4":"has-post-thumbnail","6":"product_cat-hooldus-ja-paigaldus","7":"product_cat-teenused","8":"product_cat-tooohutus-ja-tervishoid","9":"product_cat-tuleohutus","11":"first","12":"instock","13":"taxable","14":"shipping-taxable","15":"purchasable","16":"product-type-simple"},"_links":{"self":[{"href":"https:\/\/flameguard.ee\/da\/wp-json\/wp\/v2\/product\/18505","targetHints":{"allow":["GET"]}}],"collection":[{"href":"https:\/\/flameguard.ee\/da\/wp-json\/wp\/v2\/product"}],"about":[{"href":"https:\/\/flameguard.ee\/da\/wp-json\/wp\/v2\/types\/product"}],"version-history":[{"count":3,"href":"https:\/\/flameguard.ee\/da\/wp-json\/wp\/v2\/product\/18505\/revisions"}],"predecessor-version":[{"id":18509,"href":"https:\/\/flameguard.ee\/da\/wp-json\/wp\/v2\/product\/18505\/revisions\/18509"}],"wp:featuredmedia":[{"embeddable":true,"href":"https:\/\/flameguard.ee\/da\/wp-json\/wp\/v2\/media\/18506"}],"wp:attachment":[{"href":"https:\/\/flameguard.ee\/da\/wp-json\/wp\/v2\/media?parent=18505"}],"wp:term":[{"taxonomy":"product_brand","embeddable":true,"href":"https:\/\/flameguard.ee\/da\/wp-json\/wp\/v2\/product_brand?post=18505"},{"taxonomy":"product_cat","embeddable":true,"href":"https:\/\/flameguard.ee\/da\/wp-json\/wp\/v2\/product_cat?post=18505"},{"taxonomy":"product_tag","embeddable":true,"href":"https:\/\/flameguard.ee\/da\/wp-json\/wp\/v2\/product_tag?post=18505"}],"curies":[{"name":"wp","href":"https:\/\/api.w.org\/{rel}","templated":true}]}}