{"id":18510,"date":"2025-03-08T16:12:38","date_gmt":"2025-03-08T14:12:38","guid":{"rendered":"http:\/\/flameguard.ee.dedi7782.your-server.de\/?post_type=product&#038;p=18510"},"modified":"2025-03-08T16:57:54","modified_gmt":"2025-03-08T14:57:54","slug":"riskianaluusi-audit","status":"publish","type":"product","link":"https:\/\/flameguard.ee\/da\/product\/revision-af-risikoanalyse\/","title":{"rendered":"Revision af risikoanalyse"},"content":{"rendered":"<p><b><span data-contrast=\"auto\">Risikoanalysen og handlingsplanen skal revideres mindst en gang om \u00e5ret.<\/span><\/b><\/p>\n<p>Arbejdsgiveren skal opdatere arbejdsmilj\u00f8risikoanalysen, hvis:<\/p>\n<ul>\n<li>arbejdsvilk\u00e5rene eller arbejdsmilj\u00f8et har \u00e6ndret sig betydeligt<\/li>\n<li>v\u00e6rkt\u00f8jer eller teknologi er blevet udskiftet eller opgraderet<\/li>\n<li>der er fremkommet nye data om risikofaktorens indvirkning p\u00e5 menneskers sundhed;<\/li>\n<li>ulykke eller farlig situation, har risikoniveauet \u00e6ndret sig i forhold til den oprindelige<\/li>\n<li>Bedriftsl\u00e6gen har identificeret medarbejderens arbejdsrelaterede sygdom under l\u00e6geunders\u00f8gelsen.<\/li>\n<\/ul>\n<p>Risikoanalysen skal ogs\u00e5 ajourf\u00f8res, hvis arbejdsinspekt\u00f8ren under tilsynet har konstateret, at risiciene i arbejdsmilj\u00f8et ikke er tilstr\u00e6kkeligt vurderet i risikoanalysen, herunder parametrene for risikofaktorer, eller der ikke er foreskrevet foranstaltninger til at mindske risiciene.<\/p>\n<p>N\u00e5r man vurderer risici i en virksomhed med egne ressourcer, er teamwork et plus: Der er ingen s\u00e5dan universel person, der kender alle arbejdsprocesser og er i stand til at analysere dem ud fra et risikofaktorers synspunkt. Outsourcing af tjenesten giver sikkerhed for, at analysen udf\u00f8res af en specialist, der er bekendt med metoden til risikovurdering og dokumentation. Som udenforst\u00e5ende kan en specialist ogs\u00e5 finde eller v\u00e6re i stand til at analysere farekilder, der slet ikke er m\u00e6rkbare ved f\u00f8rste \u00f8jekast. Den bedste l\u00f8sning er en risikovurdering i samarbejde mellem tjenesteyderen og arbejdsgiveren\/virksomhedens repr\u00e6sentant. P\u00e5 denne m\u00e5de l\u00e6gger to eksperter, der kender deres virksomheds arbejde og dets detaljer, risikovurderingsmetoden og er i stand til at give en mere objektiv vurdering af risici, hovederne sammen.<\/p>","protected":false},"excerpt":{"rendered":"<p>Form\u00e5let med en risikoanalyserevision er at identificere \u00e6ndringer i farer i arbejdsmilj\u00f8et og vurdere dem. Revisionen udf\u00f8res i samarbejde med kunden, og kun de parter, der er n\u00f8dvendige for at udf\u00f8re revisionen, er involveret. Revisionen udf\u00f8res i etaper:<\/p>\n<ul>\n<li>kendskab til risikoanalysen<\/li>\n<li>indsamling af oplysninger om arbejdsmilj\u00f8, arbejdsproces og medarbejdere<\/li>\n<li>identifikation af arbejdsmilj\u00f8risikofaktorer<\/li>\n<li>vurdering af de risici, der er forbundet med risikofaktorerne<\/li>\n<li>vurdering af aktiviteter til at eliminere eller reducere risikoen<\/li>\n<li>dokumentation for risikovurderingen.<\/li>\n<\/ul>\n<p>Det er rimeligt at foretage en revision af risikoanalyser, n\u00e5r der sker \u00e6ndringer i organisationens processer, aktiviteter eller placeringer. En ekstern revisor er uafh\u00e6ngig, og deres involvering tilf\u00f8jer mere v\u00e6rdi til organisationens branchespecifikke team.<\/p>\n<p><b><span data-contrast=\"auto\">Hvis du har sp\u00f8rgsm\u00e5l eller problemer, vil vores specialister og eksperter r\u00e5dgive dig.<\/span><\/b><span data-ccp-props=\"{&quot;201341983&quot;:0,&quot;335559739&quot;:0,&quot;335559740&quot;:240}\">\u00a0<\/span><\/p>\n<p><b><span data-contrast=\"auto\">Prisen for tjenesten inkluderer 1 times specialarbejde, hvor yderligere aktiviteter kortl\u00e6gges og priss\u00e6ttes i henhold til den faktiske arbejdsm\u00e6ngde.<\/span><\/b><\/p>","protected":false},"featured_media":18511,"template":"","meta":[],"product_brand":[],"product_cat":[122,116,119],"product_tag":[],"class_list":{"0":"post-18510","1":"product","2":"type-product","3":"status-publish","4":"has-post-thumbnail","6":"product_cat-auditeerimine","7":"product_cat-teenused","8":"product_cat-tooohutus-ja-tervishoid","10":"first","11":"instock","12":"taxable","13":"shipping-taxable","14":"purchasable","15":"product-type-simple"},"_links":{"self":[{"href":"https:\/\/flameguard.ee\/da\/wp-json\/wp\/v2\/product\/18510","targetHints":{"allow":["GET"]}}],"collection":[{"href":"https:\/\/flameguard.ee\/da\/wp-json\/wp\/v2\/product"}],"about":[{"href":"https:\/\/flameguard.ee\/da\/wp-json\/wp\/v2\/types\/product"}],"version-history":[{"count":1,"href":"https:\/\/flameguard.ee\/da\/wp-json\/wp\/v2\/product\/18510\/revisions"}],"predecessor-version":[{"id":18512,"href":"https:\/\/flameguard.ee\/da\/wp-json\/wp\/v2\/product\/18510\/revisions\/18512"}],"wp:featuredmedia":[{"embeddable":true,"href":"https:\/\/flameguard.ee\/da\/wp-json\/wp\/v2\/media\/18511"}],"wp:attachment":[{"href":"https:\/\/flameguard.ee\/da\/wp-json\/wp\/v2\/media?parent=18510"}],"wp:term":[{"taxonomy":"product_brand","embeddable":true,"href":"https:\/\/flameguard.ee\/da\/wp-json\/wp\/v2\/product_brand?post=18510"},{"taxonomy":"product_cat","embeddable":true,"href":"https:\/\/flameguard.ee\/da\/wp-json\/wp\/v2\/product_cat?post=18510"},{"taxonomy":"product_tag","embeddable":true,"href":"https:\/\/flameguard.ee\/da\/wp-json\/wp\/v2\/product_tag?post=18510"}],"curies":[{"name":"wp","href":"https:\/\/api.w.org\/{rel}","templated":true}]}}