{"id":18513,"date":"2025-03-08T17:01:56","date_gmt":"2025-03-08T15:01:56","guid":{"rendered":"http:\/\/flameguard.ee.dedi7782.your-server.de\/?post_type=product&#038;p=18513"},"modified":"2025-03-08T17:54:04","modified_gmt":"2025-03-08T15:54:04","slug":"tookeskkonna-riskianaluus","status":"publish","type":"product","link":"https:\/\/flameguard.ee\/da\/product\/risikoanalyse-af-arbejdsmiljo\/","title":{"rendered":"Risikoanalyse af arbejdsmilj\u00f8et"},"content":{"rendered":"<p><strong>Risikovurdering og -styring<\/strong><\/p>\n<p>Risikoanalyse er en aktivitet, hvor arbejdsgiveren identificerer og vurderer de risikofaktorer i arbejdsmilj\u00f8et, der kan skade medarbejderne. For eksempel utilstr\u00e6kkelig belysning, arbejde i tvungen stilling, uds\u00e6ttelse for kemikalier eller konstant st\u00f8j.\u00a0Det er vigtigt at opdage sundhedsfarer, f\u00f8r de skader medarbejderne, og ogs\u00e5 at t\u00e6nke p\u00e5 l\u00f8sninger. Den praktiske del af risikoanalysen er forslagene til neutralisering af hver risikofaktor. Risikovurdering og -afb\u00f8dning p\u00e5virker medarbejderens helbred samt deres arbejdsevne og virksomhedens pr\u00e6stationer. Hvis en medarbejder f.eks. forstyrres af en eller flere faktorer (st\u00f8j, tr\u00e6k, mangel p\u00e5 toiletter osv.), er der fejl i tilrettel\u00e6ggelsen af arbejdet (funktionsfejl, v\u00e6rkt\u00f8j, ekstra opgaver osv.), s\u00e5 er deres arbejdseffektivitet heller ikke den bedste. Men hvis medarbejderen ser og f\u00f8ler, at der bliver taget h\u00e5nd om dem, er det som regel med til at \u00f8ge medarbejderens motivation og dermed forbedre virksomhedens resultater. Risikoanalysen udf\u00f8res af arbejdsgiverens repr\u00e6sentanter, den respektive tjenesteudbyder eller den udf\u00f8res i samarbejde mellem virksomhedens repr\u00e6sentanter og den eksterne tjenesteyder. Der findes ikke en ensartet metode til at gennemf\u00f8re en risikoanalyse af arbejdsmilj\u00f8et. Loven fasts\u00e6tter kun de grundl\u00e6ggende krav, og hver virksomhed kan finde de bedst egnede l\u00f8sninger til det. If\u00f8lge loven er de fem grundl\u00e6ggende krav f\u00f8lgende:<\/p>\n<ul>\n<li>identifikation af risikofaktorer i arbejdsmilj\u00f8et<\/li>\n<li>m\u00e5ling af risikofaktorernes parametre, hvis det er n\u00f8dvendigt<\/li>\n<li>vurdering af risiciene for arbejdstagernes sikkerhed og sundhed p\u00e5 baggrund af det f\u00f8rste punkt<\/li>\n<li>udarbejdelse og lagring af risikoanalysen i et format, der kan gengives skriftligt<\/li>\n<li>udarbejdelse af en skriftlig handlingsplan p\u00e5 grundlag af en risikoanalyse, som foreskriver de aktiviteter, der skal tilrettel\u00e6gges inden for alle virksomhedens aktivitets- og ledelsesomr\u00e5der for at undg\u00e5 eller reducere sundhedsrisikoen for medarbejderne, deres tidsplan, eksekutorer og tildelingen af de n\u00f8dvendige ressourcer.<\/li>\n<\/ul>\n<p>At gennemf\u00f8re en risikoanalyse er en konsekvent proces, og risikoanalysen skal holdes i konstant overensstemmelse med det eksisterende arbejdsmilj\u00f8. Efter gennemf\u00f8relsen af forebyggende foranstaltninger skal deres tilstr\u00e6kkelighed vurderes i lyset af \u00e6ndringer i mennesker og teknologi samt afskrivning af udstyr og bygninger.<\/p>\n<p><strong>NB! Arbejdsmilj\u00f8m\u00e5linger (lys, st\u00f8j, str\u00e5ling mv.) og videnskabelig analyse af psykosociale risikofaktorer er ikke inkluderet i prisen og udf\u00f8res efter s\u00e6rlig aftale.<\/strong><\/p>","protected":false},"excerpt":{"rendered":"<p>Indsendelse af en risikoanalyse er obligatorisk for arbejdsgivere og skal indsendes <a href=\"https:\/\/iseteenindus.ti.ee\/login\">I arbejdstilsynets selvbetjeningsmilj\u00f8.<\/a> I l\u00f8bet af risikoanalysen fastl\u00e6gger vi risikofaktorerne i arbejdsgiverens arbejdsmilj\u00f8, vurderer risikoens st\u00f8rrelse, dvs. risiciene, og fastl\u00e6gger foranstaltninger til at reducere risiciene. Om n\u00f8dvendigt m\u00e5les parametrene for farefaktorer (f.eks. st\u00f8j, vibrationer, luftens kemiske sammens\u00e6tning osv.).<\/p>\n<p>Aktiviteter relateret til risikoanalyse omfatter:<\/p>\n<ul>\n<li>kendskab til eksisterende arbejdsprocesser og instrukser<\/li>\n<li>tale med ledelse og medarbejdere;<\/li>\n<li>bes\u00f8g i arbejdsmilj\u00f8et;<\/li>\n<li>udarbejdelse af de n\u00f8dvendige sp\u00f8rgeskemaer<\/li>\n<li>udarbejdelse af et resum\u00e9;<\/li>\n<li>udarbejdelse af en handlingsplan for risikoreduktion.<\/li>\n<li>Indf\u00f8relse af risikoanalyse.<\/li>\n<\/ul>\n<p><b><span data-contrast=\"auto\">Hvis du har sp\u00f8rgsm\u00e5l eller problemer, vil vores specialister og eksperter r\u00e5dgive dig.<\/span><\/b><span data-ccp-props=\"{&quot;201341983&quot;:0,&quot;335559739&quot;:0,&quot;335559740&quot;:240}\">\u00a0<\/span><\/p>\n<p><b><span data-contrast=\"auto\">Prisen for tjenesten inkluderer 16 timers specialiseret arbejde, hvor yderligere organisationsbaserede aktiviteter kortl\u00e6gges og priss\u00e6ttes i forhold til den ekstra arbejdsbyrde.<\/span><\/b><\/p>","protected":false},"featured_media":18514,"template":"","meta":[],"product_brand":[],"product_cat":[116,119],"product_tag":[],"class_list":{"0":"post-18513","1":"product","2":"type-product","3":"status-publish","4":"has-post-thumbnail","6":"product_cat-teenused","7":"product_cat-tooohutus-ja-tervishoid","9":"first","10":"instock","11":"taxable","12":"shipping-taxable","13":"purchasable","14":"product-type-simple"},"_links":{"self":[{"href":"https:\/\/flameguard.ee\/da\/wp-json\/wp\/v2\/product\/18513","targetHints":{"allow":["GET"]}}],"collection":[{"href":"https:\/\/flameguard.ee\/da\/wp-json\/wp\/v2\/product"}],"about":[{"href":"https:\/\/flameguard.ee\/da\/wp-json\/wp\/v2\/types\/product"}],"version-history":[{"count":1,"href":"https:\/\/flameguard.ee\/da\/wp-json\/wp\/v2\/product\/18513\/revisions"}],"predecessor-version":[{"id":18515,"href":"https:\/\/flameguard.ee\/da\/wp-json\/wp\/v2\/product\/18513\/revisions\/18515"}],"wp:featuredmedia":[{"embeddable":true,"href":"https:\/\/flameguard.ee\/da\/wp-json\/wp\/v2\/media\/18514"}],"wp:attachment":[{"href":"https:\/\/flameguard.ee\/da\/wp-json\/wp\/v2\/media?parent=18513"}],"wp:term":[{"taxonomy":"product_brand","embeddable":true,"href":"https:\/\/flameguard.ee\/da\/wp-json\/wp\/v2\/product_brand?post=18513"},{"taxonomy":"product_cat","embeddable":true,"href":"https:\/\/flameguard.ee\/da\/wp-json\/wp\/v2\/product_cat?post=18513"},{"taxonomy":"product_tag","embeddable":true,"href":"https:\/\/flameguard.ee\/da\/wp-json\/wp\/v2\/product_tag?post=18513"}],"curies":[{"name":"wp","href":"https:\/\/api.w.org\/{rel}","templated":true}]}}