{"id":18516,"date":"2025-03-08T17:56:05","date_gmt":"2025-03-08T15:56:05","guid":{"rendered":"http:\/\/flameguard.ee.dedi7782.your-server.de\/?post_type=product&#038;p=18516"},"modified":"2025-03-15T16:14:54","modified_gmt":"2025-03-15T14:14:54","slug":"tookeskkonna-esindaja","status":"publish","type":"product","link":"https:\/\/flameguard.ee\/da\/product\/arbejdsmiljorepraesentant\/","title":{"rendered":"SHEQ-repr\u00e6sentant"},"content":{"rendered":"<p><strong>Arbejdsmilj\u00f8specialist <\/strong>Opgaven er at tilrettel\u00e6gge virksomhedens arbejdsmilj\u00f8aktiviteter i overensstemmelse med lovgivningens krav \u2013 fx ved at gennemf\u00f8re en risikoanalyse eller v\u00e6lge arbejdsmilj\u00f8repr\u00e6sentanter. <strong>I enhver virksomhed, uanset dens st\u00f8rrelse<\/strong>, skal v\u00e6re arbejdsmilj\u00f8specialist, medmindre arbejdsgiveren er den eneste medarbejder i virksomheden med en ans\u00e6ttelseskontrakt.<\/p>\n<p class=\"section-title\"><strong>Arbejdsmilj\u00f8repr\u00e6sentant <\/strong>er medarbejderrepr\u00e6sentant i arbejdsmilj\u00f8sp\u00f8rgsm\u00e5l, der er med til at belyse og formidle arbejdsmilj\u00f8problemer til arbejdsgiveren. Der formodes at foreligge en arbejdsmilj\u00f8repr\u00e6sentant i den virksomhed, hvor medarbejderen <strong>10 eller flere medarbejdere<\/strong>.<\/p>\n<p><strong>R\u00e5det (Arbejdsmilj\u00f8)<\/strong>\u00a0er et samarbejdsorgan, der er oprettet i st\u00f8rre virksomheder, hvor\u00a0<strong>Samarbejde<\/strong>\u00a0arbejdsmilj\u00f8sp\u00f8rgsm\u00e5l i virksomheden. Arbejdsmilj\u00f8r\u00e5det dannes i virksomheder, der besk\u00e6ftiger\u00a0<strong>150 eller flere medarbejdere<\/strong>, best\u00e5r R\u00e5det af\u00a0<strong>Ligeligt<\/strong>\u00a0repr\u00e6sentanter for b\u00e5de arbejdsgiveren og arbejdstagerne. Antallet af medlemmer af arbejdsmilj\u00f8r\u00e5det afh\u00e6nger af virksomheden og er efter arbejdsgiverens sk\u00f8n, dog mindst\u00a0<strong>4 medlemmer<\/strong>\u00a0(herunder 2 arbejdsgiver- og 2 arbejdstagerrepr\u00e6sentanter). Tilladelse fra arbejdsgiverens repr\u00e6sentant\u00a0<strong>Gyldighedsperioden fasts\u00e6ttes af arbejdsgiveren<\/strong>\u00a0og arbejdstagerrepr\u00e6sentanternes bef\u00f8jelser\u00a0<strong>Gyldighedsperioden fasts\u00e6ttes af medarbejderm\u00f8det<\/strong>.\u00a0Medarbejderrepr\u00e6sentanter kan fjernes fra r\u00e5det ved et personalem\u00f8de.<\/p>\n<p><strong>Kvalitetsspecialist<\/strong> Form\u00e5let med arbejdet er at opn\u00e5 en b\u00e6redygtig og omfattende opfyldelse af kvalitetskravene i alle dele af organisationen sammen med kolleger. Den forvalter konsekvent organisationens kvalitetsstyringssystem inden for rammerne af dens bef\u00f8jelser og sikrer, at det fungerer.<br \/>\nKvalifikationskampe<span id=\"67cc71dd519c1_span\" class=\"peidus\">I sine aktiviteter relateret til organisationens kvalitet styres den af organisationens kvalitetsvejledende principper og de relevante retningslinjer og ordrer fra kvalitetslederen og procesejerne, samt den jobbeskrivelse, der er fastlagt for ham\/hende.<\/span><\/p>\n<p><strong>Specialist i brandsikkerhed<\/strong> <strong>(Niveau 5)<\/strong> Arbejdets indhold er vurderingen af brandsikkerhedssituationen. R\u00e5dgivning og vejledning om brandsikkerhed til bygningsadministratorer, ejere mv. samt informationsarbejde til forebyggelse af brand og andre ulykker. En brandsikkerhedsspecialist arbejder b\u00e5de selvst\u00e6ndigt og i et team, deres arbejde kr\u00e6ver kommunikation med hinanden<span id=\"67cc72423fad1_span\" class=\"peidus\">med g\u00e6ster og kunder. Erhvervet som brandsikkerhedsspecialist omfatter ogs\u00e5 <strong>Niveau 6 Brandsikkerhedsekspertkvalifikation<\/strong>, der ud over aktiviteterne som brandsikkerhedsspecialist udf\u00f8rer brandsikkerhedsekspertise og har kompetence inden for strukturel brandsikkerhed.<\/span><\/p>\n<p><strong>Risikostyring<\/strong> tager sig af organisationens risikostyring ved proaktivt at identificere og analysere potentielle risici og udvikle forebyggende foranstaltninger for at eliminere eller afb\u00f8de disse risici fuldst\u00e6ndigt. Risikostyring kan spille en afg\u00f8rende rolle i organisationer eller virksomheder. En risikomanager er en kvalificeret professionel, der har specialiseret sig i at h\u00e5ndtere operationelle eller operationelle risici, som organisationer kan st\u00e5 over for under deres forretning.<\/p>\n<p><strong>Sikkerhedschef<\/strong> besk\u00e6ftiger sig hovedsagelig med forebyggelse af ulykker. Han omtales undertiden ogs\u00e5 som en risikomanager, fordi sundheds- og sikkerhedsrisici skal vurderes p\u00e5 arbejdspladsen eller arbejdspladsen, f\u00f8r der tr\u00e6ffes forebyggende eller korrigerende foranstaltninger. Enhver korrigerende eller forebyggende handling, der tr\u00e6ffes af sikkerhedschefen, skal v\u00e6re i overensstemmelse med love eller regler. En sikkerhedschef bestemmer den fare, som arbejde i et bestemt milj\u00f8 udg\u00f8r, og implementerer derefter medarbejderbeskyttelsespolitikker og -procedurer.<\/p>\n<div id=\"selgi-1273345502\" class=\"selgi-content\"><\/div>","protected":false},"excerpt":{"rendered":"<p><strong>SHEQ<\/strong> <strong>repr\u00e6sentant<\/strong> Tjenesten (Sikkerhed, Sundhed, Milj\u00f8, Kvalitet) er beregnet til at st\u00f8tte teamet i en virksomhed eller organisation, som skal indeholde mindst \u00e9n af listen:<\/p>\n<ul>\n<li>arbejdsmilj\u00f8specialist;<\/li>\n<li>arbejdsmilj\u00f8repr\u00e6sentant;<\/li>\n<li>Medlem af Arbejdsmilj\u00f8r\u00e5det.<\/li>\n<li>kvalitets specialist;<\/li>\n<li>specialist i brandsikkerhed;<\/li>\n<li>risikostyring;<\/li>\n<li>sikkerhedschef mv.<\/li>\n<\/ul>\n<p>Vores eksterne specialist st\u00f8tter og repr\u00e6senterer klienten i en p\u00e5 forh\u00e5nd aftalt m\u00e6ngde og p\u00e5 vilk\u00e5r og betingelser. Med en samarbejdsaftale p\u00e5 mindst 12 m\u00e5neder er det muligt at tildele repr\u00e6sentanten en stillingsbetegnelse, der er forenelig med kundens struktur og tilsynsmyndighedens ret til repr\u00e6sentation (arbejdstilsynet, redningsn\u00e6vnet osv.). Kunden betaler for r\u00e5dgivningen p\u00e5 grundlag af den aktuelle timepris.<\/p>\n<p><b><span data-contrast=\"auto\">Prisen for ydelsen inkluderer 1 times specialarbejde, hvor yderligere organisationsbaserede aktiviteter kortl\u00e6gges og priss\u00e6ttes efter den faktiske arbejdsm\u00e6ngde.\u00a0<\/span><\/b><\/p>","protected":false},"featured_media":18517,"template":"","meta":[],"product_brand":[],"product_cat":[121,120,116,119,118],"product_tag":[],"class_list":{"0":"post-18516","1":"product","2":"type-product","3":"status-publish","4":"has-post-thumbnail","6":"product_cat-keskkonnajuhtimine","7":"product_cat-kvaliteedijuhtimine","8":"product_cat-teenused","9":"product_cat-tooohutus-ja-tervishoid","10":"product_cat-tuleohutus","12":"first","13":"instock","14":"taxable","15":"shipping-taxable","16":"purchasable","17":"product-type-simple"},"_links":{"self":[{"href":"https:\/\/flameguard.ee\/da\/wp-json\/wp\/v2\/product\/18516","targetHints":{"allow":["GET"]}}],"collection":[{"href":"https:\/\/flameguard.ee\/da\/wp-json\/wp\/v2\/product"}],"about":[{"href":"https:\/\/flameguard.ee\/da\/wp-json\/wp\/v2\/types\/product"}],"version-history":[{"count":6,"href":"https:\/\/flameguard.ee\/da\/wp-json\/wp\/v2\/product\/18516\/revisions"}],"predecessor-version":[{"id":18799,"href":"https:\/\/flameguard.ee\/da\/wp-json\/wp\/v2\/product\/18516\/revisions\/18799"}],"wp:featuredmedia":[{"embeddable":true,"href":"https:\/\/flameguard.ee\/da\/wp-json\/wp\/v2\/media\/18517"}],"wp:attachment":[{"href":"https:\/\/flameguard.ee\/da\/wp-json\/wp\/v2\/media?parent=18516"}],"wp:term":[{"taxonomy":"product_brand","embeddable":true,"href":"https:\/\/flameguard.ee\/da\/wp-json\/wp\/v2\/product_brand?post=18516"},{"taxonomy":"product_cat","embeddable":true,"href":"https:\/\/flameguard.ee\/da\/wp-json\/wp\/v2\/product_cat?post=18516"},{"taxonomy":"product_tag","embeddable":true,"href":"https:\/\/flameguard.ee\/da\/wp-json\/wp\/v2\/product_tag?post=18516"}],"curies":[{"name":"wp","href":"https:\/\/api.w.org\/{rel}","templated":true}]}}