{"id":18522,"date":"2025-03-08T19:03:30","date_gmt":"2025-03-08T17:03:30","guid":{"rendered":"http:\/\/flameguard.ee.dedi7782.your-server.de\/?post_type=product&#038;p=18522"},"modified":"2025-03-10T10:41:34","modified_gmt":"2025-03-10T08:41:34","slug":"iso-14000-audit","status":"publish","type":"product","link":"https:\/\/flameguard.ee\/da\/product\/iso-14000-revision\/","title":{"rendered":"ISO 9001\/14001 revision"},"content":{"rendered":"<p><strong>ISO 9001, 14001<\/strong> er et formelt ledelsessystem i virksomheden, der sigter mod frivillig kvalitetsstyring og milj\u00f8beskyttelse. S\u00e5som <strong>ISO 14001<\/strong> Standarden anbefaler at dokumentere nyttige milj\u00f8aktiviteter, og de forskellige interessenter i virksomheden eller organisationen deltager i udarbejdelsen af dokumentet. <strong>ISO 9001-standard\u00a0<\/strong>er en international standard, der definerer de grundl\u00e6ggende krav til et kvalitetsstyringssystem. Denne standard bruges ofte i evalueringen af leverand\u00f8rer, dvs. det er et af kriterierne i indk\u00f8bskonkurrencer eller leverand\u00f8revalueringssystemer.<\/p>\n<p>L\u00e6s mere<\/p>\n<p>https:\/\/www.iso.org\/standards\/popular\/iso-9000-family<\/p>\n<p>https:\/\/www.iso.org\/standards\/popular\/iso-14000-family<\/p>\n<p>&nbsp;<\/p>\n<p>&nbsp;<\/p>\n<p>&nbsp;<\/p>","protected":false},"excerpt":{"rendered":"<p>For at sige det enkelt kan ISO 9001 og 14001 revisioner forst\u00e5s som aktiviteter inden for tre hovedomr\u00e5der: ansvar, ledelse og drift.<\/p>\n<ul>\n<li><strong>Revision af ansvar<\/strong> vurderer overholdelse af g\u00e6ldende love og regler.<\/li>\n<li><strong>Operationel revision<\/strong> fokuserer p\u00e5 emner som affaldsh\u00e5ndtering og energiforbrug.<\/li>\n<li><strong>Ledelsens revision<\/strong> sammenligner resultaterne med m\u00e5lene for organisationens milj\u00f8ledelsessystem ISO 14001.<\/li>\n<li><strong>Finansiel revision<\/strong> kan vurdere de dermed forbundne omkostninger, energibesparelser og undg\u00e5else af b\u00f8der for milj\u00f8overtr\u00e6delser.<\/li>\n<\/ul>\n<p>En revision udf\u00f8rt af en konsulent eller revisor kan vurdere hele kvalitetsstyrings- eller milj\u00f8ledelsessystemet eller dets specifikke komponenter. Den generelle revision skal vurdere milj\u00f8p\u00e5virkningerne af forvaltning, produktionsprocesser, anvendelse og affaldsh\u00e5ndtering. Rapporten efter revisionen giver vejledning til l\u00f8bende forbedring af resultaterne.<\/p>\n<p><b><span data-contrast=\"auto\">Prisen for ydelsen inkluderer 1 times specialarbejde, hvor yderligere organisationsbaserede aktiviteter kortl\u00e6gges og priss\u00e6ttes efter den faktiske arbejdsm\u00e6ngde.\u00a0<\/span><\/b><\/p>","protected":false},"featured_media":18524,"template":"","meta":[],"product_brand":[],"product_cat":[122,121,120,116],"product_tag":[],"class_list":{"0":"post-18522","1":"product","2":"type-product","3":"status-publish","4":"has-post-thumbnail","6":"product_cat-auditeerimine","7":"product_cat-keskkonnajuhtimine","8":"product_cat-kvaliteedijuhtimine","9":"product_cat-teenused","11":"first","12":"instock","13":"taxable","14":"shipping-taxable","15":"purchasable","16":"product-type-simple"},"_links":{"self":[{"href":"https:\/\/flameguard.ee\/da\/wp-json\/wp\/v2\/product\/18522","targetHints":{"allow":["GET"]}}],"collection":[{"href":"https:\/\/flameguard.ee\/da\/wp-json\/wp\/v2\/product"}],"about":[{"href":"https:\/\/flameguard.ee\/da\/wp-json\/wp\/v2\/types\/product"}],"version-history":[{"count":4,"href":"https:\/\/flameguard.ee\/da\/wp-json\/wp\/v2\/product\/18522\/revisions"}],"predecessor-version":[{"id":18527,"href":"https:\/\/flameguard.ee\/da\/wp-json\/wp\/v2\/product\/18522\/revisions\/18527"}],"wp:featuredmedia":[{"embeddable":true,"href":"https:\/\/flameguard.ee\/da\/wp-json\/wp\/v2\/media\/18524"}],"wp:attachment":[{"href":"https:\/\/flameguard.ee\/da\/wp-json\/wp\/v2\/media?parent=18522"}],"wp:term":[{"taxonomy":"product_brand","embeddable":true,"href":"https:\/\/flameguard.ee\/da\/wp-json\/wp\/v2\/product_brand?post=18522"},{"taxonomy":"product_cat","embeddable":true,"href":"https:\/\/flameguard.ee\/da\/wp-json\/wp\/v2\/product_cat?post=18522"},{"taxonomy":"product_tag","embeddable":true,"href":"https:\/\/flameguard.ee\/da\/wp-json\/wp\/v2\/product_tag?post=18522"}],"curies":[{"name":"wp","href":"https:\/\/api.w.org\/{rel}","templated":true}]}}