{"id":18535,"date":"2025-03-08T21:32:41","date_gmt":"2025-03-08T19:32:41","guid":{"rendered":"http:\/\/flameguard.ee.dedi7782.your-server.de\/?post_type=product&#038;p=18535"},"modified":"2025-03-08T21:55:27","modified_gmt":"2025-03-08T19:55:27","slug":"fipron-cord-2-tulekustusnoor","status":"publish","type":"product","link":"https:\/\/flameguard.ee\/da\/product\/fipron-ledning-2-brandslukningsledning\/","title":{"rendered":"FIPRON Cord 2 brandslukningsledning"},"content":{"rendered":"<p>Produktet opfylder de tekniske krav og giver effektiv beskyttelse under en r\u00e6kke forskellige forhold og situationer.<\/p>\n<p><a style=\"color: #fe312e;\" href=\"https:\/\/flameguard.ee\/wp-content\/uploads\/2025\/03\/Certificate-of-conformity-CORD.pdf\" target=\"_blank\" rel=\"noopener\"><img decoding=\"async\" src=\"\/wp-content\/uploads\/2025\/02\/pdf-icon.webp\" \/> Certifikat<\/a><\/p>\n<p><a style=\"color: #fe312e;\" href=\"\/wp-content\/uploads\/2025\/03\/Fipron-Broshure-EST.pdf\" target=\"_blank\" rel=\"noopener\"><img decoding=\"async\" src=\"\/wp-content\/uploads\/2025\/02\/pdf-icon.webp\" \/> Produktkort<\/a><\/p>\n<p><a style=\"color: #fe312e;\" href=\"\/wp-content\/uploads\/2025\/03\/Fipron-Broshure-EST2-1.pdf\" target=\"_blank\" rel=\"noopener\"><img decoding=\"async\" src=\"\/wp-content\/uploads\/2025\/02\/pdf-icon.webp\" \/> Produktkort<\/a><\/p>","protected":false},"excerpt":{"rendered":"<p><strong>FIPRON\u2122 Ledning 2 <\/strong>er en autonom brandslukningsanordning af ledningstypen, der indeholder mikrokapsler udstyret med et brandslukningsmiddel, der aktiveres ved en bestemt temperatur. Det er en innovativ og ny l\u00f8sning, der er specielt designet til brandslukning i IP20 og derover paneler og elinstallationer med en kapacitet p\u00e5 op til 2000 liter. FIPRON\u2122 Cord fungerer som en intelligent og autonom brandslukningsanordning, der aktiveres ved en temperatur p\u00e5 120 \u00b0C og frigiver slukningsmidlet fra kapslerne, hvilket resulterer i, at ilden slukkes. Produkterne er meget fleksible og nemme at installere p\u00e5 begr\u00e6nset plads. Klisterm\u00e6rkerne er lette og kan bruges ved temperaturer fra -50 C til +80 C og indeholder ikke stoffer, der nedbryder ozonlaget. Garantiperioden efter installationen er 5 \u00e5r.<\/p>\n<p><strong>Specifikationer:<\/strong><\/p>\n<p><strong>Ledning 2<\/strong> (produktkode C02100200): 1 meter ledning er beregnet til at slukke brande i installationer med en kapacitet p\u00e5 op til 200 liter. Maksimal anbefalet brug i installationer med et volumen p\u00e5 op til 800 L.<\/p>\n<p>Aktiveringstemperatur: 120 C<br \/>\nFugtighedsniveau i arbejdsmilj\u00f8et op til 90%<br \/>\nDriftstemperatur: -50 C til +80 C<br \/>\nSlukningsmiddel beskrivelse: 3M\u2122 Novec\u2122 1230 BRANDSLUKNINGSV\u00c6SKE<\/p>\n<p>&nbsp;<\/p>","protected":false},"featured_media":18530,"template":"","meta":[],"product_brand":[],"product_cat":[125,83],"product_tag":[],"class_list":{"0":"post-18535","1":"product","2":"type-product","3":"status-publish","4":"has-post-thumbnail","6":"product_cat-innovatsioon","7":"product_cat-tulekustutid","9":"first","10":"instock","11":"taxable","12":"shipping-taxable","13":"purchasable","14":"product-type-simple"},"_links":{"self":[{"href":"https:\/\/flameguard.ee\/da\/wp-json\/wp\/v2\/product\/18535","targetHints":{"allow":["GET"]}}],"collection":[{"href":"https:\/\/flameguard.ee\/da\/wp-json\/wp\/v2\/product"}],"about":[{"href":"https:\/\/flameguard.ee\/da\/wp-json\/wp\/v2\/types\/product"}],"version-history":[{"count":4,"href":"https:\/\/flameguard.ee\/da\/wp-json\/wp\/v2\/product\/18535\/revisions"}],"predecessor-version":[{"id":18555,"href":"https:\/\/flameguard.ee\/da\/wp-json\/wp\/v2\/product\/18535\/revisions\/18555"}],"wp:featuredmedia":[{"embeddable":true,"href":"https:\/\/flameguard.ee\/da\/wp-json\/wp\/v2\/media\/18530"}],"wp:attachment":[{"href":"https:\/\/flameguard.ee\/da\/wp-json\/wp\/v2\/media?parent=18535"}],"wp:term":[{"taxonomy":"product_brand","embeddable":true,"href":"https:\/\/flameguard.ee\/da\/wp-json\/wp\/v2\/product_brand?post=18535"},{"taxonomy":"product_cat","embeddable":true,"href":"https:\/\/flameguard.ee\/da\/wp-json\/wp\/v2\/product_cat?post=18535"},{"taxonomy":"product_tag","embeddable":true,"href":"https:\/\/flameguard.ee\/da\/wp-json\/wp\/v2\/product_tag?post=18535"}],"curies":[{"name":"wp","href":"https:\/\/api.w.org\/{rel}","templated":true}]}}