{"id":18604,"date":"2025-03-10T09:08:05","date_gmt":"2025-03-10T07:08:05","guid":{"rendered":"http:\/\/flameguard.ee.dedi7782.your-server.de\/?post_type=product&#038;p=18604"},"modified":"2025-03-10T11:15:23","modified_gmt":"2025-03-10T09:15:23","slug":"kuttesusteemide-eksperthinnang","status":"publish","type":"product","link":"https:\/\/flameguard.ee\/da\/product\/ekspertvurdering-af-varmesystemer\/","title":{"rendered":"Ekspertvurdering af varmesystemer"},"content":{"rendered":"<p><strong>Hvorfor har du brug for en ekspertvurdering af varmesystemet<\/strong><\/p>\n<p>En sagkyndig vurdering af varmeanl\u00e6g er hovedsageligt p\u00e5kr\u00e6vet ved ans\u00f8gning om tilladelse til brug eller efter anmodning fra redningsn\u00e6vnet. Nogle gange anmodes der ogs\u00e5 om en ekspertvurdering efter k\u00f8b af fast ejendom for at identificere skjulte mangler. Derfor anbefales det at bestille en ekspertvurdering, inden du k\u00f8ber fast ejendom for at f\u00e5 et overblik over tilstanden af varmesystemet og pejse. P\u00e5 denne m\u00e5de kan mulige problemer undg\u00e5s, der kan opst\u00e5 senere efter indg\u00e5elsen af k\u00f8bs- og salgskontrakten. Situationer, hvor en boligbygning k\u00f8bes om for\u00e5ret, og fejl i varmesystemet f\u00f8rst bliver synlige i begyndelsen af fyringss\u00e6sonen, er s\u00e6rligt komplicerede.<\/p>","protected":false},"excerpt":{"rendered":"<p>Ekspertvurderinger eller revisioner af varmesystemer er normalt n\u00f8dvendige af to grunde. For det f\u00f8rste giver det ejeren af bygningen de n\u00f8dvendige oplysninger om sikkerheden ved brug af pejse og forklarer, om varmesystemet skal genopbygges eller repareres. For det andet er den kyndige vurdering af varmesystemet et af de mange dokumenter, der er n\u00f8dvendige i processen med at ans\u00f8ge om tilladelse til brug.<\/p>\n<p>En ekspertvurdering af varmesystemer og pejse inkluderer normalt f\u00f8rst en inspektion af varmeudstyr og en vurdering af deres integritet. Derudover er f\u00f8lgende aspekter ogs\u00e5 vigtige:<\/p>\n<ul>\n<li>inspektion af skorstenenes tilstand;<\/li>\n<li>inspektion af forbindelsesr\u00f8g;<\/li>\n<li>vurdering af varmesystemets overensstemmelse med bygningskravene, herunder brandsikkerhedskrav<\/li>\n<li>brandcellers integritet;<\/li>\n<li>gennemg\u00e5 den eksisterende dokumentation for varmesystemet.<\/li>\n<\/ul>\n<div class=\"elementor-element elementor-element-53ce8fe2 elementor-widget elementor-widget-text-editor\" data-id=\"53ce8fe2\" data-element_type=\"widget\" data-widget_type=\"text-editor.default\">\n<div class=\"elementor-widget-container\">\n<p><strong>Sagkyndig vurdering m\u00e5 kun foretages p\u00e5 grundlag af en gyldig <\/strong><strong><span class=\"elementor-icon-list-text\">skorstensfejer-mester niveau 5, <\/span><\/strong><strong><span class=\"elementor-icon-list-text\">mester keramiker niveau 5, <\/span><\/strong><strong><span class=\"elementor-icon-list-text\">Brandsikkerhedsekspert niveau 6 <\/span><\/strong><strong>\u00a0en person med en faglig kvalifikation.<\/strong><\/p>\n<\/div>\n<\/div>\n<div class=\"elementor-element elementor-element-7fe0e6ac elementor-align-left elementor-icon-list--layout-traditional elementor-list-item-link-full_width elementor-widget elementor-widget-icon-list\" data-id=\"7fe0e6ac\" data-element_type=\"widget\" data-widget_type=\"icon-list.default\">\n<div class=\"elementor-widget-container\">\n<p><b><span data-contrast=\"auto\">Prisen for tjenesten inkluderer 1 times specialarbejde, hvor yderligere aktiviteter kortl\u00e6gges og priss\u00e6ttes i henhold til den faktiske arbejdsm\u00e6ngde.\u00a0<\/span><\/b><\/p>\n<\/div>\n<\/div>","protected":false},"featured_media":18605,"template":"","meta":[],"product_brand":[],"product_cat":[122,116,118],"product_tag":[],"class_list":{"0":"post-18604","1":"product","2":"type-product","3":"status-publish","4":"has-post-thumbnail","6":"product_cat-auditeerimine","7":"product_cat-teenused","8":"product_cat-tuleohutus","10":"first","11":"instock","12":"taxable","13":"shipping-taxable","14":"purchasable","15":"product-type-simple"},"_links":{"self":[{"href":"https:\/\/flameguard.ee\/da\/wp-json\/wp\/v2\/product\/18604","targetHints":{"allow":["GET"]}}],"collection":[{"href":"https:\/\/flameguard.ee\/da\/wp-json\/wp\/v2\/product"}],"about":[{"href":"https:\/\/flameguard.ee\/da\/wp-json\/wp\/v2\/types\/product"}],"version-history":[{"count":8,"href":"https:\/\/flameguard.ee\/da\/wp-json\/wp\/v2\/product\/18604\/revisions"}],"predecessor-version":[{"id":18614,"href":"https:\/\/flameguard.ee\/da\/wp-json\/wp\/v2\/product\/18604\/revisions\/18614"}],"wp:featuredmedia":[{"embeddable":true,"href":"https:\/\/flameguard.ee\/da\/wp-json\/wp\/v2\/media\/18605"}],"wp:attachment":[{"href":"https:\/\/flameguard.ee\/da\/wp-json\/wp\/v2\/media?parent=18604"}],"wp:term":[{"taxonomy":"product_brand","embeddable":true,"href":"https:\/\/flameguard.ee\/da\/wp-json\/wp\/v2\/product_brand?post=18604"},{"taxonomy":"product_cat","embeddable":true,"href":"https:\/\/flameguard.ee\/da\/wp-json\/wp\/v2\/product_cat?post=18604"},{"taxonomy":"product_tag","embeddable":true,"href":"https:\/\/flameguard.ee\/da\/wp-json\/wp\/v2\/product_tag?post=18604"}],"curies":[{"name":"wp","href":"https:\/\/api.w.org\/{rel}","templated":true}]}}