{"id":18616,"date":"2025-03-10T10:17:48","date_gmt":"2025-03-10T08:17:48","guid":{"rendered":"http:\/\/flameguard.ee.dedi7782.your-server.de\/?post_type=product&#038;p=18616"},"modified":"2025-03-10T11:09:14","modified_gmt":"2025-03-10T09:09:14","slug":"tuleohutusaudit","status":"publish","type":"product","link":"https:\/\/flameguard.ee\/da\/product\/revision-af-brandsikkerhed\/","title":{"rendered":"Revision af brandsikkerhed"},"content":{"rendered":"<p><strong>Hvorfor har du brug for en brandsikkerhedsrevision? <\/strong><\/p>\n<p>Form\u00e5let med en brandsikkerhedsrevision af en bygning er at give en vurdering af bygningens brandsikkerhed. Bygningen skal udformes og opf\u00f8res p\u00e5 en s\u00e5dan m\u00e5de, at der i tilf\u00e6lde af brand:<\/p>\n<ul>\n<li>bygningens b\u00e6reevne opretholdes i det foreskrevne tidsrum;<\/li>\n<li>generering og spredning af ild og r\u00f8g i bygningen er begr\u00e6nset;<\/li>\n<li>spredningen af brand til nabobygninger er begr\u00e6nset;<\/li>\n<li>sikker evakuering er sikret;<\/li>\n<li>Der er taget hensyn til redningsholdets sikkerhed og operationelle kapacitet.<\/li>\n<\/ul>\n<p>Et brandsikkerhedssyn af en bygning er p\u00e5kr\u00e6vet for at opn\u00e5 tilladelse til brug af en bygning, hvis:<\/p>\n<ul>\n<li>der er ikke noget byggeprojekt, der er godkendt af redningsr\u00e5det;<\/li>\n<li>bygningen er opf\u00f8rt v\u00e6sentligt anderledes end det godkendte projekt;<\/li>\n<li>m\u00e5den bygningen bruges p\u00e5, \u00e6ndrer sig;<\/li>\n<li>Der er ingen dokumentation, der bekr\u00e6fter sikkerheden af bygge- og byggematerialer.<\/li>\n<\/ul>","protected":false},"excerpt":{"rendered":"<p>Vi udf\u00f8rer brandsikkerhedsrevisioner for parcelhuse, hj\u00e6lpebygninger, etageejendomme samt industri-, kontor- og montagebygninger. En brandsikkerhedsrevision begynder med gennemgang af bygningens brandsikkerhedsdokumentation og efterf\u00f8lges af en inspektion af stedet. Under inspektionen kontrolleres ogs\u00e5 brandsikkerhedsinstallationernes tilstand og strukturer. Som f\u00f8lge heraf gennemf\u00f8res en brandsikkerhedsrevision. Hvis der opst\u00e5r brandsikkerhedsmangler, r\u00e5dgiver vi om, hvordan du fjerner dem. Derudover kan vi om n\u00f8dvendigt tilbyde hj\u00e6lp til at fjerne de identificerede mangler.<\/p>\n<div class=\"elementor-element elementor-element-53ce8fe2 elementor-widget elementor-widget-text-editor\" data-id=\"53ce8fe2\" data-element_type=\"widget\" data-widget_type=\"text-editor.default\">\n<div class=\"elementor-widget-container\">\n<p><strong>Sagkyndig vurdering m\u00e5 kun foretages p\u00e5 grundlag af en gyldig <\/strong><strong><span class=\"elementor-icon-list-text\">Brandsikkerhedsekspert niveau 6 <\/span><\/strong><strong>en person med en faglig kvalifikation.<\/strong><\/p>\n<\/div>\n<\/div>\n<div class=\"elementor-element elementor-element-7fe0e6ac elementor-align-left elementor-icon-list--layout-traditional elementor-list-item-link-full_width elementor-widget elementor-widget-icon-list\" data-id=\"7fe0e6ac\" data-element_type=\"widget\" data-widget_type=\"icon-list.default\">\n<div class=\"elementor-widget-container\">\n<p><b><span data-contrast=\"auto\">Prisen for tjenesten inkluderer 1 times specialarbejde, hvor yderligere aktiviteter kortl\u00e6gges og priss\u00e6ttes i henhold til den faktiske arbejdsm\u00e6ngde.\u00a0<\/span><\/b><\/p>\n<\/div>\n<\/div>","protected":false},"featured_media":18617,"template":"","meta":[],"product_brand":[],"product_cat":[122,116,118],"product_tag":[],"class_list":{"0":"post-18616","1":"product","2":"type-product","3":"status-publish","4":"has-post-thumbnail","6":"product_cat-auditeerimine","7":"product_cat-teenused","8":"product_cat-tuleohutus","10":"first","11":"instock","12":"taxable","13":"shipping-taxable","14":"purchasable","15":"product-type-simple"},"_links":{"self":[{"href":"https:\/\/flameguard.ee\/da\/wp-json\/wp\/v2\/product\/18616","targetHints":{"allow":["GET"]}}],"collection":[{"href":"https:\/\/flameguard.ee\/da\/wp-json\/wp\/v2\/product"}],"about":[{"href":"https:\/\/flameguard.ee\/da\/wp-json\/wp\/v2\/types\/product"}],"version-history":[{"count":1,"href":"https:\/\/flameguard.ee\/da\/wp-json\/wp\/v2\/product\/18616\/revisions"}],"predecessor-version":[{"id":18619,"href":"https:\/\/flameguard.ee\/da\/wp-json\/wp\/v2\/product\/18616\/revisions\/18619"}],"wp:featuredmedia":[{"embeddable":true,"href":"https:\/\/flameguard.ee\/da\/wp-json\/wp\/v2\/media\/18617"}],"wp:attachment":[{"href":"https:\/\/flameguard.ee\/da\/wp-json\/wp\/v2\/media?parent=18616"}],"wp:term":[{"taxonomy":"product_brand","embeddable":true,"href":"https:\/\/flameguard.ee\/da\/wp-json\/wp\/v2\/product_brand?post=18616"},{"taxonomy":"product_cat","embeddable":true,"href":"https:\/\/flameguard.ee\/da\/wp-json\/wp\/v2\/product_cat?post=18616"},{"taxonomy":"product_tag","embeddable":true,"href":"https:\/\/flameguard.ee\/da\/wp-json\/wp\/v2\/product_tag?post=18616"}],"curies":[{"name":"wp","href":"https:\/\/api.w.org\/{rel}","templated":true}]}}