{"id":18620,"date":"2025-03-10T10:44:44","date_gmt":"2025-03-10T08:44:44","guid":{"rendered":"http:\/\/flameguard.ee.dedi7782.your-server.de\/?post_type=product&#038;p=18620"},"modified":"2025-03-10T10:55:35","modified_gmt":"2025-03-10T08:55:35","slug":"tookeskkonna-sisekontroll","status":"publish","type":"product","link":"https:\/\/flameguard.ee\/da\/product\/intern-kontrol-af-arbejdsmiljoet\/","title":{"rendered":"Intern kontrol af arbejdsmilj\u00f8et"},"content":{"rendered":"<p><strong>Arbejdsmilj\u00f8loven forpligter arbejdsgivere til at foretage systematiske interne tilsyn med arbejdsmilj\u00f8et<\/strong>, hvorunder han planl\u00e6gger, tilrettel\u00e6gger og overv\u00e5ger arbejdsmilj\u00f8situationen i virksomheden i overensstemmelse med lovens krav. Intern kontrol med arbejdsmilj\u00f8et er en integreret del af virksomhedens aktiviteter, som medarbejderne inddrages i, og som er baseret p\u00e5:\u00a0<a title=\"Risikovurdering\" href=\"https:\/\/www.tooelu.ee\/et\/79\/riskianaluus\" data-entity-substitution=\"canonical\" data-entity-type=\"node\" data-entity-uuid=\"3bd0dc6b-1944-4de7-a3b0-7188453c318d\" target=\"_blank\" rel=\"noopener\">Risikoanalyse af arbejdsmilj\u00f8et\u00a0<\/a>Resultater. Intern kontrol best\u00e5r i sagens natur af alle virksomhedens daglige aktiviteter og arbejdsdokumenter, som er en del af tilrettel\u00e6ggelsen af arbejdsmilj\u00f8et i overensstemmelse med de fastsatte krav (b\u00e5de kravene i lovgivningen og de regler, som virksomheden selv har fastsat, er vigtige): jobbeskrivelser, instruktion og uddannelse af medarbejdere, supplering af risikoanalyse, overholdelse af arbejdsmilj\u00f8ets handlingsplan, rapportering af farlige situationer, korrekt vedligeholdelse af udstyr osv.<\/p>\n<p>For at sikre, at alle aktiviteter fungerer, som de skal, gennemg\u00e5s organiseringen af den interne kontrol af arbejdsmilj\u00f8et \u00e5rligt, og resultaterne analyseres, og foranstaltningerne tilpasses om n\u00f8dvendigt den \u00e6ndrede situation.\u00a0Alle lovkrav og interne regler, der g\u00e6lder for virksomheden, gennemg\u00e5s, aktiviteternes overensstemmelse med kravene kontrolleres, og udviklingen i vigtige arbejdsmilj\u00f8indikatorer (f.eks. antallet af arbejdsulykker eller antallet af sygedage pr. medarbejder) overv\u00e5ges. Der er ingen strenge krav til metoden til gennemf\u00f8relse af interne revisioner, arbejdsgiveren v\u00e6lger den passende tilgang i samarbejde med medarbejderne eller deres repr\u00e6sentanter.<\/p>\n<p>Der skal ogs\u00e5 l\u00e6gges s\u00e6rlig v\u00e6gt p\u00e5 den omgivende befolkning og udenforst\u00e5ende \u2013 uanset om virksomhedens aktiviteter ikke bringer dem i fare eller stiller dem ringere.<\/p>","protected":false},"excerpt":{"rendered":"<p>N\u00e5r en intern revision p\u00e5begyndes, skal arbejdsgiverens forpligtelser i henhold til arbejdsmilj\u00f8loven overholdes. Den reviderede enhed skal kunne besvare sp\u00f8rgsm\u00e5let om, hvorvidt det lovbestemte krav er opfyldt i virksomheden, om de foreskrevne aktiviteter er blevet tilrettelagt, og hvordan det fungerer i praksis? Afh\u00e6ngigt af virksomhedens eller institutionens specifikationer er det muligvis ikke n\u00f8dvendigt at overholde alle lovens krav, og dette vil blive bestemt under den interne revision. For at kunne gennemf\u00f8re en intern revision er det n\u00f8dvendigt at bestemme, hvem og hvorn\u00e5r der skal udf\u00f8re visse aktiviteter relateret til intern kontrol, og hvilke forpligtelser der er i forbindelse med styring af virksomhedens arbejdsmilj\u00f8.<\/p>\n<p><b><span data-contrast=\"auto\">Prisen for tjenesten inkluderer 1 times specialarbejde, hvor yderligere aktiviteter kortl\u00e6gges og priss\u00e6ttes i henhold til den faktiske arbejdsm\u00e6ngde.<\/span><\/b><\/p>","protected":false},"featured_media":18621,"template":"","meta":[],"product_brand":[],"product_cat":[122,116,119],"product_tag":[],"class_list":{"0":"post-18620","1":"product","2":"type-product","3":"status-publish","4":"has-post-thumbnail","6":"product_cat-auditeerimine","7":"product_cat-teenused","8":"product_cat-tooohutus-ja-tervishoid","10":"first","11":"instock","12":"taxable","13":"shipping-taxable","14":"purchasable","15":"product-type-simple"},"_links":{"self":[{"href":"https:\/\/flameguard.ee\/da\/wp-json\/wp\/v2\/product\/18620","targetHints":{"allow":["GET"]}}],"collection":[{"href":"https:\/\/flameguard.ee\/da\/wp-json\/wp\/v2\/product"}],"about":[{"href":"https:\/\/flameguard.ee\/da\/wp-json\/wp\/v2\/types\/product"}],"version-history":[{"count":1,"href":"https:\/\/flameguard.ee\/da\/wp-json\/wp\/v2\/product\/18620\/revisions"}],"predecessor-version":[{"id":18623,"href":"https:\/\/flameguard.ee\/da\/wp-json\/wp\/v2\/product\/18620\/revisions\/18623"}],"wp:featuredmedia":[{"embeddable":true,"href":"https:\/\/flameguard.ee\/da\/wp-json\/wp\/v2\/media\/18621"}],"wp:attachment":[{"href":"https:\/\/flameguard.ee\/da\/wp-json\/wp\/v2\/media?parent=18620"}],"wp:term":[{"taxonomy":"product_brand","embeddable":true,"href":"https:\/\/flameguard.ee\/da\/wp-json\/wp\/v2\/product_brand?post=18620"},{"taxonomy":"product_cat","embeddable":true,"href":"https:\/\/flameguard.ee\/da\/wp-json\/wp\/v2\/product_cat?post=18620"},{"taxonomy":"product_tag","embeddable":true,"href":"https:\/\/flameguard.ee\/da\/wp-json\/wp\/v2\/product_tag?post=18620"}],"curies":[{"name":"wp","href":"https:\/\/api.w.org\/{rel}","templated":true}]}}