{"id":18645,"date":"2025-03-11T08:57:27","date_gmt":"2025-03-11T06:57:27","guid":{"rendered":"http:\/\/flameguard.ee.dedi7782.your-server.de\/?post_type=product&#038;p=18645"},"modified":"2025-03-11T09:18:20","modified_gmt":"2025-03-11T07:18:20","slug":"objekti-ohutusringkaik","status":"publish","type":"product","link":"https:\/\/flameguard.ee\/da\/product\/sikkerhedscyklus-pa-byggepladsen\/","title":{"rendered":"Rundvisning p\u00e5 stedet"},"content":{"rendered":"<p>Talrige arbejdsulykker sker for arbejdere i byggebranchen. N\u00e6sten en tredjedel af tilf\u00e6ldene ender med alvorlige helbredsskader. Fald fra h\u00f8jden, tab af kontrol over et h\u00e5ndv\u00e6rkt\u00f8j, faldende materiale eller genstand, der falder under, sker oftere i byggeriet end inden for noget andet aktivitetsomr\u00e5de. En alvorlig arbejdsulykke reducerer indkomsten betydeligt for en person, der er i stand til at arbejde, eller g\u00f8r ham eller hende afh\u00e6ngig af staten og hans eller hendes familie. Dette \u00f8nskes ikke af medarbejderen og deres k\u00e6re, og heller ikke af arbejdsgiveren, under hvis ledelse arbejdet udf\u00f8res. Byggeri er en aktivitet, der ofte er kendetegnet ved skiftende arbejdspladser og farligt arbejde. U\u00f8nskede konsekvenser kan ogs\u00e5 opst\u00e5, hvis de samtidige handlinger fra ansatte hos forskellige arbejdsgivere p\u00e5 samme arbejdsplads ikke koordineres. At sikre sikkerheden p\u00e5 byggepladsen kr\u00e6ver gennemt\u00e6nkte aktiviteter og implementering af sikkerhedsforanstaltninger implementeret af samvittighedsfulde og kompetente medarbejdere fra enhver arbejdsgiver og hovedentrepren\u00f8r.<br \/>\nSelvom bevidstheden om sikkerhedskrav er steget betydeligt gennem \u00e5rene, st\u00f8der man alt for ofte p\u00e5 arbejdere uden sikkerhedsseler p\u00e5 byggepladser, for eksempel under midlertidigt arbejde i h\u00f8jden. Nogle krav kan bevidst ignoreres, men i tilf\u00e6lde af arbejde i h\u00f8jden skal der v\u00e6re en kontrol af den sikre udf\u00f8relse af arbejdet. Arbejdsgiveren og hovedentrepren\u00f8ren er ansvarlige for, at byggearbejdet ikke bringer medarbejderen i fare. Inspektion og sikkerhedskoordinering skal derfor \u00f8ges, is\u00e6r for alt farligt arbejde.<\/p>","protected":false},"excerpt":{"rendered":"<p>Sikkerhedschefen udf\u00f8rer en generel inspektion p\u00e5 byggepladsen mindst en gang om ugen, hvor byggepladsens tilstand og de v\u00e6rkt\u00f8jer, der anvendes i byggeriet, herunder stilladser, stiger og l\u00f8fteudstyr, og overholdelse af arbejdsmilj\u00f8krav kontrolleres. P\u00e5 byggepladsen inspiceres adgangsveje og deres markeringer, som vedligeholdes om n\u00f8dvendigt; stabilitet og styrke af arbejdsplatforme; elektriske installationer<br \/>\nsom kan blive p\u00e5virket af nedb\u00f8r farem\u00e6rkninger; brug af personlige v\u00e6rnemidler, opbevaring af farlige stoffer og br\u00e6ndbare materialer; tilg\u00e6ngeligheden og tilstanden af prim\u00e6rt brandslukningsudstyr sikkerheden ved udgravningsarbejde; sikkerhed og kompetence til arbejde i h\u00f8jden; sikkerhed og kompetence ved varmt arbejde; overholdelse af milj\u00f8krav mv.<\/p>\n<p>Der udarbejdes rapporter om de inspektioner, der er udf\u00f8rt p\u00e5 byggepladsen, som omfatter de personer, der har deltaget i inspektionen, tidspunktet for inspektionen, de konstaterede mangler og eventuelle forslag til forbedringer.<\/p>\n<p><b><span data-contrast=\"auto\">Prisen for tjenesten inkluderer 1 times specialarbejde, hvor yderligere aktiviteter kortl\u00e6gges og priss\u00e6ttes i henhold til den faktiske arbejdsm\u00e6ngde.<\/span><\/b><\/p>","protected":false},"featured_media":18647,"template":"","meta":[],"product_brand":[],"product_cat":[122,121,120,116,119,118],"product_tag":[],"class_list":{"0":"post-18645","1":"product","2":"type-product","3":"status-publish","4":"has-post-thumbnail","6":"product_cat-auditeerimine","7":"product_cat-keskkonnajuhtimine","8":"product_cat-kvaliteedijuhtimine","9":"product_cat-teenused","10":"product_cat-tooohutus-ja-tervishoid","11":"product_cat-tuleohutus","13":"first","14":"instock","15":"taxable","16":"shipping-taxable","17":"purchasable","18":"product-type-simple"},"_links":{"self":[{"href":"https:\/\/flameguard.ee\/da\/wp-json\/wp\/v2\/product\/18645","targetHints":{"allow":["GET"]}}],"collection":[{"href":"https:\/\/flameguard.ee\/da\/wp-json\/wp\/v2\/product"}],"about":[{"href":"https:\/\/flameguard.ee\/da\/wp-json\/wp\/v2\/types\/product"}],"version-history":[{"count":3,"href":"https:\/\/flameguard.ee\/da\/wp-json\/wp\/v2\/product\/18645\/revisions"}],"predecessor-version":[{"id":18650,"href":"https:\/\/flameguard.ee\/da\/wp-json\/wp\/v2\/product\/18645\/revisions\/18650"}],"wp:featuredmedia":[{"embeddable":true,"href":"https:\/\/flameguard.ee\/da\/wp-json\/wp\/v2\/media\/18647"}],"wp:attachment":[{"href":"https:\/\/flameguard.ee\/da\/wp-json\/wp\/v2\/media?parent=18645"}],"wp:term":[{"taxonomy":"product_brand","embeddable":true,"href":"https:\/\/flameguard.ee\/da\/wp-json\/wp\/v2\/product_brand?post=18645"},{"taxonomy":"product_cat","embeddable":true,"href":"https:\/\/flameguard.ee\/da\/wp-json\/wp\/v2\/product_cat?post=18645"},{"taxonomy":"product_tag","embeddable":true,"href":"https:\/\/flameguard.ee\/da\/wp-json\/wp\/v2\/product_tag?post=18645"}],"curies":[{"name":"wp","href":"https:\/\/api.w.org\/{rel}","templated":true}]}}