{"id":18701,"date":"2025-03-13T09:17:27","date_gmt":"2025-03-13T07:17:27","guid":{"rendered":"http:\/\/flameguard.ee.dedi7782.your-server.de\/?post_type=product&#038;p=18701"},"modified":"2025-03-13T11:10:52","modified_gmt":"2025-03-13T09:10:52","slug":"tuleohutuse-haldusteenus","status":"publish","type":"product","link":"https:\/\/flameguard.ee\/da\/product\/ledelsestjeneste-for-brandsikkerhed\/","title":{"rendered":"Ledelse af brandsikkerhed"},"content":{"rendered":"<p>Tjenesten er baseret p\u00e5 et m\u00e5nedligt gebyr, og den hj\u00e6lper dig med at budgettere med eventuelle omkostninger. Brandsikringstjenesten er en rimelig kompakt l\u00f8sning, men alle dele af servicen kan ogs\u00e5 bestilles i mindre skala.<\/p>\n<ul>\n<li>r\u00e5dgivning af ledelse og medarbejdere;<\/li>\n<li>repr\u00e6sentation over for nationale tilsynsmyndigheder<\/li>\n<li>formalisering af en selvinspektion eller inspektion;<\/li>\n<li>kontrol af ildslukkere og f\u00f8ring af en liste;<\/li>\n<li>Inspektion og effektivitetstest af slangesystemet;<\/li>\n<li>inspektion af brandcellers integritet;<\/li>\n<li>inspektion og vedligeholdelse af ATS;<\/li>\n<li>supplering af planen eller instrukserne for foranstaltninger i tilf\u00e6lde af brand<\/li>\n<li>inspektion af evakueringspassager;<\/li>\n<li>inspektion af evakueringsbelysning;<\/li>\n<li>inspektion af r\u00f8gudsugningssystemet;<\/li>\n<li>brandberedskabs\u00f8velse og evakuerings\u00f8velse;<\/li>\n<li>brandsikkerhedsspecialistudlejningsservice;<\/li>\n<li>vedligeholdelse af ventilationssystemer;<\/li>\n<li>lynbeskyttelsesintegritetskontrol;<\/li>\n<li>inspektion af brandslukningsanl\u00e6gget;<\/li>\n<li>inspektion af varmesystemer;<\/li>\n<li>observation af byggepladsen.<\/li>\n<\/ul>","protected":false},"excerpt":{"rendered":"<p>Brandsikkerhedsstyring er en praktisk og kompakt service, der sikrer den daglige sikkerhed for en bygning eller genstand gennem kontinuitetskontrol og specialiserede tjenester. Kunden kan skr\u00e6ddersy de tjenester, der passer til dem, og vi udf\u00f8rer m\u00e5nedlig, kvartalsvis og \u00e5rlig vedligeholdelse eller specialiserede aktiviteter rettidigt og af h\u00f8j kvalitet. Med ledelsestjenesten repr\u00e6senterer vi klienten ved bes\u00f8g hos Redningsstyrelsen, forsikringsselskaber eller andre revisioner og udarbejder om n\u00f8dvendigt sagkyndige vurderinger. Tjenesten er velegnet til erhvervs- og produktionsbygninger i alle st\u00f8rrelser, den offentlige sektor, milit\u00e6re anl\u00e6g, havne og bygninger under kulturarvsbeskyttelse. Alle aktiviteter dokumenteres med handlinger eller andre dokumenter i brug.<\/p>\n<div class=\"elementor-element elementor-element-53ce8fe2 elementor-widget elementor-widget-text-editor\" data-id=\"53ce8fe2\" data-element_type=\"widget\" data-widget_type=\"text-editor.default\">\n<div class=\"elementor-widget-container\">\n<p><strong>Servicen m\u00e5 kun udf\u00f8res af en gyldig brandsikkerhedsspecialist niveau 5 eller <\/strong><strong><span class=\"elementor-icon-list-text\">Brandsikkerhedsekspert niveau 6 <\/span><\/strong><strong>en person med faglige kvalifikationer og den administrative service kan kombineres med en SHEQ-specialist.<\/strong><\/p>\n<\/div>\n<\/div>\n<div class=\"elementor-element elementor-element-7fe0e6ac elementor-align-left elementor-icon-list--layout-traditional elementor-list-item-link-full_width elementor-widget elementor-widget-icon-list\" data-id=\"7fe0e6ac\" data-element_type=\"widget\" data-widget_type=\"icon-list.default\">\n<div class=\"elementor-widget-container\">\n<p><b><span data-contrast=\"auto\">Prisen for tjenesten inkluderer den aftalte m\u00e6ngde specialist- eller vedligeholdelsesarbejde, hvor de n\u00f8dvendige aktiviteter kortl\u00e6gges og priss\u00e6ttes i henhold til den faktiske arbejdsm\u00e6ngde.\u00a0<\/span><\/b><\/p>\n<\/div>\n<\/div>","protected":false},"featured_media":18713,"template":"","meta":[],"product_brand":[],"product_cat":[117,116,118],"product_tag":[],"class_list":{"0":"post-18701","1":"product","2":"type-product","3":"status-publish","4":"has-post-thumbnail","6":"product_cat-hooldus-ja-paigaldus","7":"product_cat-teenused","8":"product_cat-tuleohutus","10":"first","11":"instock","12":"taxable","13":"shipping-taxable","14":"purchasable","15":"product-type-simple"},"_links":{"self":[{"href":"https:\/\/flameguard.ee\/da\/wp-json\/wp\/v2\/product\/18701","targetHints":{"allow":["GET"]}}],"collection":[{"href":"https:\/\/flameguard.ee\/da\/wp-json\/wp\/v2\/product"}],"about":[{"href":"https:\/\/flameguard.ee\/da\/wp-json\/wp\/v2\/types\/product"}],"version-history":[{"count":12,"href":"https:\/\/flameguard.ee\/da\/wp-json\/wp\/v2\/product\/18701\/revisions"}],"predecessor-version":[{"id":18717,"href":"https:\/\/flameguard.ee\/da\/wp-json\/wp\/v2\/product\/18701\/revisions\/18717"}],"wp:featuredmedia":[{"embeddable":true,"href":"https:\/\/flameguard.ee\/da\/wp-json\/wp\/v2\/media\/18713"}],"wp:attachment":[{"href":"https:\/\/flameguard.ee\/da\/wp-json\/wp\/v2\/media?parent=18701"}],"wp:term":[{"taxonomy":"product_brand","embeddable":true,"href":"https:\/\/flameguard.ee\/da\/wp-json\/wp\/v2\/product_brand?post=18701"},{"taxonomy":"product_cat","embeddable":true,"href":"https:\/\/flameguard.ee\/da\/wp-json\/wp\/v2\/product_cat?post=18701"},{"taxonomy":"product_tag","embeddable":true,"href":"https:\/\/flameguard.ee\/da\/wp-json\/wp\/v2\/product_tag?post=18701"}],"curies":[{"name":"wp","href":"https:\/\/api.w.org\/{rel}","templated":true}]}}