{"id":18720,"date":"2025-03-13T12:51:33","date_gmt":"2025-03-13T10:51:33","guid":{"rendered":"http:\/\/flameguard.ee.dedi7782.your-server.de\/?post_type=product&#038;p=18720"},"modified":"2025-03-14T19:54:42","modified_gmt":"2025-03-14T17:54:42","slug":"kov-i-kriisijuht","status":"publish","type":"product","link":"https:\/\/flameguard.ee\/da\/product\/krisechef-for-lokale-myndigheder\/","title":{"rendered":"Krisechef for lokale myndigheder"},"content":{"rendered":"<p><strong>Kriseledertjenesten kan bruges til at l\u00f8se forskellige kriserelaterede aktiviteter:<\/strong><\/p>\n<ul>\n<li>kontrol af krisecentrenes overholdelse af kravene<\/li>\n<li>udvikling af en procedure til sikring af vitale tjenester<\/li>\n<li>udarbejdelse, kontrol og supplering af sektorspecifikke dokumenter<\/li>\n<li>gennemf\u00f8relse af interne og eksterne uddannelser;<\/li>\n<li>krisekommunikationsstyring;<\/li>\n<li>udvikling af samarbejdet med nationale myndigheder<\/li>\n<li>validering og revision af samarbejdspartnere<\/li>\n<li>udvikling af et system til styring af kriselagre;<\/li>\n<li>gennemf\u00f8relse af offentlige \u00f8velser;<\/li>\n<li>ekstern vurdering af de lokale myndigheders kriseberedskab;<\/li>\n<li>afpr\u00f8vning og vejledning af divisionernes beredskab m.v.<\/li>\n<\/ul>\n<p>Da omr\u00e5det kriseberedskab er meget bredt, er denne liste ikke udt\u00f8mmende, og hver kunde kan designe tjenesten, s\u00e5 den passer til dem.<\/p>\n<div id=\"selgi-1273345502\" class=\"selgi-content\"><\/div>","protected":false},"excerpt":{"rendered":"<p><strong>Krisechef for lokale myndigheder<\/strong> Tjenesten er beregnet til lokale myndigheder for at st\u00f8tte det eksisterende kriseteam og for at sikre, at de forpligtelser, der f\u00f8lger af lovgivningen til l\u00f8sning af n\u00f8dsituationer eller kriser, sikres. En kriseleder er en ekstern partner, der r\u00e5dgiver og hj\u00e6lper kommuner med at finde rundt i sektorspecifikke regler, best practice for kriseberedskab, udv\u00e6lgelse af samarbejdspartnere, udarbejdelse af dokumentation og politikudvikling.<\/p>\n<p>Vores eksterne repr\u00e6sentant st\u00f8tter og repr\u00e6senterer klienten i et p\u00e5 forh\u00e5nd aftalt volumen og p\u00e5 vilk\u00e5r og betingelser. Med en samarbejdsaftale p\u00e5 mindst 12 m\u00e5neder er det muligt at tildele repr\u00e6sentanten en stillingsbetegnelse, der er forenelig med kundens struktur og tilsynsmyndighedens ret til repr\u00e6sentation (arbejdstilsynet, redningsn\u00e6vnet osv.). Kunden betaler for r\u00e5dgivningen p\u00e5 grundlag af den aktuelle timepris.<\/p>\n<p><b><span data-contrast=\"auto\">Prisen for ydelsen inkluderer 1 times specialarbejde, hvor yderligere organisationsbaserede aktiviteter kortl\u00e6gges og priss\u00e6ttes efter den faktiske arbejdsm\u00e6ngde.\u00a0<\/span><\/b><\/p>","protected":false},"featured_media":18736,"template":"","meta":[],"product_brand":[],"product_cat":[121,120,116,119,118],"product_tag":[],"class_list":{"0":"post-18720","1":"product","2":"type-product","3":"status-publish","4":"has-post-thumbnail","6":"product_cat-keskkonnajuhtimine","7":"product_cat-kvaliteedijuhtimine","8":"product_cat-teenused","9":"product_cat-tooohutus-ja-tervishoid","10":"product_cat-tuleohutus","12":"first","13":"instock","14":"taxable","15":"shipping-taxable","16":"purchasable","17":"product-type-simple"},"_links":{"self":[{"href":"https:\/\/flameguard.ee\/da\/wp-json\/wp\/v2\/product\/18720","targetHints":{"allow":["GET"]}}],"collection":[{"href":"https:\/\/flameguard.ee\/da\/wp-json\/wp\/v2\/product"}],"about":[{"href":"https:\/\/flameguard.ee\/da\/wp-json\/wp\/v2\/types\/product"}],"version-history":[{"count":1,"href":"https:\/\/flameguard.ee\/da\/wp-json\/wp\/v2\/product\/18720\/revisions"}],"predecessor-version":[{"id":18738,"href":"https:\/\/flameguard.ee\/da\/wp-json\/wp\/v2\/product\/18720\/revisions\/18738"}],"wp:featuredmedia":[{"embeddable":true,"href":"https:\/\/flameguard.ee\/da\/wp-json\/wp\/v2\/media\/18736"}],"wp:attachment":[{"href":"https:\/\/flameguard.ee\/da\/wp-json\/wp\/v2\/media?parent=18720"}],"wp:term":[{"taxonomy":"product_brand","embeddable":true,"href":"https:\/\/flameguard.ee\/da\/wp-json\/wp\/v2\/product_brand?post=18720"},{"taxonomy":"product_cat","embeddable":true,"href":"https:\/\/flameguard.ee\/da\/wp-json\/wp\/v2\/product_cat?post=18720"},{"taxonomy":"product_tag","embeddable":true,"href":"https:\/\/flameguard.ee\/da\/wp-json\/wp\/v2\/product_tag?post=18720"}],"curies":[{"name":"wp","href":"https:\/\/api.w.org\/{rel}","templated":true}]}}