{"id":18813,"date":"2025-03-17T14:09:12","date_gmt":"2025-03-17T12:09:12","guid":{"rendered":"https:\/\/flameguard.ee\/?post_type=product&#038;p=18813"},"modified":"2025-03-17T15:32:20","modified_gmt":"2025-03-17T13:32:20","slug":"kemitek-easy-clean-klaaspindade-puhastusvahend","status":"publish","type":"product","link":"https:\/\/flameguard.ee\/da\/product\/kemitek-let-rengore-glas-overflade-rengoringsmiddel\/","title":{"rendered":"Reng\u00f8ringsmiddel til glasoverflader"},"content":{"rendered":"<p><strong>Produktinformation:<\/strong><\/p>\n<p><a style=\"color: #fe312e;\" href=\"\/wp-content\/uploads\/2025\/03\/Mac-935-EE-TOK.pdf\" target=\"_blank\" rel=\"noopener\"><img decoding=\"async\" src=\"\/wp-content\/uploads\/2025\/02\/pdf-icon.webp\" \/> Sikkerhedsdatablad<\/a><\/p>","protected":false},"excerpt":{"rendered":"<p>Kemiteks Easy Clean glasoverfladerens til vinduer, spejle og andre glasoverflader. Opl\u00f8ser fedt og giver en skinnende ren overflade. Kan ogs\u00e5 bruges p\u00e5 plastoverflader og andre overflader, der kan t\u00e5le vask med vand. F.eks. sten, fliser, keramik. <strong>Brug:<\/strong> Spray direkte p\u00e5 overfladen, der skal reng\u00f8res, og t\u00f8r af med en vinduesskraber, en t\u00f8r klud eller papir.<\/p>\n<p><strong>Sammens\u00e6tning:<\/strong> Ethanol, ammoniak, butoxyethanol, overfladeaktive stoffer.<br \/>\npH-v\u00e6rdi i koncentrat: 10,5<br \/>\nFor\u00e5rsager alvorlig \u00f8jenirritation.<\/p>\n<p>&nbsp;<\/p>","protected":false},"featured_media":18832,"template":"","meta":[],"product_brand":[],"product_cat":[165],"product_tag":[],"class_list":{"0":"post-18813","1":"product","2":"type-product","3":"status-publish","4":"has-post-thumbnail","6":"product_cat-puhastusvahendid","8":"first","9":"instock","10":"taxable","11":"shipping-taxable","12":"purchasable","13":"product-type-simple"},"_links":{"self":[{"href":"https:\/\/flameguard.ee\/da\/wp-json\/wp\/v2\/product\/18813","targetHints":{"allow":["GET"]}}],"collection":[{"href":"https:\/\/flameguard.ee\/da\/wp-json\/wp\/v2\/product"}],"about":[{"href":"https:\/\/flameguard.ee\/da\/wp-json\/wp\/v2\/types\/product"}],"version-history":[{"count":10,"href":"https:\/\/flameguard.ee\/da\/wp-json\/wp\/v2\/product\/18813\/revisions"}],"predecessor-version":[{"id":18876,"href":"https:\/\/flameguard.ee\/da\/wp-json\/wp\/v2\/product\/18813\/revisions\/18876"}],"wp:featuredmedia":[{"embeddable":true,"href":"https:\/\/flameguard.ee\/da\/wp-json\/wp\/v2\/media\/18832"}],"wp:attachment":[{"href":"https:\/\/flameguard.ee\/da\/wp-json\/wp\/v2\/media?parent=18813"}],"wp:term":[{"taxonomy":"product_brand","embeddable":true,"href":"https:\/\/flameguard.ee\/da\/wp-json\/wp\/v2\/product_brand?post=18813"},{"taxonomy":"product_cat","embeddable":true,"href":"https:\/\/flameguard.ee\/da\/wp-json\/wp\/v2\/product_cat?post=18813"},{"taxonomy":"product_tag","embeddable":true,"href":"https:\/\/flameguard.ee\/da\/wp-json\/wp\/v2\/product_tag?post=18813"}],"curies":[{"name":"wp","href":"https:\/\/api.w.org\/{rel}","templated":true}]}}