{"id":18856,"date":"2025-03-17T14:32:02","date_gmt":"2025-03-17T12:32:02","guid":{"rendered":"https:\/\/flameguard.ee\/?post_type=product&#038;p=18856"},"modified":"2025-03-17T15:32:05","modified_gmt":"2025-03-17T13:32:05","slug":"kiirpuhastusvahend","status":"publish","type":"product","link":"https:\/\/flameguard.ee\/da\/product\/hurtig-rengoring\/","title":{"rendered":"Hurtig reng\u00f8ring"},"content":{"rendered":"<p><strong>Produktinformation:<\/strong><\/p>\n<p><a style=\"color: #fe312e;\" href=\"\/wp-content\/uploads\/2025\/03\/Mac-945-Easy-Clean_EE-TOK.pdf\" target=\"_blank\" rel=\"noopener\"><img decoding=\"async\" src=\"\/wp-content\/uploads\/2025\/02\/pdf-icon.webp\" \/> Sikkerhedsdatablad<\/a><\/p>","protected":false},"excerpt":{"rendered":"<p>Kemiteks Easy Clean hurtigrens til alle vandt\u00e6tte overflader. Fjerner effektivt fedt, sod og andet snavs, der er sv\u00e6rt at fjerne. <strong>Brug:<\/strong> Spray direkte p\u00e5 overfladen, der skal reng\u00f8res. T\u00f8r af med et papirh\u00e5ndkl\u00e6de eller en fnugfri klud. I tilf\u00e6lde af meget vanskeligt at fjerne snavs, lad produktet virke et stykke tid, f\u00f8r du t\u00f8rrer det af.<\/p>\n<p><strong>Sammens\u00e6tning:<\/strong> Natrium N-(hydroxymethyl) glycinat &lt; 1% , D-limonen &lt; 0,1%<br \/>\nKan for\u00e5rsage en allergisk hudreaktion. Brug beskyttelseshandsker.<\/p>\n<p>&nbsp;<\/p>","protected":false},"featured_media":18830,"template":"","meta":[],"product_brand":[],"product_cat":[165],"product_tag":[],"class_list":{"0":"post-18856","1":"product","2":"type-product","3":"status-publish","4":"has-post-thumbnail","6":"product_cat-puhastusvahendid","8":"first","9":"instock","10":"taxable","11":"shipping-taxable","12":"purchasable","13":"product-type-simple"},"_links":{"self":[{"href":"https:\/\/flameguard.ee\/da\/wp-json\/wp\/v2\/product\/18856","targetHints":{"allow":["GET"]}}],"collection":[{"href":"https:\/\/flameguard.ee\/da\/wp-json\/wp\/v2\/product"}],"about":[{"href":"https:\/\/flameguard.ee\/da\/wp-json\/wp\/v2\/types\/product"}],"version-history":[{"count":5,"href":"https:\/\/flameguard.ee\/da\/wp-json\/wp\/v2\/product\/18856\/revisions"}],"predecessor-version":[{"id":18875,"href":"https:\/\/flameguard.ee\/da\/wp-json\/wp\/v2\/product\/18856\/revisions\/18875"}],"wp:featuredmedia":[{"embeddable":true,"href":"https:\/\/flameguard.ee\/da\/wp-json\/wp\/v2\/media\/18830"}],"wp:attachment":[{"href":"https:\/\/flameguard.ee\/da\/wp-json\/wp\/v2\/media?parent=18856"}],"wp:term":[{"taxonomy":"product_brand","embeddable":true,"href":"https:\/\/flameguard.ee\/da\/wp-json\/wp\/v2\/product_brand?post=18856"},{"taxonomy":"product_cat","embeddable":true,"href":"https:\/\/flameguard.ee\/da\/wp-json\/wp\/v2\/product_cat?post=18856"},{"taxonomy":"product_tag","embeddable":true,"href":"https:\/\/flameguard.ee\/da\/wp-json\/wp\/v2\/product_tag?post=18856"}],"curies":[{"name":"wp","href":"https:\/\/api.w.org\/{rel}","templated":true}]}}