{"id":18859,"date":"2025-03-17T14:47:27","date_gmt":"2025-03-17T12:47:27","guid":{"rendered":"https:\/\/flameguard.ee\/?post_type=product&#038;p=18859"},"modified":"2025-03-17T15:12:03","modified_gmt":"2025-03-17T13:12:03","slug":"koogipuhastusvahend","status":"publish","type":"product","link":"https:\/\/flameguard.ee\/da\/product\/kokken-rengoringsmiddel\/","title":{"rendered":"K\u00f8kken reng\u00f8ringsmiddel"},"content":{"rendered":"<p><strong>Produktinformation:<\/strong><\/p>\n<p><a style=\"color: #fe312e;\" href=\"\/wp-content\/uploads\/2025\/03\/Mac-949-EE-TOK.pdf\" target=\"_blank\" rel=\"noopener\"><img decoding=\"async\" src=\"\/wp-content\/uploads\/2025\/02\/pdf-icon.webp\" \/> Sikkerhedsdatablad<\/a><\/p>","protected":false},"excerpt":{"rendered":"<p>Kemiteks Easy Clean k\u00f8kkenrens er en antistatisk pletfjerner og reng\u00f8ringsmiddel til alle vandt\u00e6tte overflader. Eliminerer snavs, der er sv\u00e6rt at fjerne, s\u00e5som fedt og sod uden at beskadige overfladen. <strong>Brug:<\/strong> Spray p\u00e5 en snavset overflade, lad produktet virke og t\u00f8r derefter af.<\/p>\n<p><strong>Sammens\u00e6tning:<\/strong> Ikke-ioniske overfladeaktive stoffer 5%, amfotere overfladeaktive stoffer 5%, vand &gt; 30%<br \/>\npH-niveau for koncentrat 14<br \/>\nUndg\u00e5 at ind\u00e5nde t\u00e5ge\/damp\/spray. I tilf\u00e6lde af utilstr\u00e6kkelig ventilation skal du b\u00e6re \u00e5ndedr\u00e6tsv\u00e6rn.<\/p>\n<p>&nbsp;<\/p>","protected":false},"featured_media":18828,"template":"","meta":[],"product_brand":[],"product_cat":[165],"product_tag":[],"class_list":{"0":"post-18859","1":"product","2":"type-product","3":"status-publish","4":"has-post-thumbnail","6":"product_cat-puhastusvahendid","8":"first","9":"instock","10":"taxable","11":"shipping-taxable","12":"purchasable","13":"product-type-simple"},"_links":{"self":[{"href":"https:\/\/flameguard.ee\/da\/wp-json\/wp\/v2\/product\/18859","targetHints":{"allow":["GET"]}}],"collection":[{"href":"https:\/\/flameguard.ee\/da\/wp-json\/wp\/v2\/product"}],"about":[{"href":"https:\/\/flameguard.ee\/da\/wp-json\/wp\/v2\/types\/product"}],"version-history":[{"count":3,"href":"https:\/\/flameguard.ee\/da\/wp-json\/wp\/v2\/product\/18859\/revisions"}],"predecessor-version":[{"id":18867,"href":"https:\/\/flameguard.ee\/da\/wp-json\/wp\/v2\/product\/18859\/revisions\/18867"}],"wp:featuredmedia":[{"embeddable":true,"href":"https:\/\/flameguard.ee\/da\/wp-json\/wp\/v2\/media\/18828"}],"wp:attachment":[{"href":"https:\/\/flameguard.ee\/da\/wp-json\/wp\/v2\/media?parent=18859"}],"wp:term":[{"taxonomy":"product_brand","embeddable":true,"href":"https:\/\/flameguard.ee\/da\/wp-json\/wp\/v2\/product_brand?post=18859"},{"taxonomy":"product_cat","embeddable":true,"href":"https:\/\/flameguard.ee\/da\/wp-json\/wp\/v2\/product_cat?post=18859"},{"taxonomy":"product_tag","embeddable":true,"href":"https:\/\/flameguard.ee\/da\/wp-json\/wp\/v2\/product_tag?post=18859"}],"curies":[{"name":"wp","href":"https:\/\/api.w.org\/{rel}","templated":true}]}}