{"id":18868,"date":"2025-03-17T15:12:13","date_gmt":"2025-03-17T13:12:13","guid":{"rendered":"https:\/\/flameguard.ee\/?post_type=product&#038;p=18868"},"modified":"2025-03-17T15:31:50","modified_gmt":"2025-03-17T13:31:50","slug":"roostevabade-pindade-hooldusvahend","status":"publish","type":"product","link":"https:\/\/flameguard.ee\/da\/product\/produkt-til-pleje-af-rustfri-overflader\/","title":{"rendered":"Overfladeplejemiddel i rustfrit st\u00e5l"},"content":{"rendered":"<p><strong>Produktinformation:<\/strong><\/p>\n<p><a style=\"color: #fe312e;\" href=\"\/wp-content\/uploads\/2025\/03\/Mac-928-EE-TOK.pdf\"_blank\" rel=\"noopener\"><img decoding=\"async\" src=\"\/wp-content\/uploads\/2025\/02\/pdf-icon.webp\" \/> Sikkerhedsdatablad<\/a><\/p>","protected":false},"excerpt":{"rendered":"<p>Kemiteks Easy Clean overfladeplejeprodukt i rustfrit st\u00e5l er et effektivt plejeprodukt til overflader i rustfrit st\u00e5l og aluminium. Produktet efterlader et beskyttende lag mod st\u00f8v og fingeraftryk p\u00e5 overflader. <strong>Brug:<\/strong> Spray p\u00e5 den tidligere rensede overflade, og lad midlet tr\u00e6de i kraft. T\u00f8r overfladen af med en fnugfri klud eller papir.<\/p>\n<p><strong>Sammens\u00e6tning:<\/strong> Vand &gt;30%, non-ioniske overfladeaktive stoffer &lt; 5%, amfotere overfladeaktive stoffer &lt;5%, pH-v\u00e6rdi: ca. 9<br \/>\nOpbevares ved stuetemperatur. Under normale forhold kan et u\u00e5bnet produkt opbevares i mindst 24 m\u00e5neder.<\/p>\n<p>&nbsp;<\/p>","protected":false},"featured_media":18826,"template":"","meta":[],"product_brand":[],"product_cat":[165],"product_tag":[],"class_list":{"0":"post-18868","1":"product","2":"type-product","3":"status-publish","4":"has-post-thumbnail","6":"product_cat-puhastusvahendid","8":"first","9":"instock","10":"taxable","11":"shipping-taxable","12":"purchasable","13":"product-type-simple"},"_links":{"self":[{"href":"https:\/\/flameguard.ee\/da\/wp-json\/wp\/v2\/product\/18868","targetHints":{"allow":["GET"]}}],"collection":[{"href":"https:\/\/flameguard.ee\/da\/wp-json\/wp\/v2\/product"}],"about":[{"href":"https:\/\/flameguard.ee\/da\/wp-json\/wp\/v2\/types\/product"}],"version-history":[{"count":3,"href":"https:\/\/flameguard.ee\/da\/wp-json\/wp\/v2\/product\/18868\/revisions"}],"predecessor-version":[{"id":18874,"href":"https:\/\/flameguard.ee\/da\/wp-json\/wp\/v2\/product\/18868\/revisions\/18874"}],"wp:featuredmedia":[{"embeddable":true,"href":"https:\/\/flameguard.ee\/da\/wp-json\/wp\/v2\/media\/18826"}],"wp:attachment":[{"href":"https:\/\/flameguard.ee\/da\/wp-json\/wp\/v2\/media?parent=18868"}],"wp:term":[{"taxonomy":"product_brand","embeddable":true,"href":"https:\/\/flameguard.ee\/da\/wp-json\/wp\/v2\/product_brand?post=18868"},{"taxonomy":"product_cat","embeddable":true,"href":"https:\/\/flameguard.ee\/da\/wp-json\/wp\/v2\/product_cat?post=18868"},{"taxonomy":"product_tag","embeddable":true,"href":"https:\/\/flameguard.ee\/da\/wp-json\/wp\/v2\/product_tag?post=18868"}],"curies":[{"name":"wp","href":"https:\/\/api.w.org\/{rel}","templated":true}]}}