{"id":18871,"date":"2025-03-17T15:19:53","date_gmt":"2025-03-17T13:19:53","guid":{"rendered":"https:\/\/flameguard.ee\/?post_type=product&#038;p=18871"},"modified":"2025-03-17T15:31:37","modified_gmt":"2025-03-17T13:31:37","slug":"desinfektsioonivahend-pindadele","status":"publish","type":"product","link":"https:\/\/flameguard.ee\/da\/product\/desinfektionsmiddel-til-overflader\/","title":{"rendered":"Desinfektionsmiddel til overflader"},"content":{"rendered":"<p><strong>Produktinformation:<\/strong><\/p>\n<p><a style=\"color: #fe312e;\" href=\"\/wp-content\/uploads\/2025\/03\/Mac-TS-310-EE-TOK.pdf\"_blank\" rel=\"noopener\"><img decoding=\"async\" src=\"\/wp-content\/uploads\/2025\/02\/pdf-icon.webp\" \/> Sikkerhedsdatablad<\/a><\/p>","protected":false},"excerpt":{"rendered":"<p>Kemiteks Easy Clean desinfektionsmiddel til overflader er et alkoholbaseret desinfektionsmiddel til hurtig desinfektion af alkoholresistente overflader. Med h\u00f8jaktive bakteriedr\u00e6bende, fungicid, virusdr\u00e6bende og tuberkulicide virkninger. <strong>Brug:<\/strong> P\u00e5f\u00f8r et j\u00e6vnt lag p\u00e5 en ren overflade. Lad t\u00e6nde i 30 sekunder. Efter proceduren er det ikke n\u00f8dvendigt at skylle overfladerne.<\/p>\n<p><strong>Sammens\u00e6tning:<\/strong> Ethanol pr. 100 g 46,8 g, propan-2-ol pr. 100 g 25,2 g<br \/>\nRegistreringsnummer for biocidholdige produkter 1970\/20<br \/>\nMeget brandfarlig v\u00e6ske og damp. For\u00e5rsager alvorlig \u00f8jenirritation. Hold dig v\u00e6k<br \/>\nvarmekilde\/gnister\/flammer\/varme overflader. \u2013 Ryg ikke.<br \/>\nVed opbevaring under normale forhold kan et u\u00e5bnet produkt opbevares i mindst 36 m\u00e5neder.<\/p>\n<p>&nbsp;<\/p>","protected":false},"featured_media":18824,"template":"","meta":[],"product_brand":[],"product_cat":[165],"product_tag":[],"class_list":{"0":"post-18871","1":"product","2":"type-product","3":"status-publish","4":"has-post-thumbnail","6":"product_cat-puhastusvahendid","8":"first","9":"instock","10":"taxable","11":"shipping-taxable","12":"purchasable","13":"product-type-simple"},"_links":{"self":[{"href":"https:\/\/flameguard.ee\/da\/wp-json\/wp\/v2\/product\/18871","targetHints":{"allow":["GET"]}}],"collection":[{"href":"https:\/\/flameguard.ee\/da\/wp-json\/wp\/v2\/product"}],"about":[{"href":"https:\/\/flameguard.ee\/da\/wp-json\/wp\/v2\/types\/product"}],"version-history":[{"count":2,"href":"https:\/\/flameguard.ee\/da\/wp-json\/wp\/v2\/product\/18871\/revisions"}],"predecessor-version":[{"id":18873,"href":"https:\/\/flameguard.ee\/da\/wp-json\/wp\/v2\/product\/18871\/revisions\/18873"}],"wp:featuredmedia":[{"embeddable":true,"href":"https:\/\/flameguard.ee\/da\/wp-json\/wp\/v2\/media\/18824"}],"wp:attachment":[{"href":"https:\/\/flameguard.ee\/da\/wp-json\/wp\/v2\/media?parent=18871"}],"wp:term":[{"taxonomy":"product_brand","embeddable":true,"href":"https:\/\/flameguard.ee\/da\/wp-json\/wp\/v2\/product_brand?post=18871"},{"taxonomy":"product_cat","embeddable":true,"href":"https:\/\/flameguard.ee\/da\/wp-json\/wp\/v2\/product_cat?post=18871"},{"taxonomy":"product_tag","embeddable":true,"href":"https:\/\/flameguard.ee\/da\/wp-json\/wp\/v2\/product_tag?post=18871"}],"curies":[{"name":"wp","href":"https:\/\/api.w.org\/{rel}","templated":true}]}}