{"id":18882,"date":"2025-04-01T16:54:43","date_gmt":"2025-04-01T13:54:43","guid":{"rendered":"https:\/\/flameguard.ee\/?post_type=product&#038;p=18882"},"modified":"2025-04-02T19:39:39","modified_gmt":"2025-04-02T16:39:39","slug":"ags-11-1-aerosool-generaator","status":"publish","type":"product","link":"https:\/\/flameguard.ee\/da\/product\/ags-11-1-aerosol-generator\/","title":{"rendered":"AGS-11 \/ 1 Aerosolgenerator med termometer"},"content":{"rendered":"<p>Produktet er designet til at generere en gas-aerosolblanding i den koncentration, der er n\u00f8dvendig for at stoppe flammeforbr\u00e6ndingsprocessen.<\/p>\n<p>For at aktivere produktet er det n\u00f8dvendigt, at temperaturen i det beskyttede milj\u00f8 stiger over 180 \u00b0C<\/p>","protected":false},"excerpt":{"rendered":"<p>AGS-11\/1 vedligeholdelsesfrit brandslukningssystem er en termisk aerosolanordning, der er specielt designet til transport, indenlandske, industrielle og marine applikationer. Det er udviklet til at slukke brande og forhindre deres yderligere spredning og er s\u00e6rligt effektivt i tilf\u00e6lde af brande for\u00e5rsaget af kortslutninger i elektriske installationer.<br \/>\nI tilf\u00e6lde af lokale brande beviser AGS-11\/1 sin anvendelighed ved at spille en vigtig rolle i at redde liv og ejendom. Produktet er specielt designet til autonomt at gribe ind i ubemandede str\u00f8mf\u00f8rende distributionssystemer (op til 40 kV) s\u00e5som tavler, h\u00f8jsp\u00e6ndingstransformerstationer, fordelingsskabe og automatiseringsudstyr. Den kan ogs\u00e5 bruges i transportk\u00f8ret\u00f8jer, da den opfylder kravene til vibrationsbelastning til jernbane-, vej- og lufttransport. Velegnet til brug under lukkede eller moderat ventilerede forhold op til 2,2 m3.<br \/>\n<strong>Specifikationer:<\/strong><br \/>\nAutomatisk brandslukningsanordning.<br \/>\nAerosoldannende ladningsmasse: 0,1 kg<br \/>\nDriftstid: 7 sekunder<br \/>\nAerosolblandingstemperatur ved 0,5 m fra generator: 50\u00b0C<br \/>\nM\u00e5l (diameter \u00d7 l\u00e6ngde): 122 \u00d7 25 mm<br \/>\nBeskyttet volumen: op til 2 m\u00b3<br \/>\nV\u00e6gt: 0,2 kg<br \/>\nDriftstemperaturomr\u00e5de: -50 \u00b0C til +50 \u00b0C<br \/>\nBrandklasse: B-A-E.<br \/>\nOverensstemmelse: CEN\/TR 15276-1<\/p>\n<p>&nbsp;<\/p>","protected":false},"featured_media":18890,"template":"","meta":[],"product_brand":[],"product_cat":[125,83],"product_tag":[],"class_list":{"0":"post-18882","1":"product","2":"type-product","3":"status-publish","4":"has-post-thumbnail","6":"product_cat-innovatsioon","7":"product_cat-tulekustutid","9":"first","10":"instock","11":"taxable","12":"shipping-taxable","13":"purchasable","14":"product-type-simple"},"_links":{"self":[{"href":"https:\/\/flameguard.ee\/da\/wp-json\/wp\/v2\/product\/18882","targetHints":{"allow":["GET"]}}],"collection":[{"href":"https:\/\/flameguard.ee\/da\/wp-json\/wp\/v2\/product"}],"about":[{"href":"https:\/\/flameguard.ee\/da\/wp-json\/wp\/v2\/types\/product"}],"version-history":[{"count":5,"href":"https:\/\/flameguard.ee\/da\/wp-json\/wp\/v2\/product\/18882\/revisions"}],"predecessor-version":[{"id":18886,"href":"https:\/\/flameguard.ee\/da\/wp-json\/wp\/v2\/product\/18882\/revisions\/18886"}],"wp:featuredmedia":[{"embeddable":true,"href":"https:\/\/flameguard.ee\/da\/wp-json\/wp\/v2\/media\/18890"}],"wp:attachment":[{"href":"https:\/\/flameguard.ee\/da\/wp-json\/wp\/v2\/media?parent=18882"}],"wp:term":[{"taxonomy":"product_brand","embeddable":true,"href":"https:\/\/flameguard.ee\/da\/wp-json\/wp\/v2\/product_brand?post=18882"},{"taxonomy":"product_cat","embeddable":true,"href":"https:\/\/flameguard.ee\/da\/wp-json\/wp\/v2\/product_cat?post=18882"},{"taxonomy":"product_tag","embeddable":true,"href":"https:\/\/flameguard.ee\/da\/wp-json\/wp\/v2\/product_tag?post=18882"}],"curies":[{"name":"wp","href":"https:\/\/api.w.org\/{rel}","templated":true}]}}