{"id":18899,"date":"2025-04-11T09:45:06","date_gmt":"2025-04-11T06:45:06","guid":{"rendered":"https:\/\/flameguard.ee\/?post_type=product&#038;p=18899"},"modified":"2025-05-08T20:21:32","modified_gmt":"2025-05-08T17:21:32","slug":"72h-premium-kriisikomplekt","status":"publish","type":"product","link":"https:\/\/flameguard.ee\/da\/product\/72h-premium-krisesaet\/","title":{"rendered":"Krises\u00e6t 72h Premium"},"content":{"rendered":"<p>S\u00e6ttet indeholder:<br \/>\nrygs\u00e6k 40 l, 13 l hermetisk taske, f\u00f8rstehj\u00e6lpskasse, madforsyning (holdbarhed 20 \u00e5r, 4600 kCa), 3x100ml drikkevand, vandrensningstabletter, elektrolytpulver, metalkrus, vandtank 1 L, batteridrevet radio, batteridrevet pandelampe, ske og gaffels\u00e6t (spork), vinduessmadrings- og b\u00e6ltesk\u00e6rev\u00e6rkt\u00f8j, vandt\u00e6t l\u00e5st\/dokument\/tegnebog med l\u00e5s, plastikkarabinhage, solcellebatteribank (10.000 mAh), vandt\u00e6t telefoncover, ekstra batterier (AA &amp; AAA),  reflekterende armb\u00e5nd, vandt\u00e6t notesbog, pen og tusch, v\u00e6rkt\u00f8jstaske, arbejdshandsker, foldeskovl, kniv, h\u00e5ndsav, paracordsnor, selvkl\u00e6bende tape, lynl\u00e5se, sm\u00e5 affaldss\u00e6kke, foldekomfur med br\u00e6ndstoftabletter, stormt\u00e6ndstikker, gl\u00f8dende pinde, hygiejnes\u00e6t,<br \/>\npapirlommet\u00f8rkl\u00e6der, v\u00e5dservietter, sovepose af bivvy-typen, regnfrakke, refleksvest, fl\u00f8jte.<\/p>","protected":false},"excerpt":{"rendered":"<p>72h Premium Crisis Kit er et omfattende n\u00f8dberedskabss\u00e6t, der er designet til at holde dig og dine k\u00e6re sikre i uventede situationer og give dig den ro i sindet, du har brug for!<br \/>\nS\u00e6ttet indeholder en bred vifte af v\u00e6sentlige ting, mad (baby- og b\u00f8rnevenligt), vand, f\u00f8rstehj\u00e6lpskasser, v\u00e6rkt\u00f8j og beskyttelsesudstyr \u2013 alt sammen n\u00f8je udvalgt for deres p\u00e5lidelighed og effektivitet i krisesituationer!<\/p>\n<p>M\u00e5l (h\u00f8jde \u00d7 l\u00e6ngde x bredde): 60 \u00d7 40 x 30 cm<br \/>\nKapacitet: 40 l<br \/>\nV\u00e6gt: 5,5 kg<\/p>","protected":false},"featured_media":18900,"template":"","meta":[],"product_brand":[],"product_cat":[169],"product_tag":[],"class_list":{"0":"post-18899","1":"product","2":"type-product","3":"status-publish","4":"has-post-thumbnail","6":"product_cat-kriisitooted","8":"first","9":"instock","10":"taxable","11":"shipping-taxable","12":"purchasable","13":"product-type-simple"},"_links":{"self":[{"href":"https:\/\/flameguard.ee\/da\/wp-json\/wp\/v2\/product\/18899","targetHints":{"allow":["GET"]}}],"collection":[{"href":"https:\/\/flameguard.ee\/da\/wp-json\/wp\/v2\/product"}],"about":[{"href":"https:\/\/flameguard.ee\/da\/wp-json\/wp\/v2\/types\/product"}],"version-history":[{"count":20,"href":"https:\/\/flameguard.ee\/da\/wp-json\/wp\/v2\/product\/18899\/revisions"}],"predecessor-version":[{"id":19049,"href":"https:\/\/flameguard.ee\/da\/wp-json\/wp\/v2\/product\/18899\/revisions\/19049"}],"wp:featuredmedia":[{"embeddable":true,"href":"https:\/\/flameguard.ee\/da\/wp-json\/wp\/v2\/media\/18900"}],"wp:attachment":[{"href":"https:\/\/flameguard.ee\/da\/wp-json\/wp\/v2\/media?parent=18899"}],"wp:term":[{"taxonomy":"product_brand","embeddable":true,"href":"https:\/\/flameguard.ee\/da\/wp-json\/wp\/v2\/product_brand?post=18899"},{"taxonomy":"product_cat","embeddable":true,"href":"https:\/\/flameguard.ee\/da\/wp-json\/wp\/v2\/product_cat?post=18899"},{"taxonomy":"product_tag","embeddable":true,"href":"https:\/\/flameguard.ee\/da\/wp-json\/wp\/v2\/product_tag?post=18899"}],"curies":[{"name":"wp","href":"https:\/\/api.w.org\/{rel}","templated":true}]}}