{"id":18946,"date":"2025-04-14T11:04:30","date_gmt":"2025-04-14T08:04:30","guid":{"rendered":"https:\/\/flameguard.ee\/?post_type=product&#038;p=18946"},"modified":"2025-05-08T20:17:15","modified_gmt":"2025-05-08T17:17:15","slug":"mini-kriisikomplekt","status":"publish","type":"product","link":"https:\/\/flameguard.ee\/da\/product\/mini-krisesaet\/","title":{"rendered":"Krises\u00e6t Mini"},"content":{"rendered":"<p>S\u00e6ttet indeholder:<br \/>\nb\u00e6ltetaske, f\u00f8rstehj\u00e6lpstaske, madforsyning (holdbarhed 20 \u00e5r, 1150 kca), 5x100 ml drikkevand, multiv\u00e6rkt\u00f8j, vinduessmadrings- og b\u00e6ltesk\u00e6rev\u00e6rkt\u00f8j, solenergibank (10.000 mAh), vandt\u00e6t telefoncover, batteridrevet pandelampe, reflekterende armb\u00e5nd, vandt\u00e6t notesbog, pen og tusch, gl\u00f8dende pinde, sovepose af bivvy-typen, hygiejnes\u00e6t, regnfrakke, fl\u00f8jte.<\/p>","protected":false},"excerpt":{"rendered":"<p>Mini Crisis Set er en kompakt og funktionel b\u00e6ltetaske designet specielt til mindre n\u00f8dsituationer!<br \/>\nMini er let, holdbar og komfortabel \u2013 den perfekte m\u00e5de at have dine vigtigste ting ved h\u00e5nden, s\u00e5 du er klar til enhver situation. B\u00e6r den p\u00e5 b\u00e6ltet og bev\u00e6g dig frit \u2013 uanset om du st\u00e5r over for et eventyr, en vandretur eller en uventet krise.<\/p>\n<p>Mini Crisis Kit kan med succes rumme mad- og vandrensningsforsyninger, f\u00f8rstehj\u00e6lpskasser, en lille lommelygte og andre vigtige ting for at overleve.<\/p>\n<p>S\u00e6ttet er velegnet til daglig brug s\u00e5vel som en del af evakuerings- eller campingudstyr. En kompakt f\u00f8lgesvend, som du vil s\u00e6tte pris p\u00e5, n\u00e5r du har mest brug for det.<\/p>","protected":false},"featured_media":18947,"template":"","meta":[],"product_brand":[],"product_cat":[169],"product_tag":[],"class_list":{"0":"post-18946","1":"product","2":"type-product","3":"status-publish","4":"has-post-thumbnail","6":"product_cat-kriisitooted","8":"first","9":"instock","10":"taxable","11":"shipping-taxable","12":"purchasable","13":"product-type-simple"},"_links":{"self":[{"href":"https:\/\/flameguard.ee\/da\/wp-json\/wp\/v2\/product\/18946","targetHints":{"allow":["GET"]}}],"collection":[{"href":"https:\/\/flameguard.ee\/da\/wp-json\/wp\/v2\/product"}],"about":[{"href":"https:\/\/flameguard.ee\/da\/wp-json\/wp\/v2\/types\/product"}],"version-history":[{"count":4,"href":"https:\/\/flameguard.ee\/da\/wp-json\/wp\/v2\/product\/18946\/revisions"}],"predecessor-version":[{"id":19048,"href":"https:\/\/flameguard.ee\/da\/wp-json\/wp\/v2\/product\/18946\/revisions\/19048"}],"wp:featuredmedia":[{"embeddable":true,"href":"https:\/\/flameguard.ee\/da\/wp-json\/wp\/v2\/media\/18947"}],"wp:attachment":[{"href":"https:\/\/flameguard.ee\/da\/wp-json\/wp\/v2\/media?parent=18946"}],"wp:term":[{"taxonomy":"product_brand","embeddable":true,"href":"https:\/\/flameguard.ee\/da\/wp-json\/wp\/v2\/product_brand?post=18946"},{"taxonomy":"product_cat","embeddable":true,"href":"https:\/\/flameguard.ee\/da\/wp-json\/wp\/v2\/product_cat?post=18946"},{"taxonomy":"product_tag","embeddable":true,"href":"https:\/\/flameguard.ee\/da\/wp-json\/wp\/v2\/product_tag?post=18946"}],"curies":[{"name":"wp","href":"https:\/\/api.w.org\/{rel}","templated":true}]}}