{"id":18965,"date":"2025-04-14T11:57:50","date_gmt":"2025-04-14T08:57:50","guid":{"rendered":"https:\/\/flameguard.ee\/?post_type=product&#038;p=18965"},"modified":"2025-05-08T20:11:39","modified_gmt":"2025-05-08T17:11:39","slug":"baas-kriisikomplekt","status":"publish","type":"product","link":"https:\/\/flameguard.ee\/da\/product\/grundlaeggende-krisesaet\/","title":{"rendered":"Krises\u00e6t Grundl\u00e6ggende"},"content":{"rendered":"<p>S\u00e6ttet indeholder:<br \/>\nvandt\u00e6t taske 25 l, f\u00f8rstehj\u00e6lpstaske, madforsyning (holdbarhed op til 5 \u00e5r, 1243 kCa), 5x100ml drikkevand, ske og gaffels\u00e6t (spork),<br \/>\nVandt\u00e6t dokument\/pengel\u00e5spose, regnkappe, Bivvy-type sovepose, gl\u00f8dende pinde, hygiejnes\u00e6t, fl\u00f8jte, vandtank 1 l, vandrensningstabletter,<br \/>\nBatteridrevet pandelampe, vandt\u00e6t telefoncover, vandt\u00e6t notesbog og kuglepen, refleksvest.<\/p>","protected":false},"excerpt":{"rendered":"<p>Basic Crisis Kit er en prisbillig og p\u00e5lidelig l\u00f8sning til at forberede sig p\u00e5 kriser.<br \/>\nDette praktiske s\u00e6t er designet til at udstyre dig med de mest n\u00f8dvendige forsyninger, s\u00e5 du kan holde dig i gang, indtil hj\u00e6lpen ankommer. Ideel til dem, der foretr\u00e6kker en klar og enkel l\u00f8sning uden uforholdsm\u00e6ssigt store omkostninger eller kompliceret overlevelsesudstyr.<br \/>\nGennemt\u00e6nkt indhold \u2013 kun det v\u00e6sentlige<br \/>\n25-liters vandt\u00e6t rygs\u00e6k \u2013 beskytter dit udstyr i enhver situation<br \/>\nLet og kompakt \u2013 velegnet til den enkelte eller hele familien<br \/>\nOverkommelig pris, maksimal effektivitet<\/p>\n<p>Ideel til dem, der \u00f8nsker ro i sindet og beredskab \u2013 uanset om det er str\u00f8mafbrydelse, evakuering eller anden uventet situation.<\/p>","protected":false},"featured_media":18972,"template":"","meta":[],"product_brand":[],"product_cat":[169],"product_tag":[],"class_list":{"0":"post-18965","1":"product","2":"type-product","3":"status-publish","4":"has-post-thumbnail","6":"product_cat-kriisitooted","8":"first","9":"instock","10":"taxable","11":"shipping-taxable","12":"purchasable","13":"product-type-simple"},"_links":{"self":[{"href":"https:\/\/flameguard.ee\/da\/wp-json\/wp\/v2\/product\/18965","targetHints":{"allow":["GET"]}}],"collection":[{"href":"https:\/\/flameguard.ee\/da\/wp-json\/wp\/v2\/product"}],"about":[{"href":"https:\/\/flameguard.ee\/da\/wp-json\/wp\/v2\/types\/product"}],"version-history":[{"count":5,"href":"https:\/\/flameguard.ee\/da\/wp-json\/wp\/v2\/product\/18965\/revisions"}],"predecessor-version":[{"id":19045,"href":"https:\/\/flameguard.ee\/da\/wp-json\/wp\/v2\/product\/18965\/revisions\/19045"}],"wp:featuredmedia":[{"embeddable":true,"href":"https:\/\/flameguard.ee\/da\/wp-json\/wp\/v2\/media\/18972"}],"wp:attachment":[{"href":"https:\/\/flameguard.ee\/da\/wp-json\/wp\/v2\/media?parent=18965"}],"wp:term":[{"taxonomy":"product_brand","embeddable":true,"href":"https:\/\/flameguard.ee\/da\/wp-json\/wp\/v2\/product_brand?post=18965"},{"taxonomy":"product_cat","embeddable":true,"href":"https:\/\/flameguard.ee\/da\/wp-json\/wp\/v2\/product_cat?post=18965"},{"taxonomy":"product_tag","embeddable":true,"href":"https:\/\/flameguard.ee\/da\/wp-json\/wp\/v2\/product_tag?post=18965"}],"curies":[{"name":"wp","href":"https:\/\/api.w.org\/{rel}","templated":true}]}}