{"id":19122,"date":"2025-05-09T15:41:59","date_gmt":"2025-05-09T12:41:59","guid":{"rendered":"https:\/\/flameguard.ee\/?post_type=product&#038;p=19122"},"modified":"2025-07-16T10:36:30","modified_gmt":"2025-07-16T07:36:30","slug":"ventilatsioonisusteem-safe-360","status":"publish","type":"product","link":"https:\/\/flameguard.ee\/da\/product\/ventilationssystem-safe-360\/","title":{"rendered":"SAFE 360 ventilationssystem"},"content":{"rendered":"<p data-start=\"715\" data-end=\"741\"><strong data-start=\"719\" data-end=\"741\">Anvendelsesomr\u00e5der:<\/strong><\/p>\n<ul data-start=\"743\" data-end=\"845\">\n<li class=\"\" data-start=\"743\" data-end=\"845\">\n<p class=\"\" data-start=\"745\" data-end=\"845\">Perfekt pasform <strong data-start=\"765\" data-end=\"792\">Sikkerhedsrum til boliger<\/strong>, <strong data-start=\"794\" data-end=\"809\">Bunkers<\/strong> og <strong data-start=\"813\" data-end=\"845\">kompakte shelters.<\/strong><\/p>\n<\/li>\n<\/ul>\n<p data-start=\"715\" data-end=\"741\"><strong data-start=\"719\" data-end=\"741\">S\u00e6ttet indeholder:<\/strong><\/p>\n<ol>\n<li style=\"list-style-type: none;\">\n<ol>\n<li>CBRN-filtre<\/li>\n<li>Elektrisk ventilator<\/li>\n<li>Str\u00f8mforsyning<\/li>\n<li>H\u00e5ndpumpe<\/li>\n<li>Eksplosionssikker vakuumventil med st\u00f8vfilter<\/li>\n<li>Eksplosionssikker overtryksventil<\/li>\n<li>Dekorativt d\u00e6ksel og v\u00e6gbeslag<\/li>\n<li>Luftslange<\/li>\n<\/ol>\n<\/li>\n<\/ol>","protected":false},"excerpt":{"rendered":"<p><strong data-start=\"0\" data-end=\"20\">SAFE 360-systemet<\/strong> er en kompakt og certificeret CBRN-luftfiltreringsl\u00f8sning (kemisk, biologisk, radiologisk, nuklear) designet til mindre boliger, sikkerhedsrum og beskyttede omr\u00e5der. Dette sikrer en frisk og filtreret lufttilf\u00f8rsel i n\u00f8dstilf\u00e6lde.<\/p>\n<p>Ideel til dem, der \u00f8nsker ro i sindet og beredskab \u2013 uanset om det er str\u00f8mafbrydelse, evakuering eller anden uventet situation.<\/p>\n<h3 class=\"\" data-start=\"232\" data-end=\"258\"><strong data-start=\"236\" data-end=\"258\">Hovedtr\u00e6k:<\/strong><\/h3>\n<ul data-start=\"260\" data-end=\"713\">\n<li class=\"\" data-start=\"260\" data-end=\"357\">Den ideelle l\u00f8sning til rum op til <strong data-start=\"295\" data-end=\"304\">36 m\u00b3<\/strong> eller op til <strong data-start=\"314\" data-end=\"323\">72 m\u00b3<\/strong>, hvis der er installeret to systemer.<\/li>\n<li class=\"\" data-start=\"358\" data-end=\"451\"><strong data-start=\"360\" data-end=\"380\">Nem installation<\/strong> b\u00e5de under konstruktion og i eksisterende rum (retro installation).<\/li>\n<li class=\"\" data-start=\"452\" data-end=\"537\">Fungerer i tre tilstande: <strong data-start=\"478\" data-end=\"493\">100-230V AC<\/strong>, <strong data-start=\"495\" data-end=\"505\">12V DC<\/strong> og <strong data-start=\"509\" data-end=\"537\">manuel tilstand (mulighed for sikkerhedskopiering).<\/strong><\/li>\n<li class=\"\" data-start=\"538\" data-end=\"657\">Alle komponenter er <strong data-start=\"560\" data-end=\"610\">certificeret i henhold til SI 4570-standarden<\/strong> og godkendt af de nationale myndigheder.<\/li>\n<li class=\"\" data-start=\"658\" data-end=\"713\"><strong data-start=\"660\" data-end=\"713\">Installeret i titusindvis af beskyttelsesrum.<\/strong><\/li>\n<\/ul>","protected":false},"featured_media":19123,"template":"","meta":[],"product_brand":[],"product_cat":[167],"product_tag":[],"class_list":{"0":"post-19122","1":"product","2":"type-product","3":"status-publish","4":"has-post-thumbnail","6":"product_cat-varjumiskohad","8":"first","9":"instock","10":"taxable","11":"shipping-taxable","12":"purchasable","13":"product-type-simple"},"_links":{"self":[{"href":"https:\/\/flameguard.ee\/da\/wp-json\/wp\/v2\/product\/19122","targetHints":{"allow":["GET"]}}],"collection":[{"href":"https:\/\/flameguard.ee\/da\/wp-json\/wp\/v2\/product"}],"about":[{"href":"https:\/\/flameguard.ee\/da\/wp-json\/wp\/v2\/types\/product"}],"version-history":[{"count":16,"href":"https:\/\/flameguard.ee\/da\/wp-json\/wp\/v2\/product\/19122\/revisions"}],"predecessor-version":[{"id":19366,"href":"https:\/\/flameguard.ee\/da\/wp-json\/wp\/v2\/product\/19122\/revisions\/19366"}],"wp:featuredmedia":[{"embeddable":true,"href":"https:\/\/flameguard.ee\/da\/wp-json\/wp\/v2\/media\/19123"}],"wp:attachment":[{"href":"https:\/\/flameguard.ee\/da\/wp-json\/wp\/v2\/media?parent=19122"}],"wp:term":[{"taxonomy":"product_brand","embeddable":true,"href":"https:\/\/flameguard.ee\/da\/wp-json\/wp\/v2\/product_brand?post=19122"},{"taxonomy":"product_cat","embeddable":true,"href":"https:\/\/flameguard.ee\/da\/wp-json\/wp\/v2\/product_cat?post=19122"},{"taxonomy":"product_tag","embeddable":true,"href":"https:\/\/flameguard.ee\/da\/wp-json\/wp\/v2\/product_tag?post=19122"}],"curies":[{"name":"wp","href":"https:\/\/api.w.org\/{rel}","templated":true}]}}