{"id":19142,"date":"2025-05-12T11:29:29","date_gmt":"2025-05-12T08:29:29","guid":{"rendered":"https:\/\/flameguard.ee\/?post_type=product&#038;p=19142"},"modified":"2025-09-21T14:54:22","modified_gmt":"2025-09-21T11:54:22","slug":"ventilatsioonisusteem-arc-100","status":"publish","type":"product","link":"https:\/\/flameguard.ee\/da\/product\/ventilationssystem-arc-100\/","title":{"rendered":"ARC ventilationssystem"},"content":{"rendered":"<p data-start=\"715\" data-end=\"741\"><strong data-start=\"719\" data-end=\"741\">Anvendelsesomr\u00e5der:<\/strong><\/p>\n<p class=\"\" data-start=\"2220\" data-end=\"2441\">Ideel til civilforsvarsbeskyttelsesrum, regeringsbunkere, n\u00f8dbeskyttelsesrum og kritisk infrastruktur, hvor der kr\u00e6ves et h\u00f8jt niveau af luftfiltrering og overtryksvedligeholdelse.<\/p>\n<p class=\"\" data-start=\"2443\" data-end=\"2584\"><strong data-start=\"2443\" data-end=\"2584\">Alle komponenter i ARC-systemer er testet og certificeret i henhold til SI 4570-standarden og godkendt af nationale myndigheder.<\/strong><\/p>\n<p data-start=\"715\" data-end=\"741\"><strong data-start=\"719\" data-end=\"741\">S\u00e6ttet indeholder:<\/strong><\/p>\n<ol>\n<li style=\"list-style-type: none;\">\n<ol>\n<li>CBRN-filtre<\/li>\n<li>Elektrisk ventilator<\/li>\n<li>H\u00e5ndpumpe (modeller op til ARC 600)<\/li>\n<li>Eksplosionssikker vakuumventil med st\u00f8vfilter<\/li>\n<li>Lydd\u00e6mper + luftstr\u00f8msindikator<\/li>\n<li>Luftstr\u00f8msreguleringsspj\u00e6ld<\/li>\n<li>Eksplosionssikker overtryksventil<\/li>\n<\/ol>\n<\/li>\n<\/ol>","protected":false},"excerpt":{"rendered":"<p><strong>ARC-system<\/strong> er en serie af CBRN-filtrerings- og ventilationssystemer (kemiske, biologiske, radiologiske, nukleare) til civilforsvarets beskyttelsesrum, bunkere og beskyttede rum.<\/p>\n<p><strong data-start=\"216\" data-end=\"230\">ARC-serien<\/strong> Indeholder f\u00f8lgende systemer: ARC 50 ARC 100, ARC 180, ARC 240, ARC 300, ARC 450, ARC 600, ARC 900, ARC 1200 og ARC 1800.<\/p>\n<h3 class=\"\" data-start=\"232\" data-end=\"258\"><strong data-start=\"236\" data-end=\"258\">Hovedtr\u00e6k:<\/strong><\/h3>\n<ul>\n<li style=\"list-style-type: none;\">\n<ul data-start=\"912\" data-end=\"2213\">\n<li class=\"\" data-start=\"912\" data-end=\"1042\">\n<p class=\"\" data-start=\"914\" data-end=\"1042\">ARC-serien udviklet <em data-start=\"938\" data-end=\"947\">Arconik<\/em> til brug i boliger, sm\u00e5 bunkere, sikkerhedsrum og andre beskyttede omr\u00e5der.<\/p>\n<\/li>\n<li class=\"\" data-start=\"1043\" data-end=\"1225\">\n<p class=\"\" data-start=\"1045\" data-end=\"1225\">Systemerne er testet, og alle komponenter er certificeret i henhold til <em data-start=\"1119\" data-end=\"1140\">SI 4570 standard<\/em> (Luftventilations- og filtreringssystemer til shelters og beskyttede rum).<\/p>\n<\/li>\n<li class=\"\" data-start=\"1226\" data-end=\"1365\">\n<p class=\"\" data-start=\"1228\" data-end=\"1365\">Systemerne har modtaget <em data-start=\"1248\" data-end=\"1273\">Civilforsvarskommandoen<\/em> godkendt og er blevet installeret i titusindvis af beskyttelsesrum over hele verden.<\/p>\n<\/li>\n<li class=\"\" data-start=\"1730\" data-end=\"1931\">\n<p class=\"\" data-start=\"1732\" data-end=\"1931\"><strong data-start=\"1732\" data-end=\"1752\">Nem installation<\/strong> Forinstalleret (h\u00e6ldt i beton) i nye strukturer via v\u00e6gmuffer med 8-tommer flanger eller eftermontering i eksisterende v\u00e6gge ved hj\u00e6lp af betonankre.<\/p>\n<\/li>\n<li class=\"\" data-start=\"1932\" data-end=\"2018\">\n<p class=\"\" data-start=\"1934\" data-end=\"2018\">Systemerne er <strong data-start=\"1947\" data-end=\"1978\">Klar til brug p\u00e5 f\u00e5 minutter<\/strong> og kan k\u00f8res <strong data-start=\"2000\" data-end=\"2015\">En person<\/strong>.<\/p>\n<\/li>\n<li data-start=\"1932\" data-end=\"2018\">Kan installeres b\u00e5de i loftet og p\u00e5 gulvet<\/li>\n<li class=\"\" data-start=\"2019\" data-end=\"2213\">\n<p class=\"\" data-start=\"2021\" data-end=\"2213\">Elektrisk bl\u00e6ser k\u00f8rer <strong data-start=\"2052\" data-end=\"2087\">230 V eller 115 V AC<\/strong>, f\u00e5s den desuden i versioner med en luftm\u00e6ngde p\u00e5 op til 600 m\u00b3\/h <strong data-start=\"2144\" data-end=\"2158\">Manuel aktuator<\/strong>, som sikrer driften af systemet, selv i tilf\u00e6lde af str\u00f8msvigt.<\/p>\n<\/li>\n<\/ul>\n<\/li>\n<\/ul>","protected":false},"featured_media":19143,"template":"","meta":[],"product_brand":[172],"product_cat":[167],"product_tag":[],"class_list":{"0":"post-19142","1":"product","2":"type-product","3":"status-publish","4":"has-post-thumbnail","6":"product_brand-arconic","7":"product_cat-varjumiskohad","9":"first","10":"onbackorder","11":"sale","12":"taxable","13":"shipping-taxable","14":"purchasable","15":"product-type-variable"},"_links":{"self":[{"href":"https:\/\/flameguard.ee\/da\/wp-json\/wp\/v2\/product\/19142","targetHints":{"allow":["GET"]}}],"collection":[{"href":"https:\/\/flameguard.ee\/da\/wp-json\/wp\/v2\/product"}],"about":[{"href":"https:\/\/flameguard.ee\/da\/wp-json\/wp\/v2\/types\/product"}],"version-history":[{"count":5,"href":"https:\/\/flameguard.ee\/da\/wp-json\/wp\/v2\/product\/19142\/revisions"}],"predecessor-version":[{"id":19586,"href":"https:\/\/flameguard.ee\/da\/wp-json\/wp\/v2\/product\/19142\/revisions\/19586"}],"wp:featuredmedia":[{"embeddable":true,"href":"https:\/\/flameguard.ee\/da\/wp-json\/wp\/v2\/media\/19143"}],"wp:attachment":[{"href":"https:\/\/flameguard.ee\/da\/wp-json\/wp\/v2\/media?parent=19142"}],"wp:term":[{"taxonomy":"product_brand","embeddable":true,"href":"https:\/\/flameguard.ee\/da\/wp-json\/wp\/v2\/product_brand?post=19142"},{"taxonomy":"product_cat","embeddable":true,"href":"https:\/\/flameguard.ee\/da\/wp-json\/wp\/v2\/product_cat?post=19142"},{"taxonomy":"product_tag","embeddable":true,"href":"https:\/\/flameguard.ee\/da\/wp-json\/wp\/v2\/product_tag?post=19142"}],"curies":[{"name":"wp","href":"https:\/\/api.w.org\/{rel}","templated":true}]}}