{"id":19159,"date":"2025-05-12T15:01:11","date_gmt":"2025-05-12T12:01:11","guid":{"rendered":"https:\/\/flameguard.ee\/?post_type=product&#038;p=19159"},"modified":"2025-05-12T15:30:07","modified_gmt":"2025-05-12T12:30:07","slug":"ventilatsioonisusteemi-filtrid-afu","status":"publish","type":"product","link":"https:\/\/flameguard.ee\/da\/product\/ventilationssystem-filtre-afu\/","title":{"rendered":"Ventilationssystem Filtre AFU"},"content":{"rendered":"<p data-start=\"715\" data-end=\"741\"><strong data-start=\"719\" data-end=\"741\">Anvendelsesomr\u00e5der:<\/strong><\/p>\n<p class=\"\" data-start=\"2220\" data-end=\"2441\">Ideel til civilforsvarsbeskyttelsesrum, milit\u00e6re faciliteter, n\u00f8dsituationer og kritisk infrastruktur, hvor ren luft er afg\u00f8rende.<\/p>","protected":false},"excerpt":{"rendered":"<p><strong>AFU <\/strong>er CBRN-filtre (kemiske, biologiske, radiologiske, nukleare) designet til at opfylde moderne civilbeskyttelsesstandarder og -normer, s\u00e5som SI 4570 (Israel), ukrainske normer og normer i andre lande.<\/p>\n<p>Disse filtre kan bruges i en r\u00e6kke forskellige CBRN-luftfiltreringssystemer af ARC-typen, eller til at eftermontere eksisterende ventilations- og filtreringssystemer eller til at udskifte filtre for at fjerne kemiske, biologiske, radiologiske og nukleare forurenende stoffer fra luften<\/p>\n<p><strong data-start=\"216\" data-end=\"230\">AFU-serien<\/strong> omfatter f\u00f8lgende systemer: AFU 36, AFU 180, AFU 240, AFU 300, AFU 450, AFU 600, AFU 900, AFU 1200, AFU 1800.<\/p>\n<h3 class=\"\" data-start=\"232\" data-end=\"258\"><strong data-start=\"236\" data-end=\"258\">Hovedtr\u00e6k:<\/strong><\/h3>\n<ul>\n<li class=\"\" data-start=\"517\" data-end=\"695\">\n<p class=\"\" data-start=\"519\" data-end=\"695\">Bredt udvalg af filtre til forskellige luftstr\u00f8mme og CBRN-systemst\u00f8rrelser: AFU 36, AFU 180, AFU 240, AFU 300, AFU 450, AFU 600, AFU 900, AFU 1200, AFU 1800 og andre st\u00f8rrelser<\/p>\n<\/li>\n<li class=\"\" data-start=\"696\" data-end=\"787\">\n<p class=\"\" data-start=\"698\" data-end=\"787\">Avanceret filtrering mod industrielle giftige kemikalier (TIC'er) og CBRN-trusler<\/p>\n<\/li>\n<li class=\"\" data-start=\"788\" data-end=\"839\">\n<p class=\"\" data-start=\"790\" data-end=\"839\">Lang levetid og lave vedligeholdelseskrav<\/p>\n<\/li>\n<li class=\"\" data-start=\"840\" data-end=\"908\">\n<p class=\"\" data-start=\"842\" data-end=\"908\">Kompatibel med b\u00e5de moderne og \u00e6ldre filtersystemer<\/p>\n<\/li>\n<li class=\"\" data-start=\"909\" data-end=\"971\">\n<p class=\"\" data-start=\"911\" data-end=\"971\">Nem at installere og udskifte i eksisterende systemer<\/p>\n<\/li>\n<\/ul>\n<ul>\n<li style=\"list-style-type: none;\">\n<ul>\n<li style=\"list-style-type: none;\"><\/li>\n<\/ul>\n<\/li>\n<\/ul>","protected":false},"featured_media":19169,"template":"","meta":[],"product_brand":[172],"product_cat":[167],"product_tag":[],"class_list":{"0":"post-19159","1":"product","2":"type-product","3":"status-publish","4":"has-post-thumbnail","6":"product_brand-arconic","7":"product_cat-varjumiskohad","9":"first","10":"onbackorder","11":"taxable","12":"shipping-taxable","13":"product-type-variable"},"_links":{"self":[{"href":"https:\/\/flameguard.ee\/da\/wp-json\/wp\/v2\/product\/19159","targetHints":{"allow":["GET"]}}],"collection":[{"href":"https:\/\/flameguard.ee\/da\/wp-json\/wp\/v2\/product"}],"about":[{"href":"https:\/\/flameguard.ee\/da\/wp-json\/wp\/v2\/types\/product"}],"version-history":[{"count":2,"href":"https:\/\/flameguard.ee\/da\/wp-json\/wp\/v2\/product\/19159\/revisions"}],"predecessor-version":[{"id":19197,"href":"https:\/\/flameguard.ee\/da\/wp-json\/wp\/v2\/product\/19159\/revisions\/19197"}],"wp:featuredmedia":[{"embeddable":true,"href":"https:\/\/flameguard.ee\/da\/wp-json\/wp\/v2\/media\/19169"}],"wp:attachment":[{"href":"https:\/\/flameguard.ee\/da\/wp-json\/wp\/v2\/media?parent=19159"}],"wp:term":[{"taxonomy":"product_brand","embeddable":true,"href":"https:\/\/flameguard.ee\/da\/wp-json\/wp\/v2\/product_brand?post=19159"},{"taxonomy":"product_cat","embeddable":true,"href":"https:\/\/flameguard.ee\/da\/wp-json\/wp\/v2\/product_cat?post=19159"},{"taxonomy":"product_tag","embeddable":true,"href":"https:\/\/flameguard.ee\/da\/wp-json\/wp\/v2\/product_tag?post=19159"}],"curies":[{"name":"wp","href":"https:\/\/api.w.org\/{rel}","templated":true}]}}