{"id":19208,"date":"2025-05-12T19:51:57","date_gmt":"2025-05-12T16:51:57","guid":{"rendered":"https:\/\/flameguard.ee\/?post_type=product&#038;p=19208"},"modified":"2025-05-12T19:58:43","modified_gmt":"2025-05-12T16:58:43","slug":"co-ja-co2-eemaldussusteem-arc","status":"publish","type":"product","link":"https:\/\/flameguard.ee\/da\/product\/co-og-co2-fjernelsessystem-bue\/","title":{"rendered":"CO- og CO2-fjernelsessystem ARC"},"content":{"rendered":"<p data-start=\"715\" data-end=\"741\"><strong data-start=\"719\" data-end=\"741\">Anvendelsesomr\u00e5der:<\/strong><\/p>\n<p class=\"\" data-start=\"2220\" data-end=\"2441\">Ideel til civilforsvarsbeskyttelsesrum, regeringsbunkere, n\u00f8dbeskyttelsesrum og kritisk infrastruktur, hvor der kr\u00e6ves et h\u00f8jt niveau af luftfiltrering og overtryksvedligeholdelse.<\/p>","protected":false},"excerpt":{"rendered":"<p><strong>CO- og CO2-buesystem<\/strong> er systemer til fjernelse af kuldioxid (CO\u2082) og kulilte (CO). Systemerne har et modul\u00e6rt design, der g\u00f8r det muligt at tilslutte et eller flere CO\u2082- eller CO-filtre til en ventilator for at cirkulere luft i beskyttelsesrummet og fjerne kuldioxid eller kulilte fra det.<\/p>\n<h3 class=\"\" data-start=\"232\" data-end=\"258\"><strong data-start=\"236\" data-end=\"258\">Hovedtr\u00e6k:<\/strong><\/h3>\n<ul>\n<li class=\"\" data-start=\"389\" data-end=\"469\">\n<p class=\"\" data-start=\"391\" data-end=\"469\">Modul\u00e6rt design til fleksibel installation i overd\u00e6kninger i forskellige st\u00f8rrelser<\/p>\n<\/li>\n<li class=\"\" data-start=\"470\" data-end=\"512\">\n<p class=\"\" data-start=\"472\" data-end=\"512\">Effektiv fjernelse af kuldioxid fra luften<\/p>\n<\/li>\n<li class=\"\" data-start=\"513\" data-end=\"600\">\n<p class=\"\" data-start=\"515\" data-end=\"600\">Kan installeres som en selvst\u00e6ndig enhed eller som en del af st\u00f8rre luftbehandlingssystemer<\/p>\n<\/li>\n<li class=\"\" data-start=\"601\" data-end=\"678\">\n<p class=\"\" data-start=\"603\" data-end=\"678\">Specielt udviklet til civilforsvarets beskyttelsesrum og beskyttede omr\u00e5der.<\/p>\n<\/li>\n<\/ul>\n<ul>\n<li style=\"list-style-type: none;\"><\/li>\n<\/ul>","protected":false},"featured_media":19218,"template":"","meta":[],"product_brand":[172],"product_cat":[167],"product_tag":[],"class_list":{"0":"post-19208","1":"product","2":"type-product","3":"status-publish","4":"has-post-thumbnail","6":"product_brand-arconic","7":"product_cat-varjumiskohad","9":"first","10":"onbackorder","11":"taxable","12":"shipping-taxable","13":"product-type-simple"},"_links":{"self":[{"href":"https:\/\/flameguard.ee\/da\/wp-json\/wp\/v2\/product\/19208","targetHints":{"allow":["GET"]}}],"collection":[{"href":"https:\/\/flameguard.ee\/da\/wp-json\/wp\/v2\/product"}],"about":[{"href":"https:\/\/flameguard.ee\/da\/wp-json\/wp\/v2\/types\/product"}],"version-history":[{"count":2,"href":"https:\/\/flameguard.ee\/da\/wp-json\/wp\/v2\/product\/19208\/revisions"}],"predecessor-version":[{"id":19221,"href":"https:\/\/flameguard.ee\/da\/wp-json\/wp\/v2\/product\/19208\/revisions\/19221"}],"wp:featuredmedia":[{"embeddable":true,"href":"https:\/\/flameguard.ee\/da\/wp-json\/wp\/v2\/media\/19218"}],"wp:attachment":[{"href":"https:\/\/flameguard.ee\/da\/wp-json\/wp\/v2\/media?parent=19208"}],"wp:term":[{"taxonomy":"product_brand","embeddable":true,"href":"https:\/\/flameguard.ee\/da\/wp-json\/wp\/v2\/product_brand?post=19208"},{"taxonomy":"product_cat","embeddable":true,"href":"https:\/\/flameguard.ee\/da\/wp-json\/wp\/v2\/product_cat?post=19208"},{"taxonomy":"product_tag","embeddable":true,"href":"https:\/\/flameguard.ee\/da\/wp-json\/wp\/v2\/product_tag?post=19208"}],"curies":[{"name":"wp","href":"https:\/\/api.w.org\/{rel}","templated":true}]}}