{"id":19223,"date":"2025-05-12T20:02:40","date_gmt":"2025-05-12T17:02:40","guid":{"rendered":"https:\/\/flameguard.ee\/?post_type=product&#038;p=19223"},"modified":"2025-05-12T20:29:06","modified_gmt":"2025-05-12T17:29:06","slug":"looklainevastane-ulerohuklapp-bvno","status":"publish","type":"product","link":"https:\/\/flameguard.ee\/da\/product\/anti-chok-bolge-overtryksventil-bvno\/","title":{"rendered":"Anti-chok b\u00f8lge normal \u00e5ben choker BVNO"},"content":{"rendered":"<p data-start=\"715\" data-end=\"741\"><strong data-start=\"719\" data-end=\"741\">Anvendelsesomr\u00e5der:<\/strong><\/p>\n<p class=\"\" data-start=\"2220\" data-end=\"2441\">Perfekt til civilforsvarsbeskyttelsesrum, milit\u00e6re faciliteter, n\u00f8dmuligheder og kritisk infrastruktur<\/p>","protected":false},"excerpt":{"rendered":"<p><strong data-start=\"73\" data-end=\"119\">BVNO automatisk, <\/strong>Normale \u00e5bne ventiler er designet til at blive installeret i ventilations\u00e5bninger for at beskytte indend\u00f8rs omr\u00e5der mod virkningerne af en destruktiv eksplosionsb\u00f8lge. Disse ventiler er specielt designet til at give ventilation og samtidig give beskyttelse mod uventede overliggende tryk. I normal tilstand er disse ventiler \u00e5bne, hvilket giver mulighed for en konstant luftstr\u00f8m, men i tilf\u00e6lde af en eksplosion lukker de automatisk for at beskytte det indre.<\/p>\n<h3 class=\"\" data-start=\"232\" data-end=\"258\"><strong data-start=\"236\" data-end=\"258\">Hovedtr\u00e6k:<\/strong><\/h3>\n<ul>\n<li class=\"\" data-start=\"511\" data-end=\"709\">\n<p class=\"\" data-start=\"513\" data-end=\"709\">Bredt udvalg af eksplosionsventiler til forskellige luftstr\u00f8mme. BVNO-serien omfatter ventiler med et luftstr\u00f8msomr\u00e5de p\u00e5 <strong data-start=\"621\" data-end=\"637\">50-2900 m\u00b3\/h<\/strong> (pr. ventil, for h\u00f8jere luftstr\u00f8m, kan der installeres flere ventiler).<\/p>\n<\/li>\n<li class=\"\" data-start=\"710\" data-end=\"750\">\n<p class=\"\" data-start=\"712\" data-end=\"750\">Trykmodstand bagtil &gt;900 kPa (9 bar).<\/p>\n<\/li>\n<li class=\"\" data-start=\"751\" data-end=\"804\">\n<p class=\"\" data-start=\"753\" data-end=\"804\">Meget holdbar \u2013 modstandsdygtig over for varme og korrosion.<\/p>\n<\/li>\n<li class=\"\" data-start=\"805\" data-end=\"948\">\n<p class=\"\" data-start=\"807\" data-end=\"948\">Normalt kan \u00e5bne eksplosionsventiler udstyres med et st\u00f8vforfilter til fjernelse af st\u00f8vpartikler og et specielt hus til at lede luft.<\/p>\n<\/li>\n<li data-start=\"805\" data-end=\"948\">Driftstemperatur -20 \u2013 +70 \u00b0C<\/li>\n<li data-start=\"805\" data-end=\"948\">Mekanisk styrke op til 12 g<\/li>\n<\/ul>\n<ul>\n<li style=\"list-style-type: none;\"><\/li>\n<\/ul>","protected":false},"featured_media":19224,"template":"","meta":[],"product_brand":[172],"product_cat":[167],"product_tag":[],"class_list":{"0":"post-19223","1":"product","2":"type-product","3":"status-publish","4":"has-post-thumbnail","6":"product_brand-arconic","7":"product_cat-varjumiskohad","9":"first","10":"instock","11":"taxable","12":"shipping-taxable","13":"product-type-variable"},"_links":{"self":[{"href":"https:\/\/flameguard.ee\/da\/wp-json\/wp\/v2\/product\/19223","targetHints":{"allow":["GET"]}}],"collection":[{"href":"https:\/\/flameguard.ee\/da\/wp-json\/wp\/v2\/product"}],"about":[{"href":"https:\/\/flameguard.ee\/da\/wp-json\/wp\/v2\/types\/product"}],"version-history":[{"count":4,"href":"https:\/\/flameguard.ee\/da\/wp-json\/wp\/v2\/product\/19223\/revisions"}],"predecessor-version":[{"id":19250,"href":"https:\/\/flameguard.ee\/da\/wp-json\/wp\/v2\/product\/19223\/revisions\/19250"}],"wp:featuredmedia":[{"embeddable":true,"href":"https:\/\/flameguard.ee\/da\/wp-json\/wp\/v2\/media\/19224"}],"wp:attachment":[{"href":"https:\/\/flameguard.ee\/da\/wp-json\/wp\/v2\/media?parent=19223"}],"wp:term":[{"taxonomy":"product_brand","embeddable":true,"href":"https:\/\/flameguard.ee\/da\/wp-json\/wp\/v2\/product_brand?post=19223"},{"taxonomy":"product_cat","embeddable":true,"href":"https:\/\/flameguard.ee\/da\/wp-json\/wp\/v2\/product_cat?post=19223"},{"taxonomy":"product_tag","embeddable":true,"href":"https:\/\/flameguard.ee\/da\/wp-json\/wp\/v2\/product_tag?post=19223"}],"curies":[{"name":"wp","href":"https:\/\/api.w.org\/{rel}","templated":true}]}}