{"id":19241,"date":"2025-05-12T20:25:51","date_gmt":"2025-05-12T17:25:51","guid":{"rendered":"https:\/\/flameguard.ee\/?post_type=product&#038;p=19241"},"modified":"2025-05-12T20:37:49","modified_gmt":"2025-05-12T17:37:49","slug":"looklainevastane-ulerohuklapp-bvno-2","status":"publish","type":"product","link":"https:\/\/flameguard.ee\/da\/product\/anti-chok-bolge-overtryksventil-bvno-2\/","title":{"rendered":"Anti-chok b\u00f8lge overtryksventil BVNO"},"content":{"rendered":"<p data-start=\"715\" data-end=\"741\"><strong data-start=\"719\" data-end=\"741\">Anvendelsesomr\u00e5der:<\/strong><\/p>\n<p class=\"\" data-start=\"2220\" data-end=\"2441\">Perfekt til civilforsvarsbeskyttelsesrum, milit\u00e6re faciliteter, n\u00f8dmuligheder og kritisk infrastruktur<\/p>","protected":false},"excerpt":{"rendered":"<p><strong data-start=\"172\" data-end=\"180\">BVNC<\/strong> Overtryksventiler lukkes normalt og \u00e5bner kun automatisk, n\u00e5r det er n\u00f8dvendigt at frigive internt overtryk. De giver vigtig beskyttelse mod internt overtryk p\u00e5 grund af eksplosion, samtidig med at de opretholder t\u00e6thed under normale forhold.<\/p>\n<h3 class=\"\" data-start=\"232\" data-end=\"258\"><strong data-start=\"236\" data-end=\"258\">Hovedtr\u00e6k:<\/strong><\/h3>\n<ul>\n<li class=\"\" data-start=\"450\" data-end=\"517\">\n<p class=\"\" data-start=\"452\" data-end=\"517\">Holder overtrykket under kontrol ved automatisk at frigive overskydende luft.<\/p>\n<\/li>\n<li class=\"\" data-start=\"518\" data-end=\"551\">\n<p class=\"\" data-start=\"520\" data-end=\"551\">Arbejder ud fra pres <strong data-start=\"541\" data-end=\"550\">50 Pa<\/strong>.<\/p>\n<\/li>\n<li class=\"\" data-start=\"552\" data-end=\"614\">\n<p class=\"\" data-start=\"554\" data-end=\"614\">F\u00e5s i forskellige st\u00f8rrelser alt efter luftstr\u00f8msbehov.<\/p>\n<\/li>\n<\/ul>\n<ul>\n<li style=\"list-style-type: none;\"><\/li>\n<\/ul>","protected":false},"featured_media":19251,"template":"","meta":[],"product_brand":[172],"product_cat":[167],"product_tag":[],"class_list":{"0":"post-19241","1":"product","2":"type-product","3":"status-publish","4":"has-post-thumbnail","6":"product_brand-arconic","7":"product_cat-varjumiskohad","9":"first","10":"instock","11":"taxable","12":"shipping-taxable","13":"product-type-simple"},"_links":{"self":[{"href":"https:\/\/flameguard.ee\/da\/wp-json\/wp\/v2\/product\/19241","targetHints":{"allow":["GET"]}}],"collection":[{"href":"https:\/\/flameguard.ee\/da\/wp-json\/wp\/v2\/product"}],"about":[{"href":"https:\/\/flameguard.ee\/da\/wp-json\/wp\/v2\/types\/product"}],"version-history":[{"count":1,"href":"https:\/\/flameguard.ee\/da\/wp-json\/wp\/v2\/product\/19241\/revisions"}],"predecessor-version":[{"id":19256,"href":"https:\/\/flameguard.ee\/da\/wp-json\/wp\/v2\/product\/19241\/revisions\/19256"}],"wp:featuredmedia":[{"embeddable":true,"href":"https:\/\/flameguard.ee\/da\/wp-json\/wp\/v2\/media\/19251"}],"wp:attachment":[{"href":"https:\/\/flameguard.ee\/da\/wp-json\/wp\/v2\/media?parent=19241"}],"wp:term":[{"taxonomy":"product_brand","embeddable":true,"href":"https:\/\/flameguard.ee\/da\/wp-json\/wp\/v2\/product_brand?post=19241"},{"taxonomy":"product_cat","embeddable":true,"href":"https:\/\/flameguard.ee\/da\/wp-json\/wp\/v2\/product_cat?post=19241"},{"taxonomy":"product_tag","embeddable":true,"href":"https:\/\/flameguard.ee\/da\/wp-json\/wp\/v2\/product_tag?post=19241"}],"curies":[{"name":"wp","href":"https:\/\/api.w.org\/{rel}","templated":true}]}}