{"id":19260,"date":"2025-05-12T20:44:41","date_gmt":"2025-05-12T17:44:41","guid":{"rendered":"https:\/\/flameguard.ee\/?post_type=product&#038;p=19260"},"modified":"2025-05-12T20:49:23","modified_gmt":"2025-05-12T17:49:23","slug":"hdb-looklainevastane-rest","status":"publish","type":"product","link":"https:\/\/flameguard.ee\/da\/product\/hdb-anti-chok-bolgegitter\/","title":{"rendered":"HDB anti-chok b\u00f8lgegitter"},"content":{"rendered":"<p data-start=\"715\" data-end=\"741\"><strong data-start=\"719\" data-end=\"741\">Anvendelsesomr\u00e5der:<\/strong><\/p>\n<p class=\"\" data-start=\"2220\" data-end=\"2441\">Raffinaderier, olie- og gasanl\u00e6g, atomkraftv\u00e6rker, beskyttelsesrum, regeringsbygninger og anden kritisk infrastruktur.<\/p>\n<p data-start=\"2220\" data-end=\"2441\">","protected":false},"excerpt":{"rendered":"<p><strong data-start=\"1345\" data-end=\"1369\">HDB anti-chok b\u00f8lgegitter<\/strong>\u00a0Beskytter kritisk infrastruktur ved at forhindre eksplosionsb\u00f8lger i at tr\u00e6nge ind i ventilationssystemer. Lukker med det samme, n\u00e5r der registreres en chokb\u00f8lge og \u00e5bner automatisk, n\u00e5r situationen normaliseres (\u00e5bnes ogs\u00e5 manuelt). Fremstillet af rustfrit st\u00e5l, ogs\u00e5 velegnet til potentielt eksplosive zoner (ATEX Zone 1, 2, 21, 22).<\/p>\n<h3 class=\"\" data-start=\"232\" data-end=\"258\"><strong data-start=\"236\" data-end=\"258\">Hovedtr\u00e6k:<\/strong><\/h3>\n<ul>\n<li class=\"\" data-start=\"1707\" data-end=\"1750\">\n<p class=\"\" data-start=\"1709\" data-end=\"1750\">Testet i st\u00f8dr\u00f8r op til <strong data-start=\"1733\" data-end=\"1742\">6 bar<\/strong> tryk.<\/p>\n<\/li>\n<li class=\"\" data-start=\"1751\" data-end=\"1803\">\n<p class=\"\" data-start=\"1753\" data-end=\"1803\">Korrosionsbestandighed (1440 timer i saltt\u00e5getest).<\/p>\n<\/li>\n<li class=\"\" data-start=\"1804\" data-end=\"1849\">\n<p class=\"\" data-start=\"1806\" data-end=\"1849\">Selvaktiverende lukke- og \u00e5bningsmekanisme.<\/p>\n<\/li>\n<li class=\"\" data-start=\"1850\" data-end=\"1908\">\n<p class=\"\" data-start=\"1852\" data-end=\"1908\">F\u00e5s p\u00e5 specialbestilling op til dimensionerne 2000\u00d72400 mm.<\/p>\n<\/li>\n<li class=\"\" data-start=\"1909\" data-end=\"1963\">\n<p class=\"\" data-start=\"1911\" data-end=\"1963\">Certificeret til brug i farlige milj\u00f8er.<\/p>\n<\/li>\n<\/ul>","protected":false},"featured_media":19263,"template":"","meta":[],"product_brand":[172],"product_cat":[167],"product_tag":[],"class_list":{"0":"post-19260","1":"product","2":"type-product","3":"status-publish","4":"has-post-thumbnail","6":"product_brand-arconic","7":"product_cat-varjumiskohad","9":"first","10":"instock","11":"taxable","12":"shipping-taxable","13":"product-type-simple"},"_links":{"self":[{"href":"https:\/\/flameguard.ee\/da\/wp-json\/wp\/v2\/product\/19260","targetHints":{"allow":["GET"]}}],"collection":[{"href":"https:\/\/flameguard.ee\/da\/wp-json\/wp\/v2\/product"}],"about":[{"href":"https:\/\/flameguard.ee\/da\/wp-json\/wp\/v2\/types\/product"}],"version-history":[{"count":1,"href":"https:\/\/flameguard.ee\/da\/wp-json\/wp\/v2\/product\/19260\/revisions"}],"predecessor-version":[{"id":19262,"href":"https:\/\/flameguard.ee\/da\/wp-json\/wp\/v2\/product\/19260\/revisions\/19262"}],"wp:featuredmedia":[{"embeddable":true,"href":"https:\/\/flameguard.ee\/da\/wp-json\/wp\/v2\/media\/19263"}],"wp:attachment":[{"href":"https:\/\/flameguard.ee\/da\/wp-json\/wp\/v2\/media?parent=19260"}],"wp:term":[{"taxonomy":"product_brand","embeddable":true,"href":"https:\/\/flameguard.ee\/da\/wp-json\/wp\/v2\/product_brand?post=19260"},{"taxonomy":"product_cat","embeddable":true,"href":"https:\/\/flameguard.ee\/da\/wp-json\/wp\/v2\/product_cat?post=19260"},{"taxonomy":"product_tag","embeddable":true,"href":"https:\/\/flameguard.ee\/da\/wp-json\/wp\/v2\/product_tag?post=19260"}],"curies":[{"name":"wp","href":"https:\/\/api.w.org\/{rel}","templated":true}]}}