{"id":19265,"date":"2025-05-12T20:53:50","date_gmt":"2025-05-12T17:53:50","guid":{"rendered":"https:\/\/flameguard.ee\/?post_type=product&#038;p=19265"},"modified":"2025-05-13T20:33:16","modified_gmt":"2025-05-13T17:33:16","slug":"moodulvarjend-kalamaki","status":"publish","type":"product","link":"https:\/\/flameguard.ee\/da\/product\/modulaert-husly-kalamaki\/","title":{"rendered":"Modulopbygget overd\u00e6kning Kalamaki"},"content":{"rendered":"<p data-start=\"715\" data-end=\"741\">Kalamaki modul\u00e6re overd\u00e6kning er fuldt modul\u00e6r, hvilket giver mulighed for tilpasning, s\u00e5 den passer til ethvert behov. Uanset om det er en individuel eller en st\u00f8rre gruppe \u2013 shelteret kan kombineres fra forskellige tekniske, opholds- og komfortmoduler. Fra shelters til basale behov til fuldt udstyrede langtidsboliger kan bunkeren udstyres med elektriske systemer, vandbehandling, ventilation, opbevaring, soveomr\u00e5der og endda luksuselementer. Kalamaki moduloverd\u00e6kning tilbyder fleksibilitet, hurtig installation og langvarig beskyttelse \u2013 pr\u00e6cis efter dine behov.<\/p>\n<p data-start=\"2220\" data-end=\"2441\">","protected":false},"excerpt":{"rendered":"<p><strong data-start=\"1345\" data-end=\"1369\">Modulopbygget overd\u00e6kning Kalamaki <\/strong>er et pr\u00e6fabrikeret, modul\u00e6rt og meget holdbart system af overd\u00e6kningsmoduler designet til maksimal beskyttelse og komfort. Disse pr\u00e6fabrikerede shelters er udviklet ved at kombinere overkommelighed og kvalitet, hvilket giver fremragende sikkerhed, komfort og langsigtet anvendelighed.<\/p>\n<h3 class=\"\" data-start=\"232\" data-end=\"258\"><strong data-start=\"236\" data-end=\"258\">Hovedtr\u00e6k:<\/strong><\/h3>\n<ul>\n<li class=\"\" data-start=\"470\" data-end=\"604\">\n<p class=\"\" data-start=\"472\" data-end=\"604\"><strong data-start=\"472\" data-end=\"527\">Omkostningseffektiv l\u00f8sning uden at g\u00e5 p\u00e5 kompromis med kvaliteten<\/strong> \u2013 materialer og h\u00e5ndv\u00e6rk af h\u00f8j kvalitet til en overkommelig pris.<\/p>\n<\/li>\n<li class=\"\" data-start=\"605\" data-end=\"724\">\n<p class=\"\" data-start=\"607\" data-end=\"724\"><strong data-start=\"607\" data-end=\"632\">Fuldt tilpasselig<\/strong> \u2013 Forskellige moduler giver mulighed for at skabe st\u00f8rre opholds- og sikkerhedsomr\u00e5der efter behov.<\/p>\n<\/li>\n<li class=\"\" data-start=\"725\" data-end=\"828\">\n<p class=\"\" data-start=\"727\" data-end=\"828\"><strong data-start=\"727\" data-end=\"756\">Hurtig og nem installation<\/strong> \u2013 Pr\u00e6fabrikeret konstruktion giver mulighed for hurtig og nem ops\u00e6tning.<\/p>\n<\/li>\n<li class=\"\" data-start=\"829\" data-end=\"924\">\n<p class=\"\" data-start=\"831\" data-end=\"924\"><strong data-start=\"831\" data-end=\"851\">Omfattende beskyttelse<\/strong> \u2013 Fuldst\u00e6ndig vandt\u00e6t, luftt\u00e6t og korrosionsbestandig, hvilket sikrer en lang levetid.<\/p>\n<\/li>\n<li class=\"\" data-start=\"925\" data-end=\"1134\">\n<p class=\"\" data-start=\"927\" data-end=\"1134\"><strong data-start=\"927\" data-end=\"989\">Integrerede CBRN-filtrerings- og eksplosionssikre d\u00f8re<\/strong> \u2013 udstyret med certificerede Atmas Group \/ Arconik CBRN-filtreringssystemer og eksplosionssikre d\u00f8re for maksimal sikkerhed.<\/p>\n<\/li>\n<li class=\"\" data-start=\"1135\" data-end=\"1347\">\n<p class=\"\" data-start=\"1137\" data-end=\"1347\"><strong data-start=\"1137\" data-end=\"1166\">Verdensomsp\u00e6ndende forsendelsesmulighed<\/strong> \u2013 optimeret til at kunne rummes i standardcontainere, og det lette og holdbare design giver mulighed for verdensomsp\u00e6ndende transport; Lokale agenter sikrer problemfri bestilling og support.<\/p>\n<\/li>\n<\/ul>","protected":false},"featured_media":19266,"template":"","meta":[],"product_brand":[202],"product_cat":[167],"product_tag":[],"class_list":{"0":"post-19265","1":"product","2":"type-product","3":"status-publish","4":"has-post-thumbnail","6":"product_brand-kolomaki","7":"product_cat-varjumiskohad","9":"first","10":"instock","11":"taxable","12":"shipping-taxable","13":"product-type-simple"},"_links":{"self":[{"href":"https:\/\/flameguard.ee\/da\/wp-json\/wp\/v2\/product\/19265","targetHints":{"allow":["GET"]}}],"collection":[{"href":"https:\/\/flameguard.ee\/da\/wp-json\/wp\/v2\/product"}],"about":[{"href":"https:\/\/flameguard.ee\/da\/wp-json\/wp\/v2\/types\/product"}],"version-history":[{"count":1,"href":"https:\/\/flameguard.ee\/da\/wp-json\/wp\/v2\/product\/19265\/revisions"}],"predecessor-version":[{"id":19267,"href":"https:\/\/flameguard.ee\/da\/wp-json\/wp\/v2\/product\/19265\/revisions\/19267"}],"wp:featuredmedia":[{"embeddable":true,"href":"https:\/\/flameguard.ee\/da\/wp-json\/wp\/v2\/media\/19266"}],"wp:attachment":[{"href":"https:\/\/flameguard.ee\/da\/wp-json\/wp\/v2\/media?parent=19265"}],"wp:term":[{"taxonomy":"product_brand","embeddable":true,"href":"https:\/\/flameguard.ee\/da\/wp-json\/wp\/v2\/product_brand?post=19265"},{"taxonomy":"product_cat","embeddable":true,"href":"https:\/\/flameguard.ee\/da\/wp-json\/wp\/v2\/product_cat?post=19265"},{"taxonomy":"product_tag","embeddable":true,"href":"https:\/\/flameguard.ee\/da\/wp-json\/wp\/v2\/product_tag?post=19265"}],"curies":[{"name":"wp","href":"https:\/\/api.w.org\/{rel}","templated":true}]}}