{"id":19274,"date":"2025-05-12T21:16:27","date_gmt":"2025-05-12T18:16:27","guid":{"rendered":"https:\/\/flameguard.ee\/?post_type=product&#038;p=19274"},"modified":"2025-05-13T20:32:40","modified_gmt":"2025-05-13T17:32:40","slug":"toru-kujuline-varjend","status":"publish","type":"product","link":"https:\/\/flameguard.ee\/da\/product\/rorformet-overdaekning\/","title":{"rendered":"R\u00f8rformet l\u00e6"},"content":{"rendered":"<p data-start=\"715\" data-end=\"741\">Ideel til brug som private bunkere, n\u00f8dbeskyttelsesrum og rum, der beskytter mod naturlige eller menneskeskabte farer.<\/p>\n<p data-start=\"2220\" data-end=\"2441\">","protected":false},"excerpt":{"rendered":"<p>Et r\u00f8rformet shelter er en avanceret l\u00f8sning, der er designet til at sikre sikkerheden i forskellige krisesituationer. Den er designet med enest\u00e5ende opm\u00e6rksomhed p\u00e5 de h\u00f8jeste standarder for beskyttelse. Derudover er det kendetegnet ved brugervenlighed, som opfylder forventningerne hos selv de mest kr\u00e6vende brugere. Desuden tilbyder den fleksibilitet takket v\u00e6re muligheden for at tilpasse interi\u00f8ret til individuelle behov, hvilket g\u00f8r den til et ideelt valg for b\u00e5de enkeltpersoner og institutioner, der leder efter en omfattende l\u00f8sning p\u00e5 forsvarsomr\u00e5det.<\/p>\n<h3 class=\"\" data-start=\"232\" data-end=\"258\"><strong data-start=\"236\" data-end=\"258\">Hovedtr\u00e6k:<\/strong><\/h3>\n<ul>\n<li class=\"\" data-start=\"635\" data-end=\"713\">\n<p class=\"\" data-start=\"637\" data-end=\"713\"><strong data-start=\"637\" data-end=\"665\">Brugbar h\u00f8jde: 3 meter<\/strong> \u2013 sikrer bev\u00e6gelsesfrihed og komfort indeni.<\/p>\n<\/li>\n<li class=\"\" data-start=\"714\" data-end=\"800\">\n<p class=\"\" data-start=\"716\" data-end=\"800\"><strong data-start=\"716\" data-end=\"759\">L\u00e6ngde p\u00e5 opholdsmodulet: 6 til 15 meter<\/strong>, hvilket giver mulighed for indkvartering af flere personer.<\/p>\n<\/li>\n<li class=\"\" data-start=\"801\" data-end=\"866\">\n<p class=\"\" data-start=\"803\" data-end=\"866\">Strukturen omfatter plads til tilslutninger og tekniske systemer.<\/p>\n<\/li>\n<li class=\"\" data-start=\"867\" data-end=\"929\">\n<p class=\"\" data-start=\"869\" data-end=\"929\">Kan installeres <strong data-start=\"889\" data-end=\"928\">som en overjordisk eller underjordisk l\u00f8sning<\/strong>.<\/p>\n<\/li>\n<li class=\"\" data-start=\"930\" data-end=\"1071\">\n<p class=\"\" data-start=\"932\" data-end=\"1071\">Udstyret med <strong data-start=\"943\" data-end=\"990\">Certificerede gas- og vandt\u00e6tte d\u00f8re<\/strong> og <strong data-start=\"996\" data-end=\"1027\">med eksplosionssikre luger<\/strong>, der sikrer isolation fra eksterne trusler.<\/p>\n<\/li>\n<li class=\"\" data-start=\"1072\" data-end=\"1206\">\n<p class=\"\" data-start=\"1074\" data-end=\"1206\">Indeholder <strong data-start=\"1083\" data-end=\"1134\">Arconik ventilations- og filtreringssystem<\/strong>, som beskytter <strong data-start=\"1148\" data-end=\"1200\">nukleare, biologiske og kemiske trusler (CBRN)<\/strong> .<\/p>\n<\/li>\n<\/ul>","protected":false},"featured_media":19275,"template":"","meta":[],"product_brand":[202],"product_cat":[167],"product_tag":[],"class_list":{"0":"post-19274","1":"product","2":"type-product","3":"status-publish","4":"has-post-thumbnail","6":"product_brand-kolomaki","7":"product_cat-varjumiskohad","9":"first","10":"instock","11":"taxable","12":"shipping-taxable","13":"product-type-simple"},"_links":{"self":[{"href":"https:\/\/flameguard.ee\/da\/wp-json\/wp\/v2\/product\/19274","targetHints":{"allow":["GET"]}}],"collection":[{"href":"https:\/\/flameguard.ee\/da\/wp-json\/wp\/v2\/product"}],"about":[{"href":"https:\/\/flameguard.ee\/da\/wp-json\/wp\/v2\/types\/product"}],"version-history":[{"count":1,"href":"https:\/\/flameguard.ee\/da\/wp-json\/wp\/v2\/product\/19274\/revisions"}],"predecessor-version":[{"id":19279,"href":"https:\/\/flameguard.ee\/da\/wp-json\/wp\/v2\/product\/19274\/revisions\/19279"}],"wp:featuredmedia":[{"embeddable":true,"href":"https:\/\/flameguard.ee\/da\/wp-json\/wp\/v2\/media\/19275"}],"wp:attachment":[{"href":"https:\/\/flameguard.ee\/da\/wp-json\/wp\/v2\/media?parent=19274"}],"wp:term":[{"taxonomy":"product_brand","embeddable":true,"href":"https:\/\/flameguard.ee\/da\/wp-json\/wp\/v2\/product_brand?post=19274"},{"taxonomy":"product_cat","embeddable":true,"href":"https:\/\/flameguard.ee\/da\/wp-json\/wp\/v2\/product_cat?post=19274"},{"taxonomy":"product_tag","embeddable":true,"href":"https:\/\/flameguard.ee\/da\/wp-json\/wp\/v2\/product_tag?post=19274"}],"curies":[{"name":"wp","href":"https:\/\/api.w.org\/{rel}","templated":true}]}}