{"id":19280,"date":"2025-05-12T21:32:15","date_gmt":"2025-05-12T18:32:15","guid":{"rendered":"https:\/\/flameguard.ee\/?post_type=product&#038;p=19280"},"modified":"2025-05-13T20:32:14","modified_gmt":"2025-05-13T17:32:14","slug":"kibo-uksiseseisev-varjend","status":"publish","type":"product","link":"https:\/\/flameguard.ee\/da\/product\/kibo-ensom-shelter\/","title":{"rendered":"KIBO fritst\u00e5ende overd\u00e6kning"},"content":{"rendered":"<h3 class=\"\" data-start=\"1227\" data-end=\"1252\"><strong data-start=\"1231\" data-end=\"1252\">Standardudstyr:<\/strong><\/h3>\n<ul data-start=\"1254\" data-end=\"1638\">\n<li class=\"\" data-start=\"1254\" data-end=\"1348\">\n<p class=\"\" data-start=\"1256\" data-end=\"1348\">Kraftv\u00e6rk 1000 W<br data-start=\"1274\" data-end=\"1277\" \/><em data-start=\"1279\" data-end=\"1346\">(2\u00d7 USB-C 100W \/ 2\u00d7 AC \/ 2\u00d7 3A USB-A \/ Bil Udgang \/ 2\u00d7 DC)<\/em><\/p>\n<\/li>\n<li class=\"\" data-start=\"1349\" data-end=\"1374\">\n<p class=\"\" data-start=\"1351\" data-end=\"1374\">2\u00d7 380W solpanel<\/p>\n<\/li>\n<li class=\"\" data-start=\"1375\" data-end=\"1399\">\n<p class=\"\" data-start=\"1377\" data-end=\"1399\">Vanddispenser<\/p>\n<\/li>\n<li class=\"\" data-start=\"1400\" data-end=\"1456\">\n<p class=\"\" data-start=\"1402\" data-end=\"1456\">VHF\/UHF radiosenders\u00e6t med tagantenne<\/p>\n<\/li>\n<li class=\"\" data-start=\"1457\" data-end=\"1489\">\n<p class=\"\" data-start=\"1459\" data-end=\"1489\">CBRN-luftfiltreringssystem<\/p>\n<\/li>\n<li class=\"\" data-start=\"1490\" data-end=\"1512\">\n<p class=\"\" data-start=\"1492\" data-end=\"1512\">Lynbeskyttelsessystem<\/p>\n<\/li>\n<li class=\"\" data-start=\"1513\" data-end=\"1531\">\n<p class=\"\" data-start=\"1515\" data-end=\"1531\">Jordforbindelse system<\/p>\n<\/li>\n<li class=\"\" data-start=\"1532\" data-end=\"1597\">\n<p class=\"\" data-start=\"1534\" data-end=\"1597\">Skudsikre vinduer (skjult bag tr\u00e6ribber p\u00e5 alle sider)<\/p>\n<\/li>\n<li class=\"\" data-start=\"1598\" data-end=\"1638\">\n<p class=\"\" data-start=\"1600\" data-end=\"1638\">Ventilations\u00e5bninger med eksplosionsbeskyttelse<\/p>\n<\/li>\n<\/ul>\n<p data-start=\"2220\" data-end=\"2441\">","protected":false},"excerpt":{"rendered":"<p class=\"\" data-start=\"92\" data-end=\"247\"><strong>KIBO fritst\u00e5ende overd\u00e6kning<\/strong> er et pr\u00e6fabrikeret, transportabelt og brugsklart overd\u00e6kningsrum til private eller kommercielle lokaler med eksplosions-, ballistisk-, indbruds- og CBRN-beskyttelse.<\/p>\n<p class=\"\" data-start=\"249\" data-end=\"451\">Baseret p\u00e5 \u00e5rtiers erfaring inden for sikkerhed og civilbeskyttelse pr\u00e6senterer Atmas og KIBO en ny og revolutionerende l\u00f8sning, der er designet til at beskytte mennesker i b\u00e5de private og kommercielle ejendomme.<\/p>\n<h3 class=\"\" data-start=\"827\" data-end=\"853\"><strong data-start=\"831\" data-end=\"853\">Specifikationer:<\/strong><\/h3>\n<ul data-start=\"855\" data-end=\"1008\">\n<li class=\"\" data-start=\"855\" data-end=\"949\">\n<p class=\"\" data-start=\"857\" data-end=\"949\"><strong data-start=\"857\" data-end=\"873\">Udvendige dimensioner:<\/strong> 2,00 m x 4,00 m x 2,25 m (h\u00f8jde)<br data-start=\"907\" data-end=\"910\" \/><em data-start=\"912\" data-end=\"947\">(andre st\u00f8rrelser f\u00e5s p\u00e5 foresp\u00f8rgsel)<\/em><\/p>\n<\/li>\n<li class=\"\" data-start=\"950\" data-end=\"972\">\n<p class=\"\" data-start=\"952\" data-end=\"972\"><strong data-start=\"952\" data-end=\"961\">V\u00e6gt:<\/strong> 7.500 kg<\/p>\n<\/li>\n<li class=\"\" data-start=\"973\" data-end=\"1008\">\n<p class=\"\" data-start=\"975\" data-end=\"1008\"><strong data-start=\"975\" data-end=\"989\">Kapacitet:<\/strong> 5-6 voksne<\/p>\n<\/li>\n<\/ul>\n<h3 class=\"\" data-start=\"1015\" data-end=\"1034\"><strong data-start=\"1019\" data-end=\"1034\">Beskyttelsesniveau:<\/strong><\/h3>\n<ul data-start=\"1036\" data-end=\"1220\">\n<li class=\"\" data-start=\"1036\" data-end=\"1122\">\n<p class=\"\" data-start=\"1038\" data-end=\"1122\"><strong data-start=\"1038\" data-end=\"1062\">Ballistisk beskyttelse:<\/strong> mindst UL 752 niveau 10 (kan modst\u00e5 12,7\u00d799 mm FMJ-ammunition)<\/p>\n<\/li>\n<li class=\"\" data-start=\"1123\" data-end=\"1171\">\n<p class=\"\" data-start=\"1125\" data-end=\"1171\"><strong data-start=\"1125\" data-end=\"1145\">Eksplosionsbeskyttelse:<\/strong> Mindst 3 psi @ 100 ms<\/p>\n<\/li>\n<li class=\"\" data-start=\"1172\" data-end=\"1220\">\n<p class=\"\" data-start=\"1174\" data-end=\"1220\"><strong data-start=\"1174\" data-end=\"1197\">Beskyttelse mod indbrud:<\/strong> Standard sikkerhedsniveau<\/p>\n<\/li>\n<\/ul>","protected":false},"featured_media":19281,"template":"","meta":[],"product_brand":[203],"product_cat":[167],"product_tag":[],"class_list":{"0":"post-19280","1":"product","2":"type-product","3":"status-publish","4":"has-post-thumbnail","6":"product_brand-kibo","7":"product_cat-varjumiskohad","9":"first","10":"instock","11":"taxable","12":"shipping-taxable","13":"product-type-simple"},"_links":{"self":[{"href":"https:\/\/flameguard.ee\/da\/wp-json\/wp\/v2\/product\/19280","targetHints":{"allow":["GET"]}}],"collection":[{"href":"https:\/\/flameguard.ee\/da\/wp-json\/wp\/v2\/product"}],"about":[{"href":"https:\/\/flameguard.ee\/da\/wp-json\/wp\/v2\/types\/product"}],"version-history":[{"count":2,"href":"https:\/\/flameguard.ee\/da\/wp-json\/wp\/v2\/product\/19280\/revisions"}],"predecessor-version":[{"id":19286,"href":"https:\/\/flameguard.ee\/da\/wp-json\/wp\/v2\/product\/19280\/revisions\/19286"}],"wp:featuredmedia":[{"embeddable":true,"href":"https:\/\/flameguard.ee\/da\/wp-json\/wp\/v2\/media\/19281"}],"wp:attachment":[{"href":"https:\/\/flameguard.ee\/da\/wp-json\/wp\/v2\/media?parent=19280"}],"wp:term":[{"taxonomy":"product_brand","embeddable":true,"href":"https:\/\/flameguard.ee\/da\/wp-json\/wp\/v2\/product_brand?post=19280"},{"taxonomy":"product_cat","embeddable":true,"href":"https:\/\/flameguard.ee\/da\/wp-json\/wp\/v2\/product_cat?post=19280"},{"taxonomy":"product_tag","embeddable":true,"href":"https:\/\/flameguard.ee\/da\/wp-json\/wp\/v2\/product_tag?post=19280"}],"curies":[{"name":"wp","href":"https:\/\/api.w.org\/{rel}","templated":true}]}}