{"id":19287,"date":"2025-05-13T10:43:32","date_gmt":"2025-05-13T07:43:32","guid":{"rendered":"https:\/\/flameguard.ee\/?post_type=product&#038;p=19287"},"modified":"2025-05-13T11:52:07","modified_gmt":"2025-05-13T08:52:07","slug":"soome-tuupi-so1-ja-so2-varjendiuksed","status":"publish","type":"product","link":"https:\/\/flameguard.ee\/da\/product\/finske-so1-og-so2-overdaekningsdore\/","title":{"rendered":"Finske type SO1 og SO2 overd\u00e6kningsd\u00f8re"},"content":{"rendered":"<p data-start=\"715\" data-end=\"741\"><strong data-start=\"719\" data-end=\"741\">Anvendelsesomr\u00e5der:<\/strong><\/p>\n<p class=\"\" data-start=\"2220\" data-end=\"2441\">Ideel til civilforsvarsbeskyttelsesrum, milit\u00e6re faciliteter, n\u00f8dsituationer og kritisk infrastruktur.<\/p>\n<p data-start=\"2220\" data-end=\"2441\">","protected":false},"excerpt":{"rendered":"<p class=\"\" data-start=\"92\" data-end=\"247\">De finske typer SO1 og SO2 er st\u00e6rke metaleksplosions- og gast\u00e6tte beskyttelsesd\u00f8re, hvortil der f\u00e5s splintbeskyttelse som ekstraudstyr. Disse d\u00f8re er designet i overensstemmelse med de finske standarder for beskyttelsesrum til civilforsvaret<\/p>\n<h3 class=\"\" data-start=\"232\" data-end=\"258\"><strong data-start=\"236\" data-end=\"258\">Hovedtr\u00e6k:<\/strong><\/h3>\n<ul>\n<li class=\"\" data-start=\"301\" data-end=\"349\">\n<p class=\"\" data-start=\"303\" data-end=\"349\">Opfyld kravene i finske civilforsvarsbestemmelser<\/p>\n<\/li>\n<li class=\"\" data-start=\"350\" data-end=\"489\">\n<p class=\"\" data-start=\"352\" data-end=\"489\">D\u00f8rbladet er lavet af en enkeltlags metalplade med en tykkelse p\u00e5 20 mm eller 30 mm (valgfrit \u2013 andre varianter er mulige p\u00e5 foresp\u00f8rgsel)<\/p>\n<\/li>\n<li class=\"\" data-start=\"490\" data-end=\"596\">\n<p class=\"\" data-start=\"492\" data-end=\"596\">Standard dimensioner: <strong data-start=\"508\" data-end=\"523\">900\u00d72000 mm<\/strong> og <strong data-start=\"527\" data-end=\"543\">1200\u00d72000 mm<\/strong> (kan ogs\u00e5 laves i de m\u00e5l, som kunden \u00f8nsker)<\/p>\n<\/li>\n<li class=\"\" data-start=\"597\" data-end=\"704\">\n<p class=\"\" data-start=\"599\" data-end=\"704\">Strukturen t\u00e5ler <strong data-start=\"620\" data-end=\"641\">200 kN\/m\u00b2 (2 bar)<\/strong> eksplosionsb\u00f8lgetryk i overensstemmelse med finske beskyttelsesrumsstandarder<\/p>\n<\/li>\n<li class=\"\" data-start=\"705\" data-end=\"774\">\n<p class=\"\" data-start=\"707\" data-end=\"774\">H\u00e6ngsler og l\u00e5semekanisme kan modst\u00e5 eksplosive kr\u00e6fter og tilbageslag<\/p>\n<\/li>\n<li class=\"\" data-start=\"775\" data-end=\"871\">\n<p class=\"\" data-start=\"777\" data-end=\"871\">Der er tilf\u00f8jet st\u00f8dsk\u00e6rme til d\u00f8ren, hvilket g\u00f8r den holdbar op til <strong data-start=\"845\" data-end=\"853\">30 g<\/strong> st\u00f8dbelastninger<\/p>\n<\/li>\n<li class=\"\" data-start=\"872\" data-end=\"989\">\n<p class=\"\" data-start=\"874\" data-end=\"989\">D\u00f8ren er lukket <strong data-start=\"890\" data-end=\"905\">gas-t\u00e6t<\/strong>, for at forhindre indtr\u00e6ngen af farlige gasser og for at g\u00f8re det muligt at <strong data-start=\"971\" data-end=\"987\">overtryk<\/strong><\/p>\n<\/li>\n<li class=\"\" data-start=\"990\" data-end=\"1129\">\n<p class=\"\" data-start=\"992\" data-end=\"1129\">Valgfri <strong data-start=\"1003\" data-end=\"1018\">Splint beskyttelse<\/strong> SO-1S-model med et d\u00f8rblad p\u00e5 mindst <strong data-start=\"1061\" data-end=\"1070\">30 mm<\/strong> tyk (sammenlignet med standardtykkelsen p\u00e5 20 mm p\u00e5 SO-1-modellen)<\/p>\n<\/li>\n<li class=\"\" data-start=\"1130\" data-end=\"1258\">\n<p class=\"\" data-start=\"1132\" data-end=\"1258\">D\u00f8rkarmen er designet til st\u00f8bning som standard <strong data-start=\"1174\" data-end=\"1207\">300 mm tyk betonv\u00e6g<\/strong>, men kan ogs\u00e5 tilpasses tykkere v\u00e6gge<\/p>\n<\/li>\n<\/ul>","protected":false},"featured_media":19288,"template":"","meta":[],"product_brand":[],"product_cat":[167],"product_tag":[],"class_list":{"0":"post-19287","1":"product","2":"type-product","3":"status-publish","4":"has-post-thumbnail","6":"product_cat-varjumiskohad","8":"first","9":"instock","10":"taxable","11":"shipping-taxable","12":"product-type-simple"},"_links":{"self":[{"href":"https:\/\/flameguard.ee\/da\/wp-json\/wp\/v2\/product\/19287","targetHints":{"allow":["GET"]}}],"collection":[{"href":"https:\/\/flameguard.ee\/da\/wp-json\/wp\/v2\/product"}],"about":[{"href":"https:\/\/flameguard.ee\/da\/wp-json\/wp\/v2\/types\/product"}],"version-history":[{"count":1,"href":"https:\/\/flameguard.ee\/da\/wp-json\/wp\/v2\/product\/19287\/revisions"}],"predecessor-version":[{"id":19289,"href":"https:\/\/flameguard.ee\/da\/wp-json\/wp\/v2\/product\/19287\/revisions\/19289"}],"wp:featuredmedia":[{"embeddable":true,"href":"https:\/\/flameguard.ee\/da\/wp-json\/wp\/v2\/media\/19288"}],"wp:attachment":[{"href":"https:\/\/flameguard.ee\/da\/wp-json\/wp\/v2\/media?parent=19287"}],"wp:term":[{"taxonomy":"product_brand","embeddable":true,"href":"https:\/\/flameguard.ee\/da\/wp-json\/wp\/v2\/product_brand?post=19287"},{"taxonomy":"product_cat","embeddable":true,"href":"https:\/\/flameguard.ee\/da\/wp-json\/wp\/v2\/product_cat?post=19287"},{"taxonomy":"product_tag","embeddable":true,"href":"https:\/\/flameguard.ee\/da\/wp-json\/wp\/v2\/product_tag?post=19287"}],"curies":[{"name":"wp","href":"https:\/\/api.w.org\/{rel}","templated":true}]}}