{"id":19290,"date":"2025-05-13T10:53:18","date_gmt":"2025-05-13T07:53:18","guid":{"rendered":"https:\/\/flameguard.ee\/?post_type=product&#038;p=19290"},"modified":"2025-05-13T11:51:59","modified_gmt":"2025-05-13T08:51:59","slug":"ukraina-tuupi-du-varjendiuksed","status":"publish","type":"product","link":"https:\/\/flameguard.ee\/da\/product\/ukraine-type-du-shelter-dore\/","title":{"rendered":"Ukrainske Type DU shelterd\u00f8re"},"content":{"rendered":"<p data-start=\"715\" data-end=\"741\"><strong data-start=\"719\" data-end=\"741\">Anvendelsesomr\u00e5der:<\/strong><\/p>\n<p class=\"\" data-start=\"2220\" data-end=\"2441\">Ideel til civilforsvarsbeskyttelsesrum, milit\u00e6re faciliteter, n\u00f8dsituationer og kritisk infrastruktur.<\/p>\n<ul>\n<li class=\"\" data-start=\"839\" data-end=\"884\">\n<p class=\"\" data-start=\"841\" data-end=\"884\"><strong data-start=\"841\" data-end=\"859\">DU-IV:<\/strong> Kun gast\u00e6t d\u00f8r<\/p>\n<\/li>\n<li class=\"\" data-start=\"885\" data-end=\"966\">\n<p class=\"\" data-start=\"887\" data-end=\"966\"><strong data-start=\"887\" data-end=\"907\">DU-IVR:<\/strong> eksplosions- og gast\u00e6t d\u00f8r (t\u00e5ler tryk op til 100 kPa)<\/p>\n<\/li>\n<li class=\"\" data-start=\"967\" data-end=\"1036\">\n<p class=\"\" data-start=\"969\" data-end=\"1036\"><strong data-start=\"969\" data-end=\"989\">DU-250:<\/strong> Eksplosions- og gast\u00e6t d\u00f8r (op til 250 kPa)<\/p>\n<\/li>\n<li class=\"\" data-start=\"1037\" data-end=\"1106\">\n<p class=\"\" data-start=\"1039\" data-end=\"1106\"><strong data-start=\"1039\" data-end=\"1059\">DU-III:<\/strong> eksplosions- og gast\u00e6t d\u00f8r (op til 440 kPa)<\/p>\n<\/li>\n<li class=\"\" data-start=\"1107\" data-end=\"1172\">\n<p class=\"\" data-start=\"1109\" data-end=\"1172\"><strong data-start=\"1109\" data-end=\"1125\">DU-I:<\/strong> eksplosions- og gast\u00e6t d\u00f8r (op til 900 kPa)<\/p>\n<\/li>\n<li class=\"\" data-start=\"1173\" data-end=\"1232\">\n<p class=\"\" data-start=\"1175\" data-end=\"1232\"><strong data-start=\"1175\" data-end=\"1200\">Skr\u00e6ddersyede l\u00f8sninger<\/strong>, baseret p\u00e5 d\u00f8re af DU-typen<\/p>\n<\/li>\n<\/ul>\n<p data-start=\"2220\" data-end=\"2441\">","protected":false},"excerpt":{"rendered":"<p class=\"\" data-start=\"92\" data-end=\"247\">Kraftige eksplosionssikre og gast\u00e6tte d\u00f8re af ukrainsk type, der er velegnede til installation i nye bygninger s\u00e5vel som i eksisterende strukturer. D\u00f8rene er designet i overensstemmelse med moderne konstruktionsstandarder for ukrainske beskyttelsesrum til civilforsvaret og kan ogs\u00e5 tilpasses for at give yderligere ballistisk beskyttelse.<\/p>\n<h3 class=\"\" data-start=\"232\" data-end=\"258\"><strong data-start=\"236\" data-end=\"258\">Hovedtr\u00e6k:<\/strong><\/h3>\n<ul>\n<li class=\"\" data-start=\"429\" data-end=\"527\">\n<p class=\"\" data-start=\"431\" data-end=\"527\"><strong data-start=\"431\" data-end=\"466\">Robust design<\/strong>, som kan modst\u00e5 h\u00f8je trykbelastninger takket v\u00e6re indvendige forst\u00e6rkninger<\/p>\n<\/li>\n<li class=\"\" data-start=\"528\" data-end=\"615\">\n<p class=\"\" data-start=\"530\" data-end=\"615\"><strong data-start=\"530\" data-end=\"549\">Standard dimensioner:<\/strong> 900\u00d72000 mm, 1200\u00d72000 mm, 800\u00d71800 mm; f\u00e5s ogs\u00e5 i specialst\u00f8rrelser<\/p>\n<\/li>\n<li class=\"\" data-start=\"616\" data-end=\"731\">\n<p class=\"\" data-start=\"618\" data-end=\"731\"><strong data-start=\"618\" data-end=\"642\">Specielt formet d\u00f8rkarm<\/strong> giver mulighed for nem installation i eksisterende \u00e5bninger eller forudinstallerede rammer<\/p>\n<\/li>\n<li class=\"\" data-start=\"732\" data-end=\"806\">\n<p class=\"\" data-start=\"734\" data-end=\"806\"><strong data-start=\"734\" data-end=\"758\">Patenteret design<\/strong> Sikrer god vedligeholdelse selv efter installation<\/p>\n<\/li>\n<\/ul>","protected":false},"featured_media":19293,"template":"","meta":[],"product_brand":[],"product_cat":[167],"product_tag":[],"class_list":{"0":"post-19290","1":"product","2":"type-product","3":"status-publish","4":"has-post-thumbnail","6":"product_cat-varjumiskohad","8":"first","9":"instock","10":"taxable","11":"shipping-taxable","12":"product-type-simple"},"_links":{"self":[{"href":"https:\/\/flameguard.ee\/da\/wp-json\/wp\/v2\/product\/19290","targetHints":{"allow":["GET"]}}],"collection":[{"href":"https:\/\/flameguard.ee\/da\/wp-json\/wp\/v2\/product"}],"about":[{"href":"https:\/\/flameguard.ee\/da\/wp-json\/wp\/v2\/types\/product"}],"version-history":[{"count":1,"href":"https:\/\/flameguard.ee\/da\/wp-json\/wp\/v2\/product\/19290\/revisions"}],"predecessor-version":[{"id":19294,"href":"https:\/\/flameguard.ee\/da\/wp-json\/wp\/v2\/product\/19290\/revisions\/19294"}],"wp:featuredmedia":[{"embeddable":true,"href":"https:\/\/flameguard.ee\/da\/wp-json\/wp\/v2\/media\/19293"}],"wp:attachment":[{"href":"https:\/\/flameguard.ee\/da\/wp-json\/wp\/v2\/media?parent=19290"}],"wp:term":[{"taxonomy":"product_brand","embeddable":true,"href":"https:\/\/flameguard.ee\/da\/wp-json\/wp\/v2\/product_brand?post=19290"},{"taxonomy":"product_cat","embeddable":true,"href":"https:\/\/flameguard.ee\/da\/wp-json\/wp\/v2\/product_cat?post=19290"},{"taxonomy":"product_tag","embeddable":true,"href":"https:\/\/flameguard.ee\/da\/wp-json\/wp\/v2\/product_tag?post=19290"}],"curies":[{"name":"wp","href":"https:\/\/api.w.org\/{rel}","templated":true}]}}