{"id":19302,"date":"2025-05-13T11:08:00","date_gmt":"2025-05-13T08:08:00","guid":{"rendered":"https:\/\/flameguard.ee\/?post_type=product&#038;p=19302"},"modified":"2025-05-13T11:51:54","modified_gmt":"2025-05-13T08:51:54","slug":"iisraeli-m-tuupi-du-varjendiuksed","status":"publish","type":"product","link":"https:\/\/flameguard.ee\/da\/product\/israelsk-m-type-du-shelter-dore\/","title":{"rendered":"Israel Type M DU Shelter D\u00f8re"},"content":{"rendered":"<p data-start=\"715\" data-end=\"741\"><strong data-start=\"719\" data-end=\"741\">Anvendelsesomr\u00e5der:<\/strong><\/p>\n<p class=\"\" data-start=\"2220\" data-end=\"2441\">Ideel til civilforsvarsbeskyttelsesrum, milit\u00e6re faciliteter, n\u00f8dsituationer og kritisk infrastruktur.<\/p>\n<ul>\n<li class=\"\" data-start=\"1044\" data-end=\"1128\">\n<p class=\"\" data-start=\"1046\" data-end=\"1128\"><strong data-start=\"1046\" data-end=\"1052\">MD<\/strong> \u2013 Letv\u00e6gts eksplosions- og gast\u00e6t d\u00f8r til boliger\/sikkerhedsrum<\/p>\n<\/li>\n<li class=\"\" data-start=\"1129\" data-end=\"1246\">\n<p class=\"\" data-start=\"1131\" data-end=\"1246\"><strong data-start=\"1131\" data-end=\"1138\">MDR<\/strong> \u2013 eksplosions- og gast\u00e6t d\u00f8r til beskyttelsesrum\/sikkerhedsrum <strong data-start=\"1208\" data-end=\"1244\">Med 15 mm st\u00e5lplade til splintbeskyttelse<\/strong><\/p>\n<\/li>\n<li class=\"\" data-start=\"1247\" data-end=\"1342\">\n<p class=\"\" data-start=\"1249\" data-end=\"1342\"><strong data-start=\"1249\" data-end=\"1256\">MMH<\/strong> \u2013 St\u00e6rk eksplosions- og gast\u00e6t d\u00f8r til civilforsvarets beskyttelsesrum og forsvarsrum<\/p>\n<\/li>\n<li class=\"\" data-start=\"1343\" data-end=\"1479\">\n<p class=\"\" data-start=\"1345\" data-end=\"1479\"><strong data-start=\"1345\" data-end=\"1352\">MFR<\/strong> \u2013 kraftig eksplosions-, gas- og splintsikker d\u00f8r med et d\u00f8rblad lavet af <strong data-start=\"1436\" data-end=\"1479\">25 mm eller 32 mm tyk st\u00e5lplade<\/strong><\/p>\n<\/li>\n<\/ul>","protected":false},"excerpt":{"rendered":"<p class=\"\" data-start=\"92\" data-end=\"247\">Israels beskyttelsesrum Standard <strong data-start=\"144\" data-end=\"155\">SI 4422<\/strong> Definerer specifikationerne og egenskaberne for beskyttelsesrumsd\u00f8re til boliger, civilforsvarsbeskyttelsesrum, bunkere og andre beskyttede rum. D\u00f8re findes i en r\u00e6kke forskellige former: fra letv\u00e6gtsd\u00f8re til sikkerhedsrum til kraftige sikkerhedsd\u00f8re, der kan modst\u00e5 h\u00f8je eksplosionstryk og tilbyder gast\u00e6thed, ballistisk beskyttelse og splintbeskyttelse, indbrudsmodstand og brandmodstand. Alle d\u00f8re er <strong data-start=\"550\" data-end=\"627\">testet med virkelige eksplosioner og godkendt af den israelske centrale civilforsvarskommando<\/strong> (Kommando Hjemfront).<\/p>\n<h3 class=\"\" data-start=\"232\" data-end=\"258\"><strong data-start=\"236\" data-end=\"258\">Hovedtr\u00e6k:<\/strong><\/h3>\n<ul>\n<li class=\"\" data-start=\"685\" data-end=\"762\">\n<p class=\"\" data-start=\"687\" data-end=\"762\">Certificeret og testet i henhold til <strong data-start=\"726\" data-end=\"762\">national standard SI 4422<\/strong><\/p>\n<\/li>\n<li class=\"\" data-start=\"763\" data-end=\"884\">\n<p class=\"\" data-start=\"765\" data-end=\"884\">Bredt udvalg: <strong data-start=\"776\" data-end=\"834\">Letv\u00e6gts l\u00e6d\u00f8re til beboelsesejendomme til tunge spr\u00e6ngningsporte<\/strong> Bunkere af regerings- eller strategiske objekter<\/p>\n<\/li>\n<li class=\"\" data-start=\"885\" data-end=\"998\">\n<p class=\"\" data-start=\"887\" data-end=\"998\">De fleste modeller har <strong data-start=\"909\" data-end=\"960\">Det er muligt at installere en ekstra brand- eller sikkerhedsd\u00f8r<\/strong> med eksplosions- og gast\u00e6t d\u00f8r<\/p>\n<\/li>\n<\/ul>","protected":false},"featured_media":19303,"template":"","meta":[],"product_brand":[],"product_cat":[167],"product_tag":[],"class_list":{"0":"post-19302","1":"product","2":"type-product","3":"status-publish","4":"has-post-thumbnail","6":"product_cat-varjumiskohad","8":"first","9":"instock","10":"taxable","11":"shipping-taxable","12":"product-type-simple"},"_links":{"self":[{"href":"https:\/\/flameguard.ee\/da\/wp-json\/wp\/v2\/product\/19302","targetHints":{"allow":["GET"]}}],"collection":[{"href":"https:\/\/flameguard.ee\/da\/wp-json\/wp\/v2\/product"}],"about":[{"href":"https:\/\/flameguard.ee\/da\/wp-json\/wp\/v2\/types\/product"}],"version-history":[{"count":1,"href":"https:\/\/flameguard.ee\/da\/wp-json\/wp\/v2\/product\/19302\/revisions"}],"predecessor-version":[{"id":19306,"href":"https:\/\/flameguard.ee\/da\/wp-json\/wp\/v2\/product\/19302\/revisions\/19306"}],"wp:featuredmedia":[{"embeddable":true,"href":"https:\/\/flameguard.ee\/da\/wp-json\/wp\/v2\/media\/19303"}],"wp:attachment":[{"href":"https:\/\/flameguard.ee\/da\/wp-json\/wp\/v2\/media?parent=19302"}],"wp:term":[{"taxonomy":"product_brand","embeddable":true,"href":"https:\/\/flameguard.ee\/da\/wp-json\/wp\/v2\/product_brand?post=19302"},{"taxonomy":"product_cat","embeddable":true,"href":"https:\/\/flameguard.ee\/da\/wp-json\/wp\/v2\/product_cat?post=19302"},{"taxonomy":"product_tag","embeddable":true,"href":"https:\/\/flameguard.ee\/da\/wp-json\/wp\/v2\/product_tag?post=19302"}],"curies":[{"name":"wp","href":"https:\/\/api.w.org\/{rel}","templated":true}]}}