{"id":19307,"date":"2025-05-13T11:17:08","date_gmt":"2025-05-13T08:17:08","guid":{"rendered":"https:\/\/flameguard.ee\/?post_type=product&#038;p=19307"},"modified":"2025-05-13T11:57:41","modified_gmt":"2025-05-13T08:57:41","slug":"eritellimusega-valmistatud-varjendiuksed","status":"publish","type":"product","link":"https:\/\/flameguard.ee\/da\/product\/specialfremstillede-overdaekningsdore\/","title":{"rendered":"Skr\u00e6ddersyede overd\u00e6kningsd\u00f8re"},"content":{"rendered":"<p data-start=\"715\" data-end=\"741\"><strong data-start=\"719\" data-end=\"741\">Anvendelsesomr\u00e5der:<\/strong><\/p>\n<p class=\"\" data-start=\"2220\" data-end=\"2441\">Ideel til civilforsvarsbeskyttelsesrum, milit\u00e6re faciliteter, n\u00f8d- og kritisk infrastruktur, ambassader, regeringsbygninger, andre h\u00f8jsikkerhedsobjekter<\/p>\n<p>&nbsp;<\/p>","protected":false},"excerpt":{"rendered":"<p class=\"\" data-start=\"92\" data-end=\"247\"><strong data-start=\"30\" data-end=\"76\">Skr\u00e6ddersyede overd\u00e6kningsd\u00f8re<\/strong>, som er udformet til at opfylde specifikke sikkerheds- og driftskrav i beskyttelsesrum, offentlige bygninger og industrianl\u00e6g. Disse d\u00f8re er designet til at <strong data-start=\"218\" data-end=\"248\">med maksimal fleksibilitet<\/strong>, hvilket giver mulighed for en bred vifte af tilpasningsmuligheder, der passer til de unikke behov i hvert projekt.<\/p>\n<h3 class=\"\" data-start=\"232\" data-end=\"258\"><strong data-start=\"236\" data-end=\"258\">Hovedtr\u00e6k:<\/strong><\/h3>\n<ul>\n<li class=\"\" data-start=\"376\" data-end=\"451\">\n<p class=\"\" data-start=\"378\" data-end=\"451\"><strong data-start=\"378\" data-end=\"421\">Brugerdefinerede dimensioner og specifikationer<\/strong> i henhold til projektets krav<\/p>\n<\/li>\n<li class=\"\" data-start=\"452\" data-end=\"523\">\n<p class=\"\" data-start=\"454\" data-end=\"523\"><strong data-start=\"454\" data-end=\"489\">Manuel eller elektrisk \u00e5bning<\/strong>, afh\u00e6ngigt af installationsmilj\u00f8et<\/p>\n<\/li>\n<li class=\"\" data-start=\"524\" data-end=\"590\">\n<p class=\"\" data-start=\"526\" data-end=\"590\"><strong data-start=\"526\" data-end=\"558\">Avancerede l\u00e5semekanismer<\/strong> for bedre sikkerhed<\/p>\n<\/li>\n<li class=\"\" data-start=\"591\" data-end=\"651\">\n<p class=\"\" data-start=\"593\" data-end=\"651\"><strong data-start=\"593\" data-end=\"608\">Specielle designs<\/strong> skadestuer og sikre rum<\/p>\n<\/li>\n<\/ul>","protected":false},"featured_media":19308,"template":"","meta":[],"product_brand":[],"product_cat":[167],"product_tag":[],"class_list":{"0":"post-19307","1":"product","2":"type-product","3":"status-publish","4":"has-post-thumbnail","6":"product_cat-varjumiskohad","8":"first","9":"instock","10":"taxable","11":"shipping-taxable","12":"product-type-simple"},"_links":{"self":[{"href":"https:\/\/flameguard.ee\/da\/wp-json\/wp\/v2\/product\/19307","targetHints":{"allow":["GET"]}}],"collection":[{"href":"https:\/\/flameguard.ee\/da\/wp-json\/wp\/v2\/product"}],"about":[{"href":"https:\/\/flameguard.ee\/da\/wp-json\/wp\/v2\/types\/product"}],"version-history":[{"count":3,"href":"https:\/\/flameguard.ee\/da\/wp-json\/wp\/v2\/product\/19307\/revisions"}],"predecessor-version":[{"id":19320,"href":"https:\/\/flameguard.ee\/da\/wp-json\/wp\/v2\/product\/19307\/revisions\/19320"}],"wp:featuredmedia":[{"embeddable":true,"href":"https:\/\/flameguard.ee\/da\/wp-json\/wp\/v2\/media\/19308"}],"wp:attachment":[{"href":"https:\/\/flameguard.ee\/da\/wp-json\/wp\/v2\/media?parent=19307"}],"wp:term":[{"taxonomy":"product_brand","embeddable":true,"href":"https:\/\/flameguard.ee\/da\/wp-json\/wp\/v2\/product_brand?post=19307"},{"taxonomy":"product_cat","embeddable":true,"href":"https:\/\/flameguard.ee\/da\/wp-json\/wp\/v2\/product_cat?post=19307"},{"taxonomy":"product_tag","embeddable":true,"href":"https:\/\/flameguard.ee\/da\/wp-json\/wp\/v2\/product_tag?post=19307"}],"curies":[{"name":"wp","href":"https:\/\/api.w.org\/{rel}","templated":true}]}}