{"id":19315,"date":"2025-05-13T11:48:24","date_gmt":"2025-05-13T08:48:24","guid":{"rendered":"https:\/\/flameguard.ee\/?post_type=product&#038;p=19315"},"modified":"2025-05-13T11:53:50","modified_gmt":"2025-05-13T08:53:50","slug":"plahvatus-ja-gaasikindlad-hadaevakuatsiooni-luugid","status":"publish","type":"product","link":"https:\/\/flameguard.ee\/da\/product\/eksplosions-og-gastaette-nodevakueringsluger\/","title":{"rendered":"Eksplosions- og gast\u00e6tte n\u00f8devakueringsluger"},"content":{"rendered":"<p data-start=\"715\" data-end=\"741\"><strong data-start=\"719\" data-end=\"741\">Anvendelsesomr\u00e5der:<\/strong><\/p>\n<p class=\"\" data-start=\"2220\" data-end=\"2441\">Ideel til civilforsvarsbeskyttelsesrum, milit\u00e6re faciliteter, n\u00f8d- og kritisk infrastruktur, industrianl\u00e6g, andre h\u00f8jsikkerhedsobjekter<\/p>\n<p data-start=\"2220\" data-end=\"2441\">\n<p data-start=\"2220\" data-end=\"2441\">\n<p>&nbsp;<\/p>","protected":false},"excerpt":{"rendered":"<p class=\"\" data-start=\"92\" data-end=\"247\"><strong data-start=\"55\" data-end=\"110\">Eksplosions- og gast\u00e6tte n\u00f8devakueringsluger<\/strong> er udformet med henblik p\u00e5 at sikre flugtveje i krisesituationer. Disse luger er <strong data-start=\"197\" data-end=\"225\">Livreddende komponenter<\/strong> sikre rum, der sikrer en hurtig og sikker udgang selv under de mest ekstreme forhold.<\/p>\n<h3 class=\"\" data-start=\"232\" data-end=\"258\"><strong data-start=\"236\" data-end=\"258\">Hovedtr\u00e6k:<\/strong><\/h3>\n<ul>\n<li class=\"\" data-start=\"352\" data-end=\"433\">\n<p class=\"\" data-start=\"354\" data-end=\"433\"><strong data-start=\"354\" data-end=\"396\">Forst\u00e6rkede rammer og l\u00e5sesystemer<\/strong> for maksimal sikkerhed<\/p>\n<\/li>\n<li class=\"\" data-start=\"434\" data-end=\"521\">\n<p class=\"\" data-start=\"436\" data-end=\"521\"><strong data-start=\"436\" data-end=\"473\">Mekanismer, der er nemme at h\u00e5ndtere<\/strong>, som giver mulighed for hurtig \u00e5bning i n\u00f8dstilf\u00e6lde<\/p>\n<\/li>\n<li class=\"\" data-start=\"522\" data-end=\"616\">\n<p class=\"\" data-start=\"524\" data-end=\"616\"><strong data-start=\"524\" data-end=\"549\">Gast\u00e6tte t\u00e6tninger<\/strong>, der forhindrer indtr\u00e6ngen af forurenet luft, kemikalier eller r\u00f8g<\/p>\n<\/li>\n<li class=\"\" data-start=\"617\" data-end=\"715\">\n<p class=\"\" data-start=\"619\" data-end=\"715\"><strong data-start=\"619\" data-end=\"644\">H\u00f8j overtrykstolerance<\/strong> og modstandsdygtighed over for ekstreme vejr- og milj\u00f8forhold<\/p>\n<\/li>\n<\/ul>","protected":false},"featured_media":19316,"template":"","meta":[],"product_brand":[],"product_cat":[167],"product_tag":[],"class_list":{"0":"post-19315","1":"product","2":"type-product","3":"status-publish","4":"has-post-thumbnail","6":"product_cat-varjumiskohad","8":"first","9":"instock","10":"taxable","11":"shipping-taxable","12":"product-type-simple"},"_links":{"self":[{"href":"https:\/\/flameguard.ee\/da\/wp-json\/wp\/v2\/product\/19315","targetHints":{"allow":["GET"]}}],"collection":[{"href":"https:\/\/flameguard.ee\/da\/wp-json\/wp\/v2\/product"}],"about":[{"href":"https:\/\/flameguard.ee\/da\/wp-json\/wp\/v2\/types\/product"}],"version-history":[{"count":1,"href":"https:\/\/flameguard.ee\/da\/wp-json\/wp\/v2\/product\/19315\/revisions"}],"predecessor-version":[{"id":19319,"href":"https:\/\/flameguard.ee\/da\/wp-json\/wp\/v2\/product\/19315\/revisions\/19319"}],"wp:featuredmedia":[{"embeddable":true,"href":"https:\/\/flameguard.ee\/da\/wp-json\/wp\/v2\/media\/19316"}],"wp:attachment":[{"href":"https:\/\/flameguard.ee\/da\/wp-json\/wp\/v2\/media?parent=19315"}],"wp:term":[{"taxonomy":"product_brand","embeddable":true,"href":"https:\/\/flameguard.ee\/da\/wp-json\/wp\/v2\/product_brand?post=19315"},{"taxonomy":"product_cat","embeddable":true,"href":"https:\/\/flameguard.ee\/da\/wp-json\/wp\/v2\/product_cat?post=19315"},{"taxonomy":"product_tag","embeddable":true,"href":"https:\/\/flameguard.ee\/da\/wp-json\/wp\/v2\/product_tag?post=19315"}],"curies":[{"name":"wp","href":"https:\/\/api.w.org\/{rel}","templated":true}]}}